{"id":35113,"date":"2025-08-29T12:54:32","date_gmt":"2025-08-29T12:54:32","guid":{"rendered":"https:\/\/alfaomega.tv\/librarie\/?post_type=product&#038;p=35113"},"modified":"2025-09-01T08:54:44","modified_gmt":"2025-09-01T08:54:44","slug":"rugaciunea-inflacarata","status":"publish","type":"product","link":"https:\/\/alfaomega.tv\/librarie\/produse\/rugaciune-mijlocire\/rugaciunea-inflacarata\/","title":{"rendered":"Rug\u0103ciunea \u00eenfl\u0103c\u0103rat\u0103"},"content":{"rendered":"<\/p>\n<p>Titlul original: &#8222;Effective Fervent Prayer&#8221; <\/p>\n<p>In aceasta carte Michael Kimuli comprima principiile cheie ale rugaciunii intr-un rezumat simplu, dar in acelasi timp puternic, care cu siguranta va face o diferenta in viata celor care doresc sa se roage mai eficient.<\/p>\n<\/p>\n<p>CUPRINS <br \/>CAPITOLUL 1 DE CE RUGACIUNEA? <br \/>CAPITOLUL 2 CEREREA <br \/>CAPITOLUL 3 CAUTAREA <br \/>CAPITOLUL 4 A BATE <br \/>CAPITOLUL 5 PIEDICI INSPRE O PUTERNICA VIATA DE RUGACIUNE<\/p>\n<\/p>\n<p>Autor: Michael Kimuli<\/p>\n<p>Editura: Alfa Omega Publishing<\/p>\n<p>Numar de pagini: 47<\/p><\/p>\n","protected":false},"excerpt":{"rendered":"<p>In aceasta carte Michael Kimuli comprima principiile cheie ale rugaciunii intr-un rezumat simplu, dar in acelasi timp puternic, care cu siguranta va face o diferenta in viata celor care doresc sa se roage mai eficient.<\/p>\n","protected":false},"featured_media":8648,"template":"","meta":{"_acf_changed":false},"product_brand":[],"product_cat":[22],"product_tag":[],"class_list":{"0":"post-35113","1":"product","2":"type-product","3":"status-publish","4":"has-post-thumbnail","6":"product_cat-rugaciune-mijlocire","7":"pa_autori-michael-kimuli","8":"pa_format-carte-tiparita","9":"pa_format-carte-electronica","11":"first","12":"instock","13":"shipping-taxable","14":"purchasable","15":"product-type-variable"},"acf":[],"_links":{"self":[{"href":"https:\/\/alfaomega.tv\/librarie\/wp-json\/wp\/v2\/product\/35113","targetHints":{"allow":["GET"]}}],"collection":[{"href":"https:\/\/alfaomega.tv\/librarie\/wp-json\/wp\/v2\/product"}],"about":[{"href":"https:\/\/alfaomega.tv\/librarie\/wp-json\/wp\/v2\/types\/product"}],"wp:featuredmedia":[{"embeddable":true,"href":"https:\/\/alfaomega.tv\/librarie\/wp-json\/wp\/v2\/media\/8648"}],"wp:attachment":[{"href":"https:\/\/alfaomega.tv\/librarie\/wp-json\/wp\/v2\/media?parent=35113"}],"wp:term":[{"taxonomy":"product_brand","embeddable":true,"href":"https:\/\/alfaomega.tv\/librarie\/wp-json\/wp\/v2\/product_brand?post=35113"},{"taxonomy":"product_cat","embeddable":true,"href":"https:\/\/alfaomega.tv\/librarie\/wp-json\/wp\/v2\/product_cat?post=35113"},{"taxonomy":"product_tag","embeddable":true,"href":"https:\/\/alfaomega.tv\/librarie\/wp-json\/wp\/v2\/product_tag?post=35113"}],"curies":[{"name":"wp","href":"https:\/\/api.w.org\/{rel}","templated":true}]}}