{"id":35121,"date":"2025-08-29T12:54:33","date_gmt":"2025-08-29T12:54:33","guid":{"rendered":"https:\/\/alfaomega.tv\/librarie\/?post_type=product&#038;p=35121"},"modified":"2026-03-11T13:50:41","modified_gmt":"2026-03-11T13:50:41","slug":"iubitul-ranit","status":"publish","type":"product","link":"https:\/\/alfaomega.tv\/librarie\/produse\/intelegerea-vremurilor-israel\/iubitul-ranit\/","title":{"rendered":"Iubitul r\u0103nit"},"content":{"rendered":"<p data-start=\"122\" data-end=\"320\">Aceast\u0103 carte explic\u0103 modul \u00een care pute\u021bi deveni un pe\u021bitor plin de mil\u0103 \u00eentre Israel \u0219i iubitul ei r\u0103nit, Domnul Dumnezeu. Pute\u021bi avea un rol privilegiat, esen\u021bial, \u00een \u00eemp\u0103carea lor revolu\u021bionar\u0103!<\/p>\n<p data-start=\"322\" data-end=\"490\">\u201eVoi care aduce\u021bi aminte Domnului de el, nu v\u0103 odihni\u021bi deloc \u0219i nu-i da\u021bi r\u0103gaz, p\u00e2n\u0103 nu va a\u0219eza din nou Ierusalimul \u0219i-l va face o laud\u0103 pe p\u0103m\u00e2nt.\u201d<br data-start=\"473\" data-end=\"476\" \/>(Isaia 62:6\u20137)<\/p>\n<p data-start=\"492\" data-end=\"616\">Cartea de fa\u021b\u0103 prezint\u0103, \u00eentr-un mod tainic \u0219i fascinant, rolul bisericii \u00een restaurarea rela\u021biei dintre Dumnezeu \u0219i Israel.<\/p>\n<p data-start=\"618\" data-end=\"1111\">Christine Darg, autoare \u0219i moderatoare, a scris patru c\u0103r\u021bi \u0219i a produs zeci de documentare. Ea \u0219i so\u021bul ei, Peter, au fondat sucursala de \u0219tiri CBN din Ierusalim \u0219i au lucrat la \u201eTrezirea Africii\u201d timp de cinci ani, al\u0103turi de Reinhard Bonnke. Christine este implicat\u0103 \u00een multe treziri spirituale din Orientul Mijlociu \u0219i duce \u201eCortul \u00cent\u00e2lnirii al lui David\u201d la toate na\u021biunile. Conferin\u021bele ei de rug\u0103ciune \u0219i de mijlocire preg\u0103tesc drumul pentru \u00eemplinirea capitolului al 19-lea din Isaia:<\/p>\n<p data-start=\"1113\" data-end=\"1405\">\u201eTot \u00een vremea aceea, Israel va fi al treilea, unit cu Egiptul \u0219i cu Asiria, ca o binecuv\u00e2ntare \u00een mijlocul p\u0103m\u00e2ntului. Domnul o\u0219tirilor \u00eei va binecuv\u00e2nta \u0219i va zice: \u00abBinecuv\u00e2ntat s\u0103 fie Egiptul, poporul Meu, \u0219i Asiria, lucrarea m\u00e2inilor Mele, \u0219i Israel, mo\u0219tenirea Mea!\u00bb\u201d<br data-start=\"1386\" data-end=\"1389\" \/>(Isaia 19:24\u201325)<\/p>\n","protected":false},"excerpt":{"rendered":"<p>Multi cred ca Yehova a divortat de Israel pentru totdeauna. Dar cuplul despartit, se impaca, conform profetiilor biblice! Cartea de fata prezinta intr-un mod tainic si fascinant, rolul bisericii in restaurarea relatiei dintre Dumnezeu si Israel.<\/p>\n","protected":false},"featured_media":6084,"template":"","meta":{"_acf_changed":false},"product_brand":[],"product_cat":[24],"product_tag":[],"class_list":{"0":"post-35121","1":"product","2":"type-product","3":"status-publish","4":"has-post-thumbnail","6":"product_cat-intelegerea-vremurilor-israel","7":"pa_autori-christine-darg","8":"pa_format-carte-tiparita","9":"pa_format-carte-electronica","11":"first","12":"instock","13":"shipping-taxable","14":"purchasable","15":"product-type-variable"},"acf":[],"_links":{"self":[{"href":"https:\/\/alfaomega.tv\/librarie\/wp-json\/wp\/v2\/product\/35121","targetHints":{"allow":["GET"]}}],"collection":[{"href":"https:\/\/alfaomega.tv\/librarie\/wp-json\/wp\/v2\/product"}],"about":[{"href":"https:\/\/alfaomega.tv\/librarie\/wp-json\/wp\/v2\/types\/product"}],"wp:featuredmedia":[{"embeddable":true,"href":"https:\/\/alfaomega.tv\/librarie\/wp-json\/wp\/v2\/media\/6084"}],"wp:attachment":[{"href":"https:\/\/alfaomega.tv\/librarie\/wp-json\/wp\/v2\/media?parent=35121"}],"wp:term":[{"taxonomy":"product_brand","embeddable":true,"href":"https:\/\/alfaomega.tv\/librarie\/wp-json\/wp\/v2\/product_brand?post=35121"},{"taxonomy":"product_cat","embeddable":true,"href":"https:\/\/alfaomega.tv\/librarie\/wp-json\/wp\/v2\/product_cat?post=35121"},{"taxonomy":"product_tag","embeddable":true,"href":"https:\/\/alfaomega.tv\/librarie\/wp-json\/wp\/v2\/product_tag?post=35121"}],"curies":[{"name":"wp","href":"https:\/\/api.w.org\/{rel}","templated":true}]}}