{"id":35123,"date":"2025-08-29T12:54:33","date_gmt":"2025-08-29T12:54:33","guid":{"rendered":"https:\/\/alfaomega.tv\/librarie\/?post_type=product&#038;p=35123"},"modified":"2026-03-11T14:44:50","modified_gmt":"2026-03-11T14:44:50","slug":"aparitii-cristice-semne-si-minuni-in-lumea-musulmana","status":"publish","type":"product","link":"https:\/\/alfaomega.tv\/librarie\/produse\/intelegerea-vremurilor-israel\/aparitii-cristice-semne-si-minuni-in-lumea-musulmana\/","title":{"rendered":"Apari\u021bii cristice &#8211; semne \u0219i minuni \u00een lumea musulman\u0103"},"content":{"rendered":"<p data-start=\"86\" data-end=\"387\">Christine Darg a auzit \u00eentr-un vis vocea lui Dumnezeu spun\u00e2nd: \u201eMergi!\u201d spre un ora\u0219 arab unde Duhul Sf\u00e2nt dorea s\u0103 aduc\u0103 trezirea. Ea relateaz\u0103 uimitoarele vise \u0219i viziuni pe care i le-a dat Dumnezeu \u0219i \u00eemp\u0103rt\u0103\u0219e\u0219te c\u00e2teva experien\u021be pe care le-a avut \u00een Orientul Mijlociu \u0219i \u00een alte p\u0103r\u021bi ale lumii.<\/p>\n<p data-start=\"389\" data-end=\"494\">Domnul Se arat\u0103 viu mai mult ca oric\u00e2nd, \u00eemplinind astfel profe\u021biile biblice.<br data-start=\"466\" data-end=\"469\" \/>(Faptele Apostolilor 1:3)<\/p>\n<p data-start=\"496\" data-end=\"855\">\u00cens\u0103, deodat\u0103, la \u00eemplinirea vremii, scenariul spiritual al lumii musulmane s-a schimbat. \u00cenaintea Venirii Domnului, Dumnezeu revars\u0103 Duhul S\u0103u Cel Sf\u00e2nt \u00een locurile uscate. El \u00ce\u0219i \u00eempline\u0219te promisiunea f\u0103cut\u0103 lui Avraam \u2014 aceea c\u0103 Ismael va tr\u0103i! Modalit\u0103\u021bile principale prin care Domnul \u00ce\u0219i comunic\u0103 Evanghelia copiilor lui Avraam sunt visele \u0219i vedeniile:<\/p>\n<p data-start=\"857\" data-end=\"1030\">\u201eDup\u0103 aceea, voi turna Duhul Meu peste orice f\u0103ptur\u0103; fiii \u0219i fiicele voastre vor proroci, b\u0103tr\u00e2nii vo\u0219tri vor visa visuri \u0219i tinerii vo\u0219tri vor avea vedenii.\u201d<br data-start=\"1016\" data-end=\"1019\" \/>(Ioel 2:28)<\/p>\n<p data-start=\"1032\" data-end=\"1043\"><strong data-start=\"1032\" data-end=\"1043\">Cuprins<\/strong><\/p>\n<p data-start=\"1045\" data-end=\"1110\">Capitolul 1: \u201eNu prin putere, nici prin for\u021b\u0103, ci prin Duhul Meu\u201d<\/p>\n<p data-start=\"1112\" data-end=\"1148\">Capitolul 2: Miracole \u00een \u021aara Sf\u00e2nt\u0103<\/p>\n<p data-start=\"1150\" data-end=\"1179\">Capitolul 3: Tr\u0103iasc\u0103 Ismael!<\/p>\n<p data-start=\"1181\" data-end=\"1224\">Capitolul 4: Mul\u021bimile \u00een c\u0103utarea lui Isus<\/p>\n<p data-start=\"1226\" data-end=\"1278\">Capitolul 5: Isus vindec\u0103 \u0219i elibereaz\u0103 prin vedenii<\/p>\n<p data-start=\"1280\" data-end=\"1307\">Capitolul 6: Slava \u00een Egipt<\/p>\n<p data-start=\"1309\" data-end=\"1357\">Capitolul 7: Semne \u0219i minuni \u00een Irak \u0219i Iordania<\/p>\n<p data-start=\"1359\" data-end=\"1406\">Capitolul 8: Peripe\u021bii prin intermediul viselor<\/p>\n<p data-start=\"1408\" data-end=\"1441\">Capitolul 9: Isus apare \u00een Arabia<\/p>\n<p data-start=\"1443\" data-end=\"1500\">Capitolul 10: \u00cenv\u0103\u021b\u0103minte din apari\u021bia lui Isus \u00een Arabia<\/p>\n<p data-start=\"1502\" data-end=\"1541\">Capitolul 11: Semne, minuni \u0219i miracole<\/p>\n<p data-start=\"1543\" data-end=\"1595\">Capitolul 12: Cine \u00cel poate auzi pe Dumnezeu \u00een vis?<\/p>\n<p data-start=\"1597\" data-end=\"1673\">Capitolul 13: Cum s\u0103 discernem dac\u0103 o viziune sau un vis este de la Dumnezeu<\/p>\n<p data-start=\"1675\" data-end=\"1697\">Capitolul 14: Trezirea<\/p>\n<p data-start=\"1699\" data-end=\"1758\"><strong data-start=\"1699\" data-end=\"1711\">Editura:<\/strong> Alfa Omega Publishing<br data-start=\"1733\" data-end=\"1736\" \/><strong data-start=\"1736\" data-end=\"1754\">Nr. de pagini:<\/strong> 157<\/p>\n","protected":false},"excerpt":{"rendered":"<p>&#8222;Aparitii cristice&#8221; este o culegere uimitoare de semne si minuni din lumea musulmana, pentru ca Isus continua sa fie acelasi &#8222;ieri, astazi si maine&#8221;. \u00cens\u0103 deodat\u0103, la implinirea vremii, scenariul spiritual al lumii musulmane s-a schimbat. \u00cenaintea Venirii Domnului, Dumnezeu revars\u0103 Duhul S\u0103u Cel Sf\u00e2nt chiar si in locurile uscate.<\/p>\n","protected":false},"featured_media":6086,"template":"","meta":{"_acf_changed":false},"product_brand":[],"product_cat":[24],"product_tag":[],"class_list":{"0":"post-35123","1":"product","2":"type-product","3":"status-publish","4":"has-post-thumbnail","6":"product_cat-intelegerea-vremurilor-israel","7":"pa_autori-christine-darg","8":"pa_format-carte-tiparita","9":"pa_format-carte-electronica","11":"first","12":"instock","13":"shipping-taxable","14":"purchasable","15":"product-type-variable"},"acf":[],"_links":{"self":[{"href":"https:\/\/alfaomega.tv\/librarie\/wp-json\/wp\/v2\/product\/35123","targetHints":{"allow":["GET"]}}],"collection":[{"href":"https:\/\/alfaomega.tv\/librarie\/wp-json\/wp\/v2\/product"}],"about":[{"href":"https:\/\/alfaomega.tv\/librarie\/wp-json\/wp\/v2\/types\/product"}],"wp:featuredmedia":[{"embeddable":true,"href":"https:\/\/alfaomega.tv\/librarie\/wp-json\/wp\/v2\/media\/6086"}],"wp:attachment":[{"href":"https:\/\/alfaomega.tv\/librarie\/wp-json\/wp\/v2\/media?parent=35123"}],"wp:term":[{"taxonomy":"product_brand","embeddable":true,"href":"https:\/\/alfaomega.tv\/librarie\/wp-json\/wp\/v2\/product_brand?post=35123"},{"taxonomy":"product_cat","embeddable":true,"href":"https:\/\/alfaomega.tv\/librarie\/wp-json\/wp\/v2\/product_cat?post=35123"},{"taxonomy":"product_tag","embeddable":true,"href":"https:\/\/alfaomega.tv\/librarie\/wp-json\/wp\/v2\/product_tag?post=35123"}],"curies":[{"name":"wp","href":"https:\/\/api.w.org\/{rel}","templated":true}]}}