{"id":35133,"date":"2025-08-29T12:54:34","date_gmt":"2025-08-29T12:54:34","guid":{"rendered":"https:\/\/alfaomega.tv\/librarie\/?post_type=product&#038;p=35133"},"modified":"2025-09-09T05:37:17","modified_gmt":"2025-09-09T05:37:17","slug":"chemarea-profetica-a-lui-simeon","status":"publish","type":"product","link":"https:\/\/alfaomega.tv\/librarie\/produse\/slujind-trupul-lui-hristos\/chemarea-profetica-a-lui-simeon\/","title":{"rendered":"Chemarea profetic\u0103 a lui Simeon"},"content":{"rendered":"<p>Via\u021ba sa de rug\u0103ciune \u0219i dorin\u021ba arz\u0103toare de a \u00eemplini lucr\u0103rile lui Dumnezeu au c\u00e2nt\u0103rit greu \u00een con\u021binutul acestei c\u0103rti. Sf\u00e2ntul Simeon, un veteran \u00een mijlocire, care \u0219i-a dedicat via\u021ba c\u0103ut\u0103rii fe\u021bei lui Dumnezeu, exprim\u0103 cu acurate\u021be dorin\u021ba Dumnezeului nostru ca fiecare cre\u0219tin s\u0103 aib\u0103 aceast\u0103 pasiune pentru El.<\/p>\n<p><em><strong>CUPRINS<\/strong><\/em><\/p>\n<p><em>Capitolul 1: <\/em>Viata lui Simeon si a Anei<\/p>\n<p><em>Capitolul 2 : Viziunea profetica a lui Simeon<\/em><\/p>\n<p><em><em>Capitolul 3: <\/em>Promisiunea profetica primita de Simeon<\/em><\/p>\n<p><em><em>Capitolul 4: <\/em>Perspicacitatea profetica a lui Simeon<\/em><\/p>\n<p><em><em>Capitolul 5: <\/em>Profetiile lui Simeon<\/em><\/p>\n","protected":false},"excerpt":{"rendered":"<p>Via\u021ba sa de rug\u0103ciune \u0219i dorin\u021ba arz\u0103toare de a \u00eemplini lucr\u0103rile lui Dumnezeu au c\u00e2nt\u0103rit greu \u00een con\u021binutul acestei c\u0103rti. Sf\u00e2ntul Simeon, un veteran \u00een mijlocire, care \u0219i-a dedicat via\u021ba c\u0103ut\u0103rii fe\u021bei lui Dumnezeu, exprim\u0103 cu acurate\u021be dorin\u021ba Dumnezeului nostru ca fiecare cre\u0219tin s\u0103 aib\u0103 aceast\u0103 pasiune pentru El.<\/p>\n","protected":false},"featured_media":8676,"template":"","meta":{"_acf_changed":false},"product_brand":[],"product_cat":[19],"product_tag":[],"class_list":{"0":"post-35133","1":"product","2":"type-product","3":"status-publish","4":"has-post-thumbnail","6":"product_cat-slujind-trupul-lui-hristos","7":"pa_autori-james-singh","8":"pa_format-carte-tiparita","9":"pa_format-carte-electronica","11":"first","12":"instock","13":"shipping-taxable","14":"purchasable","15":"product-type-variable"},"acf":[],"_links":{"self":[{"href":"https:\/\/alfaomega.tv\/librarie\/wp-json\/wp\/v2\/product\/35133","targetHints":{"allow":["GET"]}}],"collection":[{"href":"https:\/\/alfaomega.tv\/librarie\/wp-json\/wp\/v2\/product"}],"about":[{"href":"https:\/\/alfaomega.tv\/librarie\/wp-json\/wp\/v2\/types\/product"}],"wp:featuredmedia":[{"embeddable":true,"href":"https:\/\/alfaomega.tv\/librarie\/wp-json\/wp\/v2\/media\/8676"}],"wp:attachment":[{"href":"https:\/\/alfaomega.tv\/librarie\/wp-json\/wp\/v2\/media?parent=35133"}],"wp:term":[{"taxonomy":"product_brand","embeddable":true,"href":"https:\/\/alfaomega.tv\/librarie\/wp-json\/wp\/v2\/product_brand?post=35133"},{"taxonomy":"product_cat","embeddable":true,"href":"https:\/\/alfaomega.tv\/librarie\/wp-json\/wp\/v2\/product_cat?post=35133"},{"taxonomy":"product_tag","embeddable":true,"href":"https:\/\/alfaomega.tv\/librarie\/wp-json\/wp\/v2\/product_tag?post=35133"}],"curies":[{"name":"wp","href":"https:\/\/api.w.org\/{rel}","templated":true}]}}