{"id":35137,"date":"2025-08-29T12:54:34","date_gmt":"2025-08-29T12:54:34","guid":{"rendered":"https:\/\/alfaomega.tv\/librarie\/?post_type=product&#038;p=35137"},"modified":"2025-09-02T09:17:42","modified_gmt":"2025-09-02T09:17:42","slug":"vocea-lui-dumnezeu","status":"publish","type":"product","link":"https:\/\/alfaomega.tv\/librarie\/produse\/identitate-crestere-spirituala-revelatie\/vocea-lui-dumnezeu\/","title":{"rendered":"Vocea lui Dumnezeu"},"content":{"rendered":"<p>Desi subiectul darului profetic este uneori confuz si alteori controversat, cartea &#8222;Vocea lui Dumnezeu&#8221; constituie un element de nepretuit care ne ajuta sa intelegem modurile in care Dumnezeu ne vorbeste direct si prin copiii Sai in aceste momente istorice ale secerisului.<\/p>\n<p>Aceasta carte va raspunde la intrebarile multora privind rolul si functia darului profetic in Biserica de astazi.<\/p>\n<p><img loading=\"lazy\" decoding=\"async\" src=\"\/images\/librarie_produse\/autori\/cindyjacobs_lib.jpg\" alt=\"cindyjacobs lib\" width=\"100\" height=\"125\" style=\"margin: 5px;float: left\" \/>Cindy Jacobs este unul dintre cei mai cunoscu\u0163i lideri ai mi\u015fc\u0103rii de rug\u0103ciune moderne, slujind cre\u015ftinilor din \u00eentreaga lume prin rug\u0103ciuni de mijlocire \u015fi rug\u0103ciuni profetice. Ea \u015fi so\u0163ul ei Mike sunt fondatori ai Generals International, scopul lor fiind transformarea comunit\u0103\u0163ii prin lucrarea de mijlocire \u015fi cea profetic\u0103. Cindy este autoarea unor c\u0103r\u0163i de mare succes, printre care<em><strong> St\u0103p\u00e2nind por\u0163ile vr\u0103\u015fma\u015fului<\/strong> <\/em>\u015fi <em><strong>Vocea lui Dumnezeu.<\/strong><\/em> Cindy \u015fi Mike au \u00eempreun\u0103 doi copii \u015fi locuiesc \u00een Dallas, Texas.<\/p>\n<p class=\"box-download\"><a href=\"images\/PDF\/fragmente-carti\/pagini_Cindy_Jacobs_-_Vocea_lui_Dumnezeu.pdf\" target=\"_parent\" dir=\"ltr\">Descarc\u0103 un fragment din cartea Vocea lui Dumnezeu<\/a><\/p>\n<p>Numar pagini: 306<\/p>\n<p>Autor: Cindy Jacobs<\/p>\n<p>Editura: Alfa Omega Publishing<\/p>\n","protected":false},"excerpt":{"rendered":"<p>&#8222;Vocea lui Dumnezeu&#8221; va raspunde la intrebarile multora privind rolul si functia darului profetic in Biserica de astazi.<\/p>\n","protected":false},"featured_media":8681,"template":"","meta":{"_acf_changed":false},"product_brand":[],"product_cat":[21],"product_tag":[],"class_list":{"0":"post-35137","1":"product","2":"type-product","3":"status-publish","4":"has-post-thumbnail","6":"product_cat-identitate-crestere-spirituala-revelatie","7":"pa_autori-cindy-jacobs","8":"pa_format-carte-tiparita","10":"first","11":"instock","12":"shipping-taxable","13":"purchasable","14":"product-type-variable","15":"has-default-attributes"},"acf":[],"_links":{"self":[{"href":"https:\/\/alfaomega.tv\/librarie\/wp-json\/wp\/v2\/product\/35137","targetHints":{"allow":["GET"]}}],"collection":[{"href":"https:\/\/alfaomega.tv\/librarie\/wp-json\/wp\/v2\/product"}],"about":[{"href":"https:\/\/alfaomega.tv\/librarie\/wp-json\/wp\/v2\/types\/product"}],"wp:featuredmedia":[{"embeddable":true,"href":"https:\/\/alfaomega.tv\/librarie\/wp-json\/wp\/v2\/media\/8681"}],"wp:attachment":[{"href":"https:\/\/alfaomega.tv\/librarie\/wp-json\/wp\/v2\/media?parent=35137"}],"wp:term":[{"taxonomy":"product_brand","embeddable":true,"href":"https:\/\/alfaomega.tv\/librarie\/wp-json\/wp\/v2\/product_brand?post=35137"},{"taxonomy":"product_cat","embeddable":true,"href":"https:\/\/alfaomega.tv\/librarie\/wp-json\/wp\/v2\/product_cat?post=35137"},{"taxonomy":"product_tag","embeddable":true,"href":"https:\/\/alfaomega.tv\/librarie\/wp-json\/wp\/v2\/product_tag?post=35137"}],"curies":[{"name":"wp","href":"https:\/\/api.w.org\/{rel}","templated":true}]}}