{"id":35141,"date":"2025-08-29T12:54:44","date_gmt":"2025-08-29T12:54:44","guid":{"rendered":"https:\/\/alfaomega.tv\/librarie\/?post_type=product&#038;p=35141"},"modified":"2025-11-06T11:45:23","modified_gmt":"2025-11-06T11:45:23","slug":"credinta-vie-prin-vai-intunecate","status":"publish","type":"product","link":"https:\/\/alfaomega.tv\/librarie\/produse\/slujind-trupul-lui-hristos\/credinta-vie-prin-vai-intunecate\/","title":{"rendered":"Credin\u021ba vie prin v\u0103i \u00eentunecate"},"content":{"rendered":"<p>Pentru oricine care s-a rugat vreodat\u0103 &#8222;Dumnezeule, scoate-m\u0103 din asta!&#8221; Jerry Rose a scris ghidul de fa\u021b\u0103. &#8222;Credin\u021b\u0103 vie prin v\u0103i \u00eentunecate&#8221; marcheaz\u0103 c\u0103l\u0103toria vie\u021bii adev\u0103rate a oric\u0103rui credincios nesigur de capacitatea lui Dumnezeu de a ne vedea chiar \u0219i \u00een timpul succeselor sau descuraj\u0103rilor pe care le \u00eent\u00e2lnim \u00een via\u021b\u0103. Plin\u0103 de umor \u0219i analiz\u0103 psihologic\u0103 practic\u0103 \u0219i profund\u0103, odiseea personal\u0103 de credin\u021b\u0103 a lui Jerry poate te va face s\u0103 spui: &#8222;Asta mi s-a \u00eent\u00e2mplat \u0219i mie!&#8221;<\/p>\n<p><em><strong>Credin\u021b\u0103 vie prin v\u0103i \u00eentunecate<\/strong><\/em> a fost publicat\u0103 pentru prima dat\u0103 \u00een 1989. La fel ca \u0219i Jerry Rose, este o lucrare \u00een progres. Povestea lui actualizat\u0103 va ad\u00e2nci credin\u021ba ta \u0219i entuziasmul experien\u021belor de pe v\u00e2rful muntelui. Cel mai important, vei descoperi cum s\u0103 str\u00e2ngi putere \u0219i hran\u0103 din v\u0103ile vie\u021bii.<\/p>\n<p>Num\u0103r de pagini: 101<\/p>\n<p class=\"box-download\"><a dir=\"ltr\" href=\"images\/PDF\/fragmente-carti\/pagini_-_Jerry_Rose_-_Credinta_vie_prin_vai_intunecate_WEB.pdf\" target=\"_blank\" rel=\"noopener\">Descarc\u0103 un fragment din cartea Credin\u021b\u0103 vie prin v\u0103i \u00eentunecate!<\/a><\/p>\n<p>Prefa\u0163\u0103<\/p>\n<p><strong>Partea 1<\/strong><br \/>\nLec\u0163ia Neghevului<br \/>\n\u00cenapoi la \u00eenceput<br \/>\nF urtun\u0103 \u00een jurul zg\u00e2rie-norului<br \/>\nCei care poart\u0103 m\u0103\u015fti<br \/>\nVocea<\/p>\n<p><strong>Partea 2<\/strong><br \/>\nAcordare \u015fi dezacordare<br \/>\nF\u0103r\u0103 v\u00e2nt<br \/>\nVisul lui Isaac<br \/>\nSfatul lui Obadia<br \/>\nCuvinte pe care nu vrei s\u0103 le auzi<br \/>\nNu uita de inspira\u0163ie<br \/>\nGunoierul<br \/>\nA rescrie povestea<\/p>\n<p><strong>Partea 3<\/strong><br \/>\nNu m\u0103 las!<br \/>\nPacostea<br \/>\n\u00cemb\u0103rb\u0103tarea din vale<br \/>\nAcordarea licen\u0163ei<br \/>\nNum\u0103r\u0103toarea invers\u0103 \u00een catastrofe<br \/>\nMalign<br \/>\n\u00cencotro se \u00eendreapt\u0103 Dumnezeu?<br \/>\nProvocarea sfin\u0163eniei<br \/>\nRezultatele testului<\/p>\n<p>Noti\u021be<\/p>\n<p><img loading=\"lazy\" decoding=\"async\" style=\"margin: 5px; float: left;\" src=\"images\/librarie_produse\/autori\/jerryrose_lib.jpg\" alt=\"johneckhardt lib\" width=\"100\" height=\"125\" \/>Jerry K. Rose este un lucr\u0103tor devotat, autor, gazd\u0103 a show-ului interna\u021bional zilnic de televiziune \u201c\u00centre Prieteni\u201c \u0219i fondatorul\/pre\u0219edinte al Total Living Network. El \u0219i-a \u00eenceput cariera de 35 de ani \u00een televiziune cu sta\u021biile ABC \u0219i CBS. \u00cen ultimii 25 de ani, a furnizat programe de televiziune cre\u0219tine, lucr\u00e2nd cu CBN \u0219i mai t\u00e2rziu ajut\u00e2nd la lansarea primei \u0219i singurei sta\u021bii cre\u0219tine de televiziune din Chicago, WCFC TV38. Jerry a primit numeroase premii, de la media cre\u0219tin\u0103 \u0219i de la cea secular\u0103 \u2013 inclusiv un \u201cEMMY\u201c pentru programul s\u0103u zilnic \u201c\u00centre Prieteni\u201c. \u00cen aprilie 1999 el a primit premiul The Silver Circle Award pentru \u00eentreaga activitate, de la National Academy of Television and Arts and Sciences. Jerry este c\u0103s\u0103torit cu Shirley (Rider) Rose \u0219i au trei copii: Jeffrey, Trevor \u0219i Vanessa.<\/p>\n<p>Editura: Alfa Omega Publishing<\/p>\n<p>Autor: Jerry K. Rose<\/p>\n<p>&nbsp;<\/p>\n","protected":false},"excerpt":{"rendered":"<p>&#8222;Credinta vie prin vai intunecate&#8221; marcheaza calatoria vietii adevarate a oricarui credincios nesigur de capacitatea lui Dumnezeu de a ne vedea chiar si in timpul succeselor si descurajarilor pe care le intalnim in viata.<\/p>\n","protected":false},"featured_media":6097,"template":"","meta":{"_acf_changed":false},"product_brand":[],"product_cat":[19],"product_tag":[],"class_list":{"0":"post-35141","1":"product","2":"type-product","3":"status-publish","4":"has-post-thumbnail","6":"product_cat-slujind-trupul-lui-hristos","7":"pa_autori-jerry-rose","8":"pa_format-carte-tiparita","9":"pa_format-carte-electronica","11":"first","12":"outofstock","13":"shipping-taxable","14":"purchasable","15":"product-type-variable"},"acf":[],"_links":{"self":[{"href":"https:\/\/alfaomega.tv\/librarie\/wp-json\/wp\/v2\/product\/35141","targetHints":{"allow":["GET"]}}],"collection":[{"href":"https:\/\/alfaomega.tv\/librarie\/wp-json\/wp\/v2\/product"}],"about":[{"href":"https:\/\/alfaomega.tv\/librarie\/wp-json\/wp\/v2\/types\/product"}],"wp:featuredmedia":[{"embeddable":true,"href":"https:\/\/alfaomega.tv\/librarie\/wp-json\/wp\/v2\/media\/6097"}],"wp:attachment":[{"href":"https:\/\/alfaomega.tv\/librarie\/wp-json\/wp\/v2\/media?parent=35141"}],"wp:term":[{"taxonomy":"product_brand","embeddable":true,"href":"https:\/\/alfaomega.tv\/librarie\/wp-json\/wp\/v2\/product_brand?post=35141"},{"taxonomy":"product_cat","embeddable":true,"href":"https:\/\/alfaomega.tv\/librarie\/wp-json\/wp\/v2\/product_cat?post=35141"},{"taxonomy":"product_tag","embeddable":true,"href":"https:\/\/alfaomega.tv\/librarie\/wp-json\/wp\/v2\/product_tag?post=35141"}],"curies":[{"name":"wp","href":"https:\/\/api.w.org\/{rel}","templated":true}]}}