{"id":35191,"date":"2025-08-29T12:54:58","date_gmt":"2025-08-29T12:54:58","guid":{"rendered":"https:\/\/alfaomega.tv\/librarie\/?post_type=product&#038;p=35191"},"modified":"2025-12-15T12:04:58","modified_gmt":"2025-12-15T12:04:58","slug":"binecuvantare-sau-blestem","status":"publish","type":"product","link":"https:\/\/alfaomega.tv\/librarie\/produse\/derek-prince\/binecuvantare-sau-blestem\/","title":{"rendered":"Binecuv\u00e2ntare sau blestem"},"content":{"rendered":"<p>Observi \u00een via\u0163a ta sau a familiei tale boli sau accidente repetate? E\u015fti constr\u00e2ns \u00een g\u00e2ndirea ta? Starea ta emo\u0163ional\u0103 este de necontrolat? Rela\u0163iile tale cele mai apropiate sunt tulburate \u00een permanen\u0163\u0103?<\/p>\n<p>Te miri de ce succesul vine cu u\u015furin\u0163\u0103 la al\u0163ii, dar pe tine pare s\u0103 te ocoleasc\u0103? Situa\u0163ia ta financiar\u0103 este \u00een marea majoritate a timpului exact ca \u015fi ni\u015fte monede puse \u00eentr-un buzunar rupt? Dac\u0103 da, atunci toate acestea pot fi semne clare ale activit\u0103\u0163ii unui blestem.<\/p>\n<p>Derek Prince, inspir\u00e2ndu-se din Sf\u00e2nta Scriptur\u0103 \u015fi din experien\u0163ele din via\u0163a real\u0103, te va ajuta s\u0103 \u00een\u0163elegi cauzele blestemelor (activit\u0103\u0163i oculte, p\u0103cate ascunse, abuzuri, abandon, chiar \u015fi p\u0103cate ale unei genera\u0163ii precedente). Tot \u00een cartea de fa\u0163\u0103 te va \u00eenv\u0103\u0163a cum s\u0103 ajungi s\u0103 fii eliberat de blestemele pe care le-ai descoperit ca fiind active \u015fi la lucru \u00een via\u0163a ta, astfel \u00eenc\u00e2t s\u0103 po\u0163i \u00eencepe s\u0103 te bucuri de destinul \u015fi de beneficiile binecuv\u00e2nt\u0103rilor pe care Dumnezeu le-a pl\u0103nuit pentru tine.<\/p>\n<p>Peste 1,6 milioane de cititori au beneficiat de \u00eenv\u0103\u0163\u0103tura acestei c\u0103r\u0163i \u015fi o mare parte dintre ei au c\u0103p\u0103tat o nou\u0103 \u00een\u0163elegere spiritual\u0103 despre \u00eenv\u0103\u0163\u0103turile Sfintei Scripturi, fapt ce le-a transformat \u00eentreaga via\u0163\u0103.<\/p>\n<p>Edi\u0163ia de fa\u0163\u0103 este una revizuit\u0103 \u015fi l\u0103rgit\u0103, iar fiecare capitol este urmat de un ghid de studiu \u2013 pentru tine \u00eensu\u0163i sau pentru un grup mic \u2013 cuprinz\u00e2nd \u00eentreb\u0103ri recapitulative, o sec\u0163iune cu aplica\u0163ii practice \u015fi un verset de memorat.<\/p>\n<p>Cuva\u0098nt inainte<\/p>\n<p>Introducere<\/p>\n<p>Introducere la cursul de studiu<\/p>\n<p>Sect\u0081iunea I &#8211; Binecuva\u0098nta\u0083ri s\u009fi blesteme<br \/> Introducere la sect\u0081iunea inta\u0098i.<br \/> 1. Lupta cu umbrele<br \/> 2. Bariere invizibile<br \/> 3. Cum act\u0081ioneaza\u0083 binecuva\u0098nta\u0083rile s\u009fi blestemele<br \/> 4. Lista lui Moise: binecuva\u0098nta\u0083ri s\u009fi blesteme<br \/> 5. s\u009eapte indicii ale existent\u0081ei unui blestem<\/p>\n<p>Sect\u0081iunea II &#8211; Orice blestem are o cauza\u0083<br \/> Introducere la sect\u0081iunea a doua<br \/> 6. Dumnezeii fals\u009fi<br \/> 7. Diferite pa\u0083cate morale s\u009fi etice<br \/> 8. Antisemitismul<br \/> 9. Legalism, fire pa\u0083ma\u0098nteasca\u0083, apostazie<br \/> 10. Furtul, ma\u0083rturia mincinoasa\u0083, jefuirea lui Dumnezeu<br \/> 11. Tipare de autoritate<br \/> .12. Blesteme autoimpuse<br \/> 13. Slujitorii lui Satan<br \/> 14. Vorbirea fireasca\u0083<br \/> 15. Ruga\u0083ciuni fires\u009fti<br \/> 16. Rezumatul sect\u0081iunii a doua<\/p>\n<p>Sect\u0081iunea III &#8211; De ia blestem la binecuva\u0098ntare<br \/> Introducere la sect\u0081iunea a treia<br \/> 17. Schimbul divin de la cruce<br \/> 18. s\u009eapte pas\u009fi spre eliberare<br \/> 19. De pe teritoriul umbrelor pe teritoriul luminii<br \/> 20. impa\u0083ra\u0083t\u0081ia lui Dumnezeu se ia cu na\u0083vala<br \/> 21. Dupa\u0083 ma\u0083rturisire: proclamare, mult\u0081umire, lauda\u0083<br \/> 22. Proclama\u0083ri pentru o victorie continua\u0083<\/p>\n<p>Sect\u0081iunea IV &#8211; Cuvinte importante de incheiere<br \/> Introducere la sect\u0081iunea a patra<br \/> 23. Blesteme care n-au fost anulate<br \/> 24. A blestema sau a binecuva\u0098nta?<\/p>\n","protected":false},"excerpt":{"rendered":"<p>Observi in viata ta sau a familiei tale boli sau accidente repetate? Esti constrans in gandirea ta? Starea ta emotionala este de necontrolat? Relatiile tale cele mai apropiate sunt tulburate in permanenta? Derek Prince, inspirandu-se din Biblie si din experientele din viata reala, te va ajuta sa intelegi cauzele blestemelor si sa scapi de ele.<\/p>\n","protected":false},"featured_media":6441,"template":"","meta":{"_acf_changed":false},"product_brand":[],"product_cat":[42],"product_tag":[],"class_list":{"0":"post-35191","1":"product","2":"type-product","3":"status-publish","4":"has-post-thumbnail","6":"product_cat-derek-prince","7":"pa_autori-derek-prince","8":"pa_format-carte-tiparita","10":"first","11":"outofstock","12":"shipping-taxable","13":"purchasable","14":"product-type-variable","15":"has-default-attributes"},"acf":[],"_links":{"self":[{"href":"https:\/\/alfaomega.tv\/librarie\/wp-json\/wp\/v2\/product\/35191","targetHints":{"allow":["GET"]}}],"collection":[{"href":"https:\/\/alfaomega.tv\/librarie\/wp-json\/wp\/v2\/product"}],"about":[{"href":"https:\/\/alfaomega.tv\/librarie\/wp-json\/wp\/v2\/types\/product"}],"wp:featuredmedia":[{"embeddable":true,"href":"https:\/\/alfaomega.tv\/librarie\/wp-json\/wp\/v2\/media\/6441"}],"wp:attachment":[{"href":"https:\/\/alfaomega.tv\/librarie\/wp-json\/wp\/v2\/media?parent=35191"}],"wp:term":[{"taxonomy":"product_brand","embeddable":true,"href":"https:\/\/alfaomega.tv\/librarie\/wp-json\/wp\/v2\/product_brand?post=35191"},{"taxonomy":"product_cat","embeddable":true,"href":"https:\/\/alfaomega.tv\/librarie\/wp-json\/wp\/v2\/product_cat?post=35191"},{"taxonomy":"product_tag","embeddable":true,"href":"https:\/\/alfaomega.tv\/librarie\/wp-json\/wp\/v2\/product_tag?post=35191"}],"curies":[{"name":"wp","href":"https:\/\/api.w.org\/{rel}","templated":true}]}}