{"id":35219,"date":"2025-08-29T12:55:09","date_gmt":"2025-08-29T12:55:09","guid":{"rendered":"https:\/\/alfaomega.tv\/librarie\/?post_type=product&#038;p=35219"},"modified":"2025-09-03T11:44:10","modified_gmt":"2025-09-03T11:44:10","slug":"sa-traiasca-ismael","status":"publish","type":"product","link":"https:\/\/alfaomega.tv\/librarie\/produse\/intelegerea-vremurilor-israel\/sa-traiasca-ismael\/","title":{"rendered":"S\u0103 tr\u0103iasc\u0103 Ismael!"},"content":{"rendered":"<p>Dumnezeu nu l-a respins pe Ismael.<\/p>\n<p>Ca\u0098nd cineva este respins, are nevoie de vindecarea care vine prin insusirea iubirii lui Dumnezeu. Nu este suficient sa\u0083 ne ruga\u0083m pentru Israel si pentru pacea Ierusalimului; trebuie de asemenea sa\u0083 ne facem loc in inimile noastre pentru vindecarea si salvarea urmasilor celuilalt fiu al lui Avraam, Ismael. Vindecarea intre urmasii lui Israel si Ismael va avea loc atunci ca\u0098nd arabii vor fi pe deplin eliberat\u009bi din sistemul lui faraon care-i t\u009bine in robie, si ca\u0098nd ei vor fi acceptat\u009bi in Preaiubitul, supuna\u0098ndu-se de voie cu mare bucurie si usurare lui Iehova prin cunoasterea lui Yesua, al Messih (Isus Cristos, in limba araba\u0083).<\/p>\n<p>Christine Darg, autoare si moderatoare, a scris patru ca\u0083rt\u009bi si a produs zeci de documentare. Ea si sot\u009bul ei, Peter, au fondat sucursala de stiri CBM in Ierusalim si au lucrat la \u009eRezirea Africii\u009d timp de cinci ani ala\u0083turi de Reinhard Bonke. Christine este implicata\u0083 in multe treziri spirituale din Orientul Mijlociu si duce \u009eCortul inta\u0098lnirii al lui David la toate nat\u009biunile. Conferint\u009bele ei de ruga\u0083ciune de mijlocire prega\u0083tesc drumul penru implinirea capitolului al 19-lea din Isaia: \u009eTot in vremea aceea, Israel va fi al treilea, unit cu Egiptul s\u009fi cu Asiria, ca o binecuva\u0098ntare in mijlocul pa\u0083ma\u0098ntului. Domnul os\u009ftirilor ii va binecuva\u0098nta s\u009fi va zice: \u009cBinecuva\u0098ntat sa\u0083 fie Egiptul, poporul Meu, s\u009fi Asiria, lucrarea ma\u0098inilor Mele, s\u009fi Israel, mos\u009ftenirea Mea!\u009d (Isaia 19:24-25)<\/p>\n<\/p>\n<p><strong>Sa traiasca Ismael \u2013 Christine Darg<\/strong>. Ea doreste sa ne constientizeze prin aceasta carte de faptul ca nu este sufiicient sa ne rugam pentru Israel si pentru pacea Ierusalimului. Trebuie de asemenea sa ne facem loc in inimile noastre pentru vindecarea si salvarea urmasilor celuilalt fiu al lui Avram, Ismael.<\/p>\n<p style=\"margin-bottom: 0in\">Islam inseamna supunere, iar oamenii din aceasta regiune sunt teribil de raniti. Punctul central al acestei carti il reprezinta spiritul respingerii de care suferia arabii.<\/p>\n<p style=\"margin-bottom: 0in\">Cristine doreste sa ne aminteasca faptul ca Dumnezeu cheama aceasta generatie sa lege ranile poporului arab.<\/p>\n<p style=\"margin-bottom: 0in\">Desi suntem chemati sa ne rugam pentru poporul evreu, Dumnezeu ne cheama sa fim instrumente ale milei Sale pentru a propovadui eliberare si lui Ismael, al carui num inseamna: \u201cDumnezeu aude\u201d, astfel incat Ismael sa auda evanghelia si sa fie impacat cu Dumnezeu.<\/p>\n<p style=\"margin-bottom: 0in\">Christine ne spune in aceasta carte ca de multe ori a fost surprinsa de sinceritatea pe care o au islamicii fata de evanghelie. Slujba unica pe care Dumnezeu i-a dat-o autoarei a fost de a ii iubi pe evrei, dar de asemenea de a fi o eliberatoare a fiilor si fiicelor lui Ismael de sub tirania legaturii islamice, a sentimentului de respingere, rivalitate si a oricarui lucru care-i priveaza de ceea ce inseamna plinatate.<\/p>\n<p style=\"margin-bottom: 0in\">In aceasta carte, Christine ne spune ca numele lui Ismael a fost mentionat in scriptura inainte ca acesta sa se nasca. Acest lucru inseamna ca el avea un destin cu totul special. De vreme ce numele Ismael inseamna \u201cDumnezeu aude\u201d, nu avem nici o indoiala ca Dumnezeu va auzi strigatul lui Ismael in aceste zile de pe urma. Dumnezeu a auzit strigatul baiatului in pustie si el inca aude strigatul fiilor si fiicelor sale astazi.<\/p>\n<p style=\"margin-bottom: 0in\">O intreaga generatie de musulmani sta gata sa intre in Imparatia lui Dumnezeu in vreme ce noi continuam sa ne rugam si sa credem ca Dumnezeu va deschide ochii lor spre Isus, Izvorul de apa vie.<\/p>\n<p style=\"margin-bottom: 0in\">Cuprins:<\/p>\n<ol>\n<li style=\"margin-bottom: 0in\">Introducere<\/li>\n<li style=\"margin-bottom: 0in\">Impacare intre frati<\/li>\n<li style=\"margin-bottom: 0in\">Depasind spiritul respingerii<\/li>\n<li style=\"margin-bottom: 0in\">Isaac si Ismael sunt amandoi pretuiti de Dumnezeu<\/li>\n<li style=\"margin-bottom: 0in\">Actiune profetica in Negev<\/li>\n<li style=\"margin-bottom: 0in\">Evanghelia este puterea lui Dumnezeu de a-l elibera pe Ismael<\/li>\n<li style=\"margin-bottom: 0in\">Postul din fiecare vineri<\/li>\n<li style=\"margin-bottom: 0in\">Dragostea nu va pieri niciodata<\/li>\n<\/ol>\n<p style=\"margin-bottom: 0in\">Editura: Alfa Omega Publishing<\/p>\n<p style=\"margin-bottom: 0in\">Nr de pagini: 44<\/p>\n","protected":false},"excerpt":{"rendered":"<p>Cand cineva este respins, are nevoie de vindecarea care vine prin insusirea iubirii lui Dumnezeu. Nu este suficient sa ne rugam pentru Israel si pentru pacea Ierusalimului; trebuie de asemenea sa ne facem loc in inimile noastre pentru vindecarea si salvarea urmasilor celuilalt fiu al lui Avraam, Ismael.<\/p>\n","protected":false},"featured_media":6579,"template":"","meta":{"_acf_changed":false},"product_brand":[],"product_cat":[24],"product_tag":[],"class_list":{"0":"post-35219","1":"product","2":"type-product","3":"status-publish","4":"has-post-thumbnail","6":"product_cat-intelegerea-vremurilor-israel","7":"pa_autori-christine-darg","8":"pa_format-carte-tiparita","9":"pa_format-carte-electronica","11":"first","12":"instock","13":"shipping-taxable","14":"purchasable","15":"product-type-variable"},"acf":[],"_links":{"self":[{"href":"https:\/\/alfaomega.tv\/librarie\/wp-json\/wp\/v2\/product\/35219","targetHints":{"allow":["GET"]}}],"collection":[{"href":"https:\/\/alfaomega.tv\/librarie\/wp-json\/wp\/v2\/product"}],"about":[{"href":"https:\/\/alfaomega.tv\/librarie\/wp-json\/wp\/v2\/types\/product"}],"wp:featuredmedia":[{"embeddable":true,"href":"https:\/\/alfaomega.tv\/librarie\/wp-json\/wp\/v2\/media\/6579"}],"wp:attachment":[{"href":"https:\/\/alfaomega.tv\/librarie\/wp-json\/wp\/v2\/media?parent=35219"}],"wp:term":[{"taxonomy":"product_brand","embeddable":true,"href":"https:\/\/alfaomega.tv\/librarie\/wp-json\/wp\/v2\/product_brand?post=35219"},{"taxonomy":"product_cat","embeddable":true,"href":"https:\/\/alfaomega.tv\/librarie\/wp-json\/wp\/v2\/product_cat?post=35219"},{"taxonomy":"product_tag","embeddable":true,"href":"https:\/\/alfaomega.tv\/librarie\/wp-json\/wp\/v2\/product_tag?post=35219"}],"curies":[{"name":"wp","href":"https:\/\/api.w.org\/{rel}","templated":true}]}}