{"id":35223,"date":"2025-08-29T12:55:09","date_gmt":"2025-08-29T12:55:09","guid":{"rendered":"https:\/\/alfaomega.tv\/librarie\/?post_type=product&#038;p=35223"},"modified":"2025-10-01T08:05:45","modified_gmt":"2025-10-01T08:05:45","slug":"femei-ale-destinului","status":"publish","type":"product","link":"https:\/\/alfaomega.tv\/librarie\/produse\/identitate-crestere-spirituala-revelatie\/femei-ale-destinului\/","title":{"rendered":"Femei ale destinului"},"content":{"rendered":"<p>A sosit vremea pentru ca femeile cre\u0219tine s\u0103 intre \u00een destinul pe care Dumnezeu l-a preg\u0103tit pentru ele.<\/p>\n<p>Av\u00e2nd suport biblic \u0219i teologic, Cindy Jacobs explic\u0103 scopul pe care Dumnezeu L-a avut prin crearea femeilor \u0219i confirm\u0103 importan\u021ba acestora \u00een planul S\u0103u.<\/p>\n<p>Cartea &#8222;Femei ale Destinului&#8221; este bogat\u0103 \u00een mesaje profunde de \u00eencurajare pentru orice femeie care \u0219i-a pus cel pu\u021bin o dat\u0103 \u00eentrebarea: Ce vrea Dumnezeu pentru mine?<\/p>\n<p>Cuprins:<\/p>\n<ol>\n<li>Calatoria<\/li>\n<li>Durere ascunsa<\/li>\n<li>Domnul meu iubit, am nevoie de un prieten<\/li>\n<li>Femei ale destinului<\/li>\n<li>Eroine ale credintei<\/li>\n<li>Mamele si alte slujitoare ale credintei<\/li>\n<li>Barbatii si femeile alaturi<\/li>\n<li>Problema femeii<\/li>\n<li>Autoritatea in familie<\/li>\n<li>O, pasajele acelea dificile<\/li>\n<li>Unsa pentru a sluji<\/li>\n<li>Reforma culturala<\/li>\n<\/ol>\n<p>Editura: Alfa Omega Publishing<\/p>\n<p>Autor: Cindy Jacobs<\/p>\n<p>Numar de pagini: 314<\/p>\n","protected":false},"excerpt":{"rendered":"<p>A sosit vremea pentru ca femeile cre\u0219tine s\u0103 intre \u00een destinul pe care Dumnezeu l-a preg\u0103tit pentru ele!<\/p>\n","protected":false},"featured_media":6621,"template":"","meta":{"_acf_changed":false},"product_brand":[],"product_cat":[21],"product_tag":[],"class_list":{"0":"post-35223","1":"product","2":"type-product","3":"status-publish","4":"has-post-thumbnail","6":"product_cat-identitate-crestere-spirituala-revelatie","7":"pa_autori-cindy-jacobs","8":"pa_format-carte-tiparita","10":"first","11":"instock","12":"shipping-taxable","13":"purchasable","14":"product-type-variable","15":"has-default-attributes"},"acf":[],"_links":{"self":[{"href":"https:\/\/alfaomega.tv\/librarie\/wp-json\/wp\/v2\/product\/35223","targetHints":{"allow":["GET"]}}],"collection":[{"href":"https:\/\/alfaomega.tv\/librarie\/wp-json\/wp\/v2\/product"}],"about":[{"href":"https:\/\/alfaomega.tv\/librarie\/wp-json\/wp\/v2\/types\/product"}],"wp:featuredmedia":[{"embeddable":true,"href":"https:\/\/alfaomega.tv\/librarie\/wp-json\/wp\/v2\/media\/6621"}],"wp:attachment":[{"href":"https:\/\/alfaomega.tv\/librarie\/wp-json\/wp\/v2\/media?parent=35223"}],"wp:term":[{"taxonomy":"product_brand","embeddable":true,"href":"https:\/\/alfaomega.tv\/librarie\/wp-json\/wp\/v2\/product_brand?post=35223"},{"taxonomy":"product_cat","embeddable":true,"href":"https:\/\/alfaomega.tv\/librarie\/wp-json\/wp\/v2\/product_cat?post=35223"},{"taxonomy":"product_tag","embeddable":true,"href":"https:\/\/alfaomega.tv\/librarie\/wp-json\/wp\/v2\/product_tag?post=35223"}],"curies":[{"name":"wp","href":"https:\/\/api.w.org\/{rel}","templated":true}]}}