{"id":35229,"date":"2025-08-29T12:55:20","date_gmt":"2025-08-29T12:55:20","guid":{"rendered":"https:\/\/alfaomega.tv\/librarie\/?post_type=product&#038;p=35229"},"modified":"2025-08-29T12:55:31","modified_gmt":"2025-08-29T12:55:31","slug":"eroii-luminii-volumul-1","status":"publish","type":"product","link":"https:\/\/alfaomega.tv\/librarie\/produse\/resurse-pentru-copii\/eroii-luminii-volumul-1\/","title":{"rendered":"Eroii Luminii &#8211; volumul 1"},"content":{"rendered":"<p><span><strong><em>Eroii Luminii<\/em> <\/strong>este o serie de desene animate despre via\u021ba unor eroi ai credin\u021bei pe care copiii se pot baza. \u00cen volumul unu \u00eei po\u021bi urm\u0103ri pe curajosul Jim Eliott \u00eentr-o aventuroas\u0103 misiune \u00een mijlocul tribului Auca, pe William Tyndale \u00eendr\u0103znind s\u0103 traduc\u0103 biblia pe \u00een\u021belesul tuturor , John Bunyan care a r\u0103mas credincios cu pre\u021bul libert\u0103\u021bii sale \u0219i pe Eric Liddell alerg\u00e2nd \u00een cursa vie\u021bii sale.<\/span><\/p>\n<p><span>Genul programului: desene animate (subtitrat in lb romana)<\/span><\/p>\n<p><span>Titlul original: The Torchlighters<\/span><\/p>\n<p><span>Producator: Christian History Institute &amp; The Voice of the Martyrs (2008)<\/span><\/p>\n<p><span><br \/>Continut: 1 DVD \/ 4 episoade x 30 minute<\/span><\/p>\n","protected":false},"excerpt":{"rendered":"<p>&#8222;Eroii Luminii&#8221; este o serie de desene animate despre via\u021ba unor eroi ai credin\u021bei pe care copiii se pot baza.<\/p>\n","protected":false},"featured_media":6649,"template":"","meta":{"_acf_changed":false},"product_brand":[],"product_cat":[34],"product_tag":[],"class_list":{"0":"post-35229","1":"product","2":"type-product","3":"status-publish","4":"has-post-thumbnail","6":"product_cat-resurse-pentru-copii","7":"pa_autori-alfa-omega-tv","8":"pa_format-dvd","10":"first","11":"instock","12":"shipping-taxable","13":"purchasable","14":"product-type-variable","15":"has-default-attributes"},"acf":[],"_links":{"self":[{"href":"https:\/\/alfaomega.tv\/librarie\/wp-json\/wp\/v2\/product\/35229","targetHints":{"allow":["GET"]}}],"collection":[{"href":"https:\/\/alfaomega.tv\/librarie\/wp-json\/wp\/v2\/product"}],"about":[{"href":"https:\/\/alfaomega.tv\/librarie\/wp-json\/wp\/v2\/types\/product"}],"wp:featuredmedia":[{"embeddable":true,"href":"https:\/\/alfaomega.tv\/librarie\/wp-json\/wp\/v2\/media\/6649"}],"wp:attachment":[{"href":"https:\/\/alfaomega.tv\/librarie\/wp-json\/wp\/v2\/media?parent=35229"}],"wp:term":[{"taxonomy":"product_brand","embeddable":true,"href":"https:\/\/alfaomega.tv\/librarie\/wp-json\/wp\/v2\/product_brand?post=35229"},{"taxonomy":"product_cat","embeddable":true,"href":"https:\/\/alfaomega.tv\/librarie\/wp-json\/wp\/v2\/product_cat?post=35229"},{"taxonomy":"product_tag","embeddable":true,"href":"https:\/\/alfaomega.tv\/librarie\/wp-json\/wp\/v2\/product_tag?post=35229"}],"curies":[{"name":"wp","href":"https:\/\/api.w.org\/{rel}","templated":true}]}}