{"id":35233,"date":"2025-08-29T12:55:21","date_gmt":"2025-08-29T12:55:21","guid":{"rendered":"https:\/\/alfaomega.tv\/librarie\/?post_type=product&#038;p=35233"},"modified":"2025-09-01T11:56:00","modified_gmt":"2025-09-01T11:56:00","slug":"fii-liber","status":"publish","type":"product","link":"https:\/\/alfaomega.tv\/librarie\/produse\/restaurare-vindecare-eliberare\/fii-liber\/","title":{"rendered":"Fii liber!"},"content":{"rendered":"<p>Un manual de preg\u0103tire pentru eliberare, de eliberare \u0219i de autoeliberare. Po\u021bi sc\u0103pa de oprimarea satanei \u0219i po\u021bi umbla \u00een libertate!<\/p>\n<p>Deschide calea c\u0103tre eliberare&#8230;<\/p>\n<ul>\n<li>a\u0219 putea avea un demon?<\/li>\n<li>zidul t\u0103u de protec\u021bie<\/li>\n<li>\u00eent\u0103rituri ale vr\u0103jma\u0219ului<\/li>\n<li>calea c\u0103tre eliberare<\/li>\n<li>sc\u0103parea de duhul de religiozitate<\/li>\n<li>\u00eempotrive\u0219te-te unui duh care te priveaz\u0103 de dumnezeu<\/li>\n<li>de ce unii nu se pot fi elibera\u021bi \u0219i cum pot fi liberi<\/li>\n<li>\u0219i mult mai multe<\/li>\n<\/ul>\n<p>&#8222;Acesta este un manual unic ce te poate conduce spre eliberare!&#8221;<br \/>Chuck d. Pierce<\/p>\n<p><strong><img loading=\"lazy\" decoding=\"async\" style=\"margin: 5px;float: left\" src=\"images\/librarie_produse\/autori\/robertheidler_lib.jpg\" alt=\"robertheidler lib\" width=\"100\" height=\"125\" \/>Robert D. Heidler<\/strong> este un \u00eenv\u0103\u021b\u0103tor apostolic care lucreaz\u0103 cu Glory of Zion International Ministries. El de\u021bine o diplom\u0103 de absolvire a Universit\u0103\u021bii din Florida de Sud, a studiat la Seminarul Teologic din Dallas \u0219i este doctor \u00een Slujire Practic\u0103, \u00een urma absolvirii cursurilor de la Wagner Leadership Institute. Robert a lucrat ca \u0219i coordonator al programei analitice pentru International Educational Fellowship \u0219i a slujit foarte mult \u00een Rusia \u0219i \u00een Europa de Est. De asemenea, sluje\u0219te cu regularitate \u00een Tailanda, Mongolia \u0219i Coreea. A fost profesor invitat la Messianic Jewish Institute, pred\u00e2nd \u00een Budapesta, Ungaria, Moscova, Rusia \u0219i Odesa, Ucraina. Robert \u0219i so\u021bia sa, Linda, au fost profesori invita\u021bi la centrul de preg\u0103tire Gateways Beyond Messianic, Cipru. Robert sluje\u0219te \u00een consiliul de conducere al lucr\u0103rii Shekinah Messianic Ministries \u0219i Glory of Zion International Ministries. Printre c\u0103r\u021bile lui Robert se num\u0103r\u0103 \u0219i Experiencing the Spirit, Restoring Your Shield of Faith, scris\u0103 \u00eempreun\u0103 cu Chuck Pierce \u0219i Fii liber!: Manual de Eliberare. Robert \u0219i so\u021bia lui, Linda, au trei copii adul\u021bi \u0219i locuiesc \u00een Denton, Texas.<\/p>\n<p class=\"box-download\"><a dir=\"ltr\" href=\"images\/PDF\/fragmente-carti\/pagini_-_Robert_Heidler_-_Fii-liber.pdf\" target=\"_blank\" rel=\"noopener noreferrer\">Descarc\u0103 un fragment din cartea Fii liber!<\/a><\/p>\n<p><strong>Cuprins<\/strong><\/p>\n<p>Prefa\u021b\u0103 de Doris Wagner<br \/>Introducere<br \/>S-ar putea s\u0103 am un demon?<br \/>Capitolul 1:\u00a0\u00cen\u021beleg\u00e2ndu-l pe vr\u0103jma\u0219<br \/>Caitolul 2:\u00a0Zidul t\u0103u de protec\u021bie<br \/>Capitolul 3:\u00a0\u00cent\u0103rituri ale min\u021bii<br \/>Capitolul 4:\u00a0\u00cent\u0103rituri ale inimii (partea 1: Inima \u00eempietrit\u0103)<br \/>Capitolul 5:\u00a0\u00cent\u0103rituri ale inimii (partea 2: Neiertarea)<br \/>Capitolul 6:\u00a0Probleme legate de Autoritate<br \/>Capitolul 7:\u00a0Reaz\u0103me ale vr\u0103jma\u0219ului (partea 1: Poluarea spiritual\u0103)<br \/>Capitolul 8:\u00a0Reaz\u0103me ale vr\u0103jma\u0219ului (partea 2: P\u0103catul str\u0103mo\u0219esc)<br \/>Capitolul 9:\u00a0\u00cempotrive\u0219te-te unui duh care te priveaz\u0103 de Dumnezeu<br \/>Capitolul 10:\u00a0Eliberarea de duhul de religiozitate (cu dr. Linda Heidler)<br \/>Capitolul 11:\u00a0\u00cendep\u0103rtarea agen\u021bilor vr\u0103jma\u0219ului<br \/>Capitolul 12:\u00a0Umblarea \u00een libertate<br \/>Capitolul 13:\u00a0C\u00e2nd Vr\u0103jma\u0219ul \u00eenc\u0103 p\u0103trunde<br \/>Capitolul 14:\u00a0De ce unii nu pot fi elibera\u021bi (\u0219i cum pot fi liberi!)<\/p>\n<\/p>\n<p>Fii liber este un manual de pregatire pentru eliberare si autoeliberare.<\/p>\n<p>Robert Heidler, autorul acestei carti este un invatator apostolic care lucreaza cu Glory of Zion International Ministries.<\/p>\n<p>In acest manual de eliberare el explica faptul ca e normal sa avem diverse lupte de dus pe acest pamant, insa Dumnezeu ne-a promis biruinta. De asemenea acest manual este o excelenta pregatire pentru slujirea de eliberare.<\/p>\n<p>Autorul explica faptul ca eliberarea este lucrarea de a pune in libertate femei si barbati de sub oprimarea demonica.<\/p>\n<p>Multi crestini nu au acces la lucrarea de eliberare. Din acest motivul autorul doreste ca prin aceasta carte sa ofere oportunitatea de a te angrena intr-o tranzactie spirituala cu Dumnezeu. Unele dintre exercitii s-ar putea sa fie dureroase, ne spune autorul, dar rezultatul este unul plin de biruinta.<\/p>\n<p>Biblia ne spune ca clar ca scopul lui Dumnezeu cu noi este plenitudine. Cuvantul ebraic pentru aceasta este shalom care inseamna: pace, plenitudine si stare de bine. Asta doreste Dumnezeu pentru toti copii Sai.<\/p>\n<p>Problema este ca multi crestini nu experimenteaza niciodata ce a intentionat Dumnezeu.<\/p>\n<p>Autorul ne spune ca atunci cand Isus ne-a nascut din nou noi nu am primit doar iertare, dragoste, Duhul Sfant si \u201cun bilet in rai\u201d, ci ne-am facut si dusmani. Biblia ne spune ca este o entitate spirituala puternica care s-a pornit impotriva noastra.<\/p>\n<p>Autorul doreste sa ne arate prin aceasta carte care ar trebui sa fie atitudinea noastra fata de vrasmas. El ne spune ca siguranta noastra inaintea lui Satan nu sta in slabiciunea lui, ci in puterea lui Dumnezeu<\/p>\n<p>Un alt capitol important al aceste carti se numeste: zidul de protectie.<\/p>\n<p>Cuvantul spune ca \u201cneprihanirea pazeste pe cel nevinovat si ea izbaveste de la moastre\u201d. Indiferent cum ai descrie acest zid de aparare, adevarul este ca Dumnezeu ne-a dat o bariera protectoare a neprihanirii pentru a tine vrajmasul la distanta.<\/p>\n<p>Autorul te incurajeaza prin aceasta carte sa descoperi intariturile care se afla in mintea ta, sa le elimini si inlocuiesti prin adevarul cuvantului lui Dumnezeu.<\/p>\n<p>Un aspect important al acestei carti este dat de faptul ca nu doar te ajuta sa devi liber, ci iti si arata cum sa umbli in libertate pe mai departe.<\/p>\n<p>Aceasta carte minunata te va ajuta sa iti pastrezi elibererarea pe care Isus Cristos a castigat-o pentru tine si sa ramai in aceasta libertate.<\/p>\n<p>Editura: Alfa Omega Publishing<\/p>\n<p>Autor: Robert D. Heidler<\/p>\n<p>Numar de pagini: 153<\/p>\n","protected":false},"excerpt":{"rendered":"<p>Un manual de preg\u0103tire pentru eliberare, de eliberare \u0219i de autoeliberare. Po\u021bi sc\u0103pa de oprimarea satanei \u0219i po\u021bi umbla \u00een libertate!<\/p>\n","protected":false},"featured_media":6661,"template":"","meta":{"_acf_changed":false},"product_brand":[],"product_cat":[25],"product_tag":[],"class_list":{"0":"post-35233","1":"product","2":"type-product","3":"status-publish","4":"has-post-thumbnail","6":"product_cat-restaurare-vindecare-eliberare","7":"pa_autori-robert-d-heidler","8":"pa_format-carte-tiparita","9":"pa_format-carte-electronica","11":"first","12":"instock","13":"shipping-taxable","14":"purchasable","15":"product-type-variable"},"acf":[],"_links":{"self":[{"href":"https:\/\/alfaomega.tv\/librarie\/wp-json\/wp\/v2\/product\/35233","targetHints":{"allow":["GET"]}}],"collection":[{"href":"https:\/\/alfaomega.tv\/librarie\/wp-json\/wp\/v2\/product"}],"about":[{"href":"https:\/\/alfaomega.tv\/librarie\/wp-json\/wp\/v2\/types\/product"}],"wp:featuredmedia":[{"embeddable":true,"href":"https:\/\/alfaomega.tv\/librarie\/wp-json\/wp\/v2\/media\/6661"}],"wp:attachment":[{"href":"https:\/\/alfaomega.tv\/librarie\/wp-json\/wp\/v2\/media?parent=35233"}],"wp:term":[{"taxonomy":"product_brand","embeddable":true,"href":"https:\/\/alfaomega.tv\/librarie\/wp-json\/wp\/v2\/product_brand?post=35233"},{"taxonomy":"product_cat","embeddable":true,"href":"https:\/\/alfaomega.tv\/librarie\/wp-json\/wp\/v2\/product_cat?post=35233"},{"taxonomy":"product_tag","embeddable":true,"href":"https:\/\/alfaomega.tv\/librarie\/wp-json\/wp\/v2\/product_tag?post=35233"}],"curies":[{"name":"wp","href":"https:\/\/api.w.org\/{rel}","templated":true}]}}