{"id":35235,"date":"2025-08-29T12:55:21","date_gmt":"2025-08-29T12:55:21","guid":{"rendered":"https:\/\/alfaomega.tv\/librarie\/?post_type=product&#038;p=35235"},"modified":"2025-09-02T09:30:50","modified_gmt":"2025-09-02T09:30:50","slug":"devenind-cine-esti-cu-adevarat","status":"publish","type":"product","link":"https:\/\/alfaomega.tv\/librarie\/produse\/identitate-crestere-spirituala-revelatie\/devenind-cine-esti-cu-adevarat\/","title":{"rendered":"Devenind cine e\u0219ti cu adev\u0103rat"},"content":{"rendered":"<\/p>\n<p><strong>Ce te re\u021bine s\u0103 devii cine e\u0219ti cu adev\u0103rat \u00een Hristos? Ce pre\u021b ai pl\u0103ti pentru a \u00eendep\u0103rta barierele care te opresc? <\/strong><\/p>\n<p>Vestea minunat\u0103 este faptul c\u0103 acest lucru a fost deja \u00eendeplinit &#8211; pre\u021bul a fost pl\u0103tit pe deplin. Dutch Sheets descoper\u0103 principii biblice care \u00ee\u021bi vor schimba via\u021ba, adev\u0103ruri despre cine e\u0219ti \u00een Hristos \u0219i cum s\u0103 devii persoana creat\u0103 de Dumnezeu. Devenind cine e\u0219ti cu adev\u0103rat \u00ee\u021bi ofer\u0103 un plan de ac\u021biune pentru a birui orice te re\u021bine \u00eentr-un loc al \u00eenfr\u00e2ngerii, pentru a te bucura de libertate. Tu po\u021bi experimenta via\u021ba inten\u021bionat\u0103 de Cristos pentru copiii S\u0103i.<\/p>\n<p>Principiile din aceast\u0103 carte mi-au schimbat umblarea \u00een credin\u021b\u0103. Ea cuprinde chei care vor descuia o via\u021b\u0103 tr\u0103it\u0103 \u00een biruin\u021b\u0103. O recomand cu mare drag oricui! RICK PINO, Fire Rain Ministries Devenind cine e\u0219ti cu adev\u0103rat este scris\u0103 \u00een mod strategic, ajut\u00e2ndu-ne s\u0103 \u00een\u021belegem pentru ce am fost crea\u021bi. Dac\u0103 e\u0219ti pastor, lider, mentor sau \u00eendrum\u0103torul cuiva, aceast\u0103 carte este o unealt\u0103 de mare folos. dac\u0103 te afli \u00eentr-o c\u0103l\u0103torie de auto-descoperire, aceast\u0103 carte \u00ee\u021bi va sluji asemenea unuei busole, ajut\u00e2ndu-te s\u0103 devii cine e\u0219ti cu adev\u0103rat. EDDIE JAMES, Eddie James Ministries<\/p>\n<p>Cuprins:<\/p>\n<p>Partea I &#8211; Problema<br \/>CAPITOLUL 1 FRACTURA AUZIT\u0102 \u00ceN TOAT\u0102 LUMEA<br \/>CAPITOLUL 2 NE BIZUIM PE PROMISIUNI&#8230;\u015eI APOI C\u0102DEM<br \/>CAPITOLUL 3 FELUL \u00ceN CARE AM FOST<br \/>CAPITOLUL 4 \u201eCERULE, AVEM O PROBLEM\u0102&#8221; <br \/>CAPITOLUL 5 PUTEREA MIN\u0162II ASUPRA MATERIEI<\/p>\n<p>Partea a II-a &#8211; Resursele <br \/>CAPITOLUL 6 \u00ceNAPOI LA VIA\u0162\u0102<br \/>CAPITOLUL 7 A FI \u015eI A DEVENI<br \/>CAPITOLUL 8 TATUAJELE SUNT TOT ACOLO<br \/>CAPITOLUL 9 CRED C\u0102 GLUME\u015eTI<br \/>CAPITOLUL 10 ADEV\u0102RATA POC\u0102IN\u0162\u0102<br \/>CAPITOLUL 11 NOUA CAS\u0102 A SUFLETULUI (PSUCH\u00c9)<br \/>CAPITOLUL 12 MERI\u0162I O PAUZ\u0102 AST\u0102ZI<\/p>\n<p>Partea a III-a &#8211; Procesul<br \/>CAPITOLUL 13 SE CAUT\u0102: UCENICI ADEV\u0102RA\u0162I<br \/>CAPITOLUL 14 O DURERE AT\u00c2T DE PL\u0102CUT\u0102<br \/>CAPITOLUL 15 DIVIDE \u015eI CUCERE\u015eTE<br \/>CAPITOLUL 16 PLANURI MARI PENTRU PSUCH\u00c9<br \/>CAPITOLUL 17 A SEM\u0102NA SEMIN\u0162ELE LUI DUMNEZEU<br \/>CAPITOLUL 18 S\u0102-\u0162I CUNO\u015eTI CALEA SPRE LIBERTATE<br \/>CAPITOLUL 19 A CONCLUZIONA CE AM \u00ceNV\u0102\u0162AT<\/p>\n<p class=\"box-download\"><a dir=\"ltr\" href=\"images\/PDF\/fragmente-carti\/pagini_-_Dutch_Sheets_-_Devenind-cine-esti-cu-adevarat_-_WEB.pdf\" target=\"_parent\">Descarc\u0103 un fragment din cartea Devenind cine e\u0219ti cu adev\u0103rat!<\/a><\/p>\n<p><strong><img loading=\"lazy\" decoding=\"async\" style=\"margin: 5px;float: left\" src=\"images\/librarie_produse\/autori\/dutchsheets_lib.jpg\" alt=\"dutchsheets lib\" width=\"100\" height=\"125\" \/>DUTCH SHEETS<\/strong> sluje\u015fte ca pastor principal \u00een biserica Spring Harvest Fellowship din Colorado Springs, Colorado. El a primit o diplom\u0103 universitar\u0103 \u00een teologie la Christ for the Nations Institute din Dallas, Texas. Dutch a c\u0103l\u0103torit mult \u00een Statele Unite, Canada, America Central\u0103, Africa \u015fi \u00eentr-o mare parte a Europei, cu scopul de a preda. El, so\u0163ia sa, Ceci, \u015fi cele dou\u0103 fiice ale lor, Sarah \u015fi Hannah, locuiesc \u00een Colorado Springs.<\/p>\n<\/p>\n<p>Editura: Alfa Omega Publishing<\/p>\n<p>Autor: Dutch Sheets<\/p>\n<p>Numar de pagini: 219<\/p>\n","protected":false},"excerpt":{"rendered":"<p>Dutch Sheets ne descoper\u0103 \u00een aceast\u0103 carte adev\u0103ruri biblice cu privire la cine suntem \u00een Cristos \u0219i cum s\u0103 devenim persoana pe care Dumnezeu a inten\u021bionat s\u0103 fim!<\/p>\n","protected":false},"featured_media":6685,"template":"","meta":{"_acf_changed":false},"product_brand":[],"product_cat":[21],"product_tag":[],"class_list":{"0":"post-35235","1":"product","2":"type-product","3":"status-publish","4":"has-post-thumbnail","6":"product_cat-identitate-crestere-spirituala-revelatie","7":"pa_autori-dutch-sheets","8":"pa_format-carte-tiparita","9":"pa_format-carte-electronica","11":"first","12":"instock","13":"shipping-taxable","14":"purchasable","15":"product-type-variable"},"acf":[],"_links":{"self":[{"href":"https:\/\/alfaomega.tv\/librarie\/wp-json\/wp\/v2\/product\/35235","targetHints":{"allow":["GET"]}}],"collection":[{"href":"https:\/\/alfaomega.tv\/librarie\/wp-json\/wp\/v2\/product"}],"about":[{"href":"https:\/\/alfaomega.tv\/librarie\/wp-json\/wp\/v2\/types\/product"}],"wp:featuredmedia":[{"embeddable":true,"href":"https:\/\/alfaomega.tv\/librarie\/wp-json\/wp\/v2\/media\/6685"}],"wp:attachment":[{"href":"https:\/\/alfaomega.tv\/librarie\/wp-json\/wp\/v2\/media?parent=35235"}],"wp:term":[{"taxonomy":"product_brand","embeddable":true,"href":"https:\/\/alfaomega.tv\/librarie\/wp-json\/wp\/v2\/product_brand?post=35235"},{"taxonomy":"product_cat","embeddable":true,"href":"https:\/\/alfaomega.tv\/librarie\/wp-json\/wp\/v2\/product_cat?post=35235"},{"taxonomy":"product_tag","embeddable":true,"href":"https:\/\/alfaomega.tv\/librarie\/wp-json\/wp\/v2\/product_tag?post=35235"}],"curies":[{"name":"wp","href":"https:\/\/api.w.org\/{rel}","templated":true}]}}