{"id":35237,"date":"2025-08-29T12:55:21","date_gmt":"2025-08-29T12:55:21","guid":{"rendered":"https:\/\/alfaomega.tv\/librarie\/?post_type=product&#038;p=35237"},"modified":"2025-09-02T09:22:41","modified_gmt":"2025-09-02T09:22:41","slug":"puterea-rugaciunii-perseverente","status":"publish","type":"product","link":"https:\/\/alfaomega.tv\/librarie\/produse\/rugaciune-mijlocire\/puterea-rugaciunii-perseverente\/","title":{"rendered":"Puterea rug\u0103ciunii perseverente"},"content":{"rendered":"<\/p>\n<p>Acest ghid \u00ee\u021bi ofer\u0103 importante r\u0103spunsuri la \u00eentreb\u0103ri precum: &#8222;De ce dureaz\u0103 at\u00e2t de mult s\u0103 primesc r\u0103spunsuri la rug\u0103ciunile mele?&#8221; &#8222;Ce pot face pentru a atinge un alt nivel \u00een via\u021ba mea de rug\u0103ciune?&#8221; Fie c\u0103 cititorii se \u00eentreab\u0103 dac\u0103 rug\u0103ciunile lor primesc r\u0103spuns sau dac\u0103 Dumnezeu agreeaz\u0103 modul lor de rug\u0103ciune sau dac\u0103 persevereaz\u0103 suficient de mult, Jacobs atinge aceste preocup\u0103ri \u0219i ofer\u0103 solu\u021bii biblice solide.<\/p>\n<p><img loading=\"lazy\" decoding=\"async\" src=\"images\/librarie_produse\/autori\/cindyjacobs_lib.jpg\" alt=\"cindyjacobs lib\" width=\"100\" height=\"125\" style=\"margin: 5px;float: left\" \/>Cindy Jacobs este unul dintre cei mai cunoscu\u0163i lideri ai mi\u015fc\u0103rii de rug\u0103ciune moderne, slujind cre\u015ftinilor din \u00eentreaga lume prin rug\u0103ciuni de mijlocire \u015fi rug\u0103ciuni profetice. Ea \u015fi so\u0163ul ei Mike sunt fondatori ai Generals International, scopul lor fiind transformarea comunit\u0103\u0163ii prin lucrarea de mijlocire \u015fi cea profetic\u0103. Cindy este autoarea unor c\u0103r\u0163i de mare succes, printre care<em><strong> St\u0103p\u00e2nind por\u0163ile vr\u0103\u015fma\u015fului<\/strong> <\/em>\u015fi <em><strong>Vocea lui Dumnezeu.<\/strong><\/em> Cindy \u015fi Mike au \u00eempreun\u0103 doi copii \u015fi locuiesc \u00een Dallas, Texas.<\/p>\n<p class=\"box-download\"><a href=\"images\/PDF\/fragmente-carti\/pagini-Cindy-Jacobs_-_Puterea-rugaciunii-perseverente.pdf\" target=\"_parent\" dir=\"ltr\">Descarc\u0103 un fragment din cartea Puterea rug\u0103ciunii perseverente!<\/a><\/p>\n<p><strong>Cuprins<\/strong><\/p>\n<p>Introducere <br \/>Capitolul unu<br \/>De ce s\u0103 ne rug\u0103m?<br \/>Capitolul doi: Argumente \u00een favoarea rug\u0103ciunii perseverente <br \/>Capitolul trei: S\u0103 ne rug\u0103m conform voii lui Dumnezeu <br \/>Capitolul patru: Blocaje \u00een calea r\u0103spunsului la rug\u0103ciune <br \/>Capitolul cinci: Postul <br \/>Capitolul \u0219ase: Cum s\u0103 ne rug\u0103m pe baza Cuv\u00e2ntului <br \/>Capitolul \u0219apte: Lauda perseverent\u0103 <br \/>Capitolul opt: Rug\u0103ciunea intergenera\u021bional\u0103 <br \/>Capitolul nou\u0103: Rug\u0103ciunea de proclamare <br \/>Capitolul zece: Mijlocirea \u00een \u00cemp\u0103r\u0103\u021bie <br \/>Concluzii <br \/>\u00centreb\u0103ri pentru studiu individual \u0219i \u00een grup <\/p>\n<\/p>\n<p>Aceasta carte este un ghid practic pentru o viata de rugaciune eficienta inspirat chiar din viata autoarei Cindy Jacobs.<\/p>\n<p>Te simti blocat in viata ta de rugaciune intrebandu-te daca rugaciunile depasesc nivelul tavanului? Iti doresti ca rugaciunile tale sa aiba un impact insemnat in viata familiei tale, a prietenilor tai si a comunitatii din care faci parte?<\/p>\n<p>Deschide aceasta carte si descopera ceea ce Cindy Jacobs a invatat de-a lungul anilor de rugaciune perseverente.<\/p>\n<p>Cindy Jacobs este una dintre conducatoarele cele mai renumite ale miscarii moderne de rugaciune, promovand in toata lumea mijlocirea, pocainta si restaurarea. Impreuna cu sotul ei Mike, au fondat organizatia \u201cGeneralii Internationali\u201d, care are ca scop transformarea sociala prin mijlocire si slujire profetica. Printre cartile scrise de Cindy se numara: Stapanind portile vrajmasului si Vocea lui Dumnezeu.<\/p>\n<p>Cindy isi incepe aceasta carte prin a oferi cateva argumente puternice cu privire la importanta rugaciunii si de ce este atat de important sa ne rugam. De asemenea ea dezvaluie care este frumusetea faptului de a cere \u0219i a primi r\u0103spuns din partea lui Dumnezeu. Cindy ne dezvaluie faptul ca Dumnezeu vrea sa ii cerem sa faca lucruri care elibereaza voia Sa in fiecare parte a creatiei si in fiecare domeniu al vietii noastre.<\/p>\n<p>Rugaciunea unei persoane care traieste in mod drept cu Dumnezeu este un lucru plin de putere, imposibil de ignorat.De multe ori oamenii se intreaba: cum as putea sa cer ceva lui Dumnezeu care sa fie conform cu voia Lui?<\/p>\n<p>Raspunsul este simplu: El si-a revelat voia in Cuvantul Sau. Cuvatul spune ca \u201eindrazneala pe care o avem la Dumnezeu este ca stim ca El ne asculta\u201d. Increderea noastra, spune Cindy vine bazata pe faptul ca noi cunoastem Cuvantul lui Dumnezeu.<\/p>\n<p>Printre capitolele acestei carti se numara si un capitol care vorbeste despre piedicile care stau in calea primirii raspunsurilor la rugaciune. Cindy spune ca cele mai intalnite piedici sunt: o rana emotionala profunda, neiertarea, radacinile de amaraciune, pacatul nemarturisirii, intariturile mintii, neincredere in bunatatea lui Dumnezeu.<\/p>\n<p>Cindy afirma faptul ca exista o putere care vine din rugaciunea pe baza Cuvantului pe care fiecare credincios poate sa o acceseze.<\/p>\n<p>Suntem incurajati prin aceasta carte sa cautam in primul rand sa intelegem Cuvantul si sa il lasam ca acesta sa ne transforme vietiile prin rugaciunile pe care le rostim.<\/p>\n<p>Editura: Alfa Omega Publishing<\/p>\n<p>Numar de pagini: 202<\/p>\n","protected":false},"excerpt":{"rendered":"<p>Acest ghid \u00ee\u021bi ofer\u0103 importante r\u0103spunsuri la \u00eentreb\u0103ri precum: &#8222;De ce dureaz\u0103 at\u00e2t de mult s\u0103 primesc r\u0103spunsuri la rug\u0103ciunile mele?&#8221;, &#8222;Ce pot face pentru a atinge un alt nivel \u00een via\u021ba mea de rug\u0103ciune?&#8221;<\/p>\n","protected":false},"featured_media":6693,"template":"","meta":{"_acf_changed":false},"product_brand":[],"product_cat":[22],"product_tag":[],"class_list":{"0":"post-35237","1":"product","2":"type-product","3":"status-publish","4":"has-post-thumbnail","6":"product_cat-rugaciune-mijlocire","7":"pa_autori-cindy-jacobs","8":"pa_format-carte-tiparita","10":"first","11":"instock","12":"shipping-taxable","13":"purchasable","14":"product-type-variable","15":"has-default-attributes"},"acf":[],"_links":{"self":[{"href":"https:\/\/alfaomega.tv\/librarie\/wp-json\/wp\/v2\/product\/35237","targetHints":{"allow":["GET"]}}],"collection":[{"href":"https:\/\/alfaomega.tv\/librarie\/wp-json\/wp\/v2\/product"}],"about":[{"href":"https:\/\/alfaomega.tv\/librarie\/wp-json\/wp\/v2\/types\/product"}],"wp:featuredmedia":[{"embeddable":true,"href":"https:\/\/alfaomega.tv\/librarie\/wp-json\/wp\/v2\/media\/6693"}],"wp:attachment":[{"href":"https:\/\/alfaomega.tv\/librarie\/wp-json\/wp\/v2\/media?parent=35237"}],"wp:term":[{"taxonomy":"product_brand","embeddable":true,"href":"https:\/\/alfaomega.tv\/librarie\/wp-json\/wp\/v2\/product_brand?post=35237"},{"taxonomy":"product_cat","embeddable":true,"href":"https:\/\/alfaomega.tv\/librarie\/wp-json\/wp\/v2\/product_cat?post=35237"},{"taxonomy":"product_tag","embeddable":true,"href":"https:\/\/alfaomega.tv\/librarie\/wp-json\/wp\/v2\/product_tag?post=35237"}],"curies":[{"name":"wp","href":"https:\/\/api.w.org\/{rel}","templated":true}]}}