{"id":35239,"date":"2025-08-29T12:55:21","date_gmt":"2025-08-29T12:55:21","guid":{"rendered":"https:\/\/alfaomega.tv\/librarie\/?post_type=product&#038;p=35239"},"modified":"2025-09-01T08:54:58","modified_gmt":"2025-09-01T08:54:58","slug":"rugaciunea-care-muta-muntii","status":"publish","type":"product","link":"https:\/\/alfaomega.tv\/librarie\/produse\/rugaciune-mijlocire\/rugaciunea-care-muta-muntii\/","title":{"rendered":"Rug\u0103ciunea care mut\u0103 mun\u021bii"},"content":{"rendered":"<p><img loading=\"lazy\" decoding=\"async\" src=\"images\/librarie_produse\/autori\/gordonlindsay_lib.jpg\" alt=\"gordonlindsay lib\" style=\"margin: 5px;float: left\" width=\"100\" height=\"125\" \/>Promisiunea Lui a inclus chiar mai mult &#8211; \u201etoate lucrurile\u201d. Sun\u0103 prea bine ca s\u0103 fie adev\u0103rat, dar este adev\u0103rat. Ai acces la puterea care dore\u0219te s\u0103 mute mun\u021bii? Da! Dar trebuie s\u0103 \u0219tii secretul care elibereaz\u0103 aceast\u0103 putere.<\/p>\n<p>Despre Gordon Lindsay cei cunoscu\u021bi \u00ee\u0219i amintesc faptul c\u0103 pentru el rug\u0103ciunea era le fel de esen\u021bial\u0103 ca \u0219i respira\u021bia. Aceast\u0103 care cuprinde esen\u021ba \u00een\u021b\u0103v\u0103turii sale cu privire la rug\u0103ciune, fiind considerat\u0103 de mul\u021bi ca fiind o lucrare clasic\u0103 \u00een domeniu. Gordon \u0219i So\u021bia lui Freda au \u00eenfiin\u021bat lucrarea <em>Christ for the Nations &#8211; o organiza\u021bie misionar\u0103 cu activitate \u00een peste 120 de \u021b\u0103ri<\/em> \u0219i institutul ei (CFNI)<\/p>\n<p class=\"box-download\"><a href=\"images\/PDF\/fragmente-carti\/pagini-Gordon-Lindsay_-_Rugaciunea-care-muta-muntii_-_TIPAR.pdf\" target=\"_blank\" rel=\"noopener noreferrer\" dir=\"ltr\">Descarc\u0103 un fragment din cartea Rugaciunea care mut\u0103 mun\u021bii!<\/a><\/p>\n<p><strong>Cuprins<\/strong><\/p>\n<p>Rug\u0103ciunea care mut\u0103 mun\u021bii<br \/>Secretul prezen\u021bei lui Dumnezeu<br \/>Secretul laudei<br \/>Secretul viziunii asupra lumii<br \/>Secretul rug\u0103ciunii dup\u0103 voia lui Dumnezeu<br \/>Secretul de a \u0219ti pentru ce s\u0103 te rogi<br \/>Secretul p\u0103rt\u0103\u0219iei zilnice<br \/>Secretul S\u00e2ngelui Leg\u0103m\u00e2ntului<br \/>Secretul obstacolului \u00een rug\u0103ciune<br \/>Secretul rug\u0103ciunii care anticipeaz\u0103 r\u0103ul<br \/>Secretul primirii binecuv\u00e2nt\u0103rilor financiare<br \/>Secretul cre\u0219terii de 10 ori a puterii \u00een rug\u0103ciune<br \/>Secretul prin care puterea \u00een rug\u0103ciune poate fi m\u0103rit\u0103 de 100 de ori<br \/>Secretul du\u0219manului nev\u0103zut<br \/>Secretul autorit\u0103\u021bii rug\u0103ciunii<br \/>Secretul credin\u021bei care mut\u0103 mun\u021bii<br \/>Secretul postului \u0219i rug\u0103ciunii<br \/>Secretul st\u0103p\u00e2nirii \u00een rug\u0103ciune<br \/>Secretul rug\u0103ciunii f\u0103r\u0103 \u00eencetare<\/p>\n<p>\u00a0<\/p>\n<p align=\"JUSTIFY\">O carte care vorbeste despre faptul ca tu ai acces la puterea care muta muntii. Insa pentru a putea face aceasta trebuie sa afli care este secretul care se afla la baza acestei promisiuni. Pentru Gordon, rugaciunea este la fel de esentiala ca si respiratia. Aceasta carte reprezinta esenta invataturii sale cu privire la rugaciune, fiind considerata de multi o lucrare clasica in domeniu.<\/p>\n<p align=\"JUSTIFY\">Aceasta carte are la baza versetul care spune: \u201cadevarat va spun ca daca veti avea credinta si nu va veti indoi, veti face lucruri mari, si chiar daca ati zice muntelui acestuia: ridica-te si arunca-te in marese va face. Tot ce veti cere cu credinta prin rugaciune, veti primi\u201d.<\/p>\n<p align=\"JUSTIFY\">Puterea de a muta muntii. Aceasta este ceea ce a zis Isus ca ai putea avea. Promisiunea Lui a inclus chiar mai mult \u2013 toate lucrurile. Suna prea bine ca sa fie adevarat, dar este adevarul.<\/p>\n<p align=\"JUSTIFY\">Autorul acestei carti doreste sa iti arate faptul ca ai acces la puterea care muta muntii. Dar trebuie sa sti secretul care elibereaza aceasta putere. Doar sa iti doresti ca lucrurile sa se schimbe in bine nu o sa iti aduca rezultate. Autorul ne spune ca una dintre cele mai obijnuite cai prin care credinta oamenilor este diminuata se datoreaza presupunerii ca nu e voia lui Dumnezeu ca sa raspunda la rugaciunile lor.<\/p>\n<p align=\"JUSTIFY\">Este voia lui Dumnezeu ca fiecare crestin sa fie sanatos. Este voia lui Dumnezeu ca fiecare credincios sa aiba victorie asupra fricii si apasarii. Este voia lui Dumnezeu ca zi de zi nevoile copiilor Sai sa fie implinite.<\/p>\n<p align=\"JUSTIFY\">In prima predica a lui Isus Cristos, El a stabilit cateva principii importante care guverneaza succesul rugaciunii. Isus a fost interesat doar de rugaciunea care a adus raspunsuri si care, daca era nevoie, putea muta muntii. A fost obiceiul lui Isus de a se adresa inimii problemei. In aceasta carte ne este prezentat faptul ca rugaciunea care muta muntii necesita in primul rand recunoasterea prezentei Celui care a creat muntii, a faptului ca El este cu tine in fiecare moment.<\/p>\n<p align=\"JUSTIFY\">De asemenea autorul ne spune faptul ca lauda are un rol foarte important. Rugaciunea incepe cu adorarea. Dumnezeu este bun si minunat. Tot ceea ce esti sau vei fi se datoreaza in totalitate Lui, datatorul oricarui lucru bun si desavarsit. Prin adorare poti intra in prezenta lui Dumnezeu. Biblia ne spune: \u201cIntrati cu laude pe portile Lui, intrati cu cantari in curtile Lui\u201d.<\/p>\n<p align=\"JUSTIFY\">De asemenea este foarte important sa cunoastem la modul specific pentru ce ne rugam. Autorul ne spune faptul ca de multe ori crestinii pierd lupta de a primii ceea ce isi doresc prin faptul ca nu se roaga specific.<\/p>\n<p align=\"JUSTIFY\">Un alt aspect important il reprezinta cunoasterea autoritatii pe care o avem in Cristos si faptul ca El ne-a facut deja biruitori.<\/p>\n<p align=\"JUSTIFY\">Citind aceasta carte vei fi incurajat sa primesti raspuns la rugaciunle tale si sa te increzi in Domnul din toata inima ta.<\/p>\n<p align=\"JUSTIFY\">Editura: Alfa Omega Publishing<\/p>\n<p align=\"JUSTIFY\">Numar de pagini: 117<\/p>\n","protected":false},"excerpt":{"rendered":"<p>O carte care vorbeste despre faptul ca tu ai acces la puterea care muta muntii. Insa pentru a putea face aceasta trebuie sa afli care este secretul care se afla la baza acestei promisiuni. Pentru Gordon, rugaciunea este la fel de esentiala ca si respiratia. Aceasta carte reprezinta esenta invataturii sale cu privire la rugaciune, fiind considerata de multi o lucrare clasica in domeniu.<\/p>\n","protected":false},"featured_media":6695,"template":"","meta":{"_acf_changed":false},"product_brand":[],"product_cat":[22],"product_tag":[],"class_list":{"0":"post-35239","1":"product","2":"type-product","3":"status-publish","4":"has-post-thumbnail","6":"product_cat-rugaciune-mijlocire","7":"pa_autori-gordon-lindsay","8":"pa_format-carte-tiparita","9":"pa_format-carte-electronica","11":"first","12":"instock","13":"shipping-taxable","14":"purchasable","15":"product-type-variable"},"acf":[],"_links":{"self":[{"href":"https:\/\/alfaomega.tv\/librarie\/wp-json\/wp\/v2\/product\/35239","targetHints":{"allow":["GET"]}}],"collection":[{"href":"https:\/\/alfaomega.tv\/librarie\/wp-json\/wp\/v2\/product"}],"about":[{"href":"https:\/\/alfaomega.tv\/librarie\/wp-json\/wp\/v2\/types\/product"}],"wp:featuredmedia":[{"embeddable":true,"href":"https:\/\/alfaomega.tv\/librarie\/wp-json\/wp\/v2\/media\/6695"}],"wp:attachment":[{"href":"https:\/\/alfaomega.tv\/librarie\/wp-json\/wp\/v2\/media?parent=35239"}],"wp:term":[{"taxonomy":"product_brand","embeddable":true,"href":"https:\/\/alfaomega.tv\/librarie\/wp-json\/wp\/v2\/product_brand?post=35239"},{"taxonomy":"product_cat","embeddable":true,"href":"https:\/\/alfaomega.tv\/librarie\/wp-json\/wp\/v2\/product_cat?post=35239"},{"taxonomy":"product_tag","embeddable":true,"href":"https:\/\/alfaomega.tv\/librarie\/wp-json\/wp\/v2\/product_tag?post=35239"}],"curies":[{"name":"wp","href":"https:\/\/api.w.org\/{rel}","templated":true}]}}