{"id":35243,"date":"2025-08-29T12:55:21","date_gmt":"2025-08-29T12:55:21","guid":{"rendered":"https:\/\/alfaomega.tv\/librarie\/?post_type=product&#038;p=35243"},"modified":"2025-09-01T10:12:24","modified_gmt":"2025-09-01T10:12:24","slug":"rugaciuni-care-alunga-demoni","status":"publish","type":"product","link":"https:\/\/alfaomega.tv\/librarie\/produse\/rugaciune-mijlocire\/rugaciuni-care-alunga-demoni\/","title":{"rendered":"Rug\u0103ciuni care alung\u0103 demoni"},"content":{"rendered":"<p>Rug\u0103ciunea \u0219i m\u0103rturisirea Cuv\u00e2ntului sunt dou\u0103 dintre cele mai puternice arme pe care le avem \u00een aceast\u0103 via\u021b\u0103. Ele ne fac leg\u0103tura cu Dumnezeu \u0219i permit ca puterea Lui s\u0103 curg\u0103 prin noi \u00een fiecare circumstan\u021b\u0103. Cartea Rug\u0103ciuni care Alung\u0103 Demoni combin\u0103 rug\u0103ciuni puternice cu declara\u021bii luate din Scriptur\u0103 pentru a ne ajuta s\u0103 biruim influen\u021ba \u0219i asuprirea demonic\u0103 din via\u021ba noastr\u0103. Ea include o introducere despre lupta spiritual\u0103 \u0219i principiile biblice pentru rug\u0103ciune \u00eempreun\u0103 cu rug\u0103ciuni specifice care con\u021bin declara\u021bii pentru lupta spiritual\u0103 potrivite pentru orice situa\u021bie.<\/p>\n<p>Descoperi\u021bi cum s\u0103 elibera\u021bi focul Dumnezeului celui viu \u00een: PREDICARE | PROOROCIRE | VINDECAREA BOLNAVILOR | SCOATEREA DEMONILOR<\/p>\n<p>&#8222;Rug\u0103ciuni care Alung\u0103 Demoni&#8221; este manualul vostru de referin\u021b\u0103 pentru \u00eenfr\u00e2ngerea diavolului. Rupe\u021bi puterile \u00eentunericului \u0219i elibera\u021bi binecuv\u00e2ntarea \u0219i favoarea Domnului peste via\u021ba voastr\u0103 chiar ast\u0103zi!<\/p>\n<p><strong><img loading=\"lazy\" decoding=\"async\" src=\"images\/librarie_produse\/autori\/johneckhardt_lib.jpg\" alt=\"johneckhardt lib\" style=\"margin: 5px;float: left\" height=\"125\" width=\"100\" \/>Apostolul John Eckhardt<\/strong> este supraveghetor al organiza\u021biei Crusaders Ministries, cu sediul \u00een Chicago, Illinois. Av\u00e2nd o puternic\u0103 chemare apostolic\u0103, el a slujit \u00een Statele Unite \u0219i peste ocean, \u00een mai bine de 70 de \u021b\u0103ri. El este un conferen\u021biar interna\u021bional foarte c\u0103utat, a scris peste 20 de c\u0103r\u021bi \u0219i produce zilnic o emisiune la radio. Programul s\u0103u de televiziune, Perfecting the Saints, este vizionat\u0103 s\u0103pt\u0103m\u00e2nal \u00een Statele Unite pe postul The Word Network. Eckhardt locui\u0219te \u00een zona ora\u0219ului Chicago, \u00eempreuna cu so\u021bia sa, Wanda, \u0219i cei cinci copii ai lor.<\/p>\n<p>Num\u0103r de pagini: 101<\/p>\n<p class=\"box-download\"><a href=\"images\/PDF\/fragmente-carti\/pagini_JE_-_rugaciuni_care_alunga_demoni_-_DIGITAL.pdf\" target=\"_blank\" dir=\"ltr\" rel=\"noopener\">Descarc\u0103 un fragment din cartea Rug\u0103ciuni care alung\u0103 Demoni!<\/a><\/p>\n<p><strong>Cuprins<\/strong><\/p>\n<p>Cuv\u00e2nt \u00eenainte<br \/>Introducere<\/p>\n<p>I- Conectarea la sursa de putere<\/p>\n<p>M\u0103rturisiri<br \/>Rug\u0103ciuni pentru binecuv\u00e2ntare \u0219i favoare<br \/>Rug\u0103ciuni pentru revela\u021bie<br \/>Rug\u0103ciuni cu privire la ceruri<br \/>Rug\u0103ciuni pentru l\u0103rgire \u0219i cre\u0219tere<br \/>Renun\u021b\u0103ri<br \/>Rug\u0103ciuni \u00een Hristos<br \/>Rug\u0103ciuni \u0219i declara\u021bii cu privire la \u00cemp\u0103r\u0103\u021bie<br \/>Rug\u0103ciuni care elibereaz\u0103 focul lui Dumnezeu<br \/>Rug\u0103ciuni pentru a da porunci dimine\u021bii, zilei \u0219i nop\u021bii<br \/>Lansarea sabiei Domnului<br \/>Lansarea s\u0103ge\u021bilor Domnului<br \/>Ruperea blestemelor \u0219i scoaterea duhurilor genera\u021bionale<br \/>Anularea leg\u0103mintelor p\u0103c\u0103toase<\/p>\n<p>II &#8211; Preg\u0103tind atacul \u00eempotriva vr\u0103jma\u0219ului<\/p>\n<p>Rug\u0103ciuni pentru siguran\u021b\u0103 \u0219i protec\u021bie divin\u0103<br \/>Rug\u0103ciuni pentru \u00eentinderea bra\u021bului Domnului<br \/>Eliberarea puterii lui Dumnezeu<br \/>Eliberarea puterii s\u00e2ngelui<br \/>Rug\u0103ciuni pentru lupta spiritual\u0103<br \/>Rug\u0103ciuni pentru a scoate din r\u0103d\u0103cini<br \/>Rug\u0103ciuni \u00eempotriva Satanei (diavolul)<br \/>Mustrarea vr\u0103jma\u0219ului<br \/>Rug\u0103ciuni prin care se vorbe\u0219te mun\u021bilor<br \/>Eliberarea pustiitorilor<\/p>\n<p>III &#8211; Rezisten\u021ba \u00eempotriva tacticilor vr\u0103jma\u0219ului<\/p>\n<p>Stingerea focului vr\u0103jma\u0219ului<br \/>Ruperea blestemelor \u0219i eliberarea binecuv\u00e2nt\u0103rilor lui Dumnezeu<br \/>Rug\u0103ciuni pentru a birui uneltirile satanice \u0219i demonice<br \/>Biruirea \u0219i separarea ligilor demonice<br \/>Rug\u0103ciuni pentru locurile cere\u0219ti<br \/>Rug\u0103ciuni spuse peste por\u021bi<br \/>Rug\u0103ciuni \u00eempotriva idolilor<br \/>Rug\u0103ciuni care distrug asuprirea<br \/>Ruperea puterii schizofreniei \u0219i a nestatorniciei (bazat pe <i>The Schizophrenia <\/i><i>Revelation <\/i>scris\u0103 de Ida Mae Hammond)<br \/>Rug\u0103ciuni \u0219i declara\u021bii care rup puterile \u00eentunericului<br \/>Rug\u0103ciuni \u00eempotriva duhului de distrugere<br \/>\u00cenchiderea sp\u0103rturilor \u0219i a barierelor<br \/>Distrugerea vaselor rele<br \/>Distrugerea jugurilor \u0219i \u00eendep\u0103rtarea poverilor<\/p>\n<p>IV &#8211; Distrugerea for\u021belor vr\u0103jma\u0219ului<\/p>\n<p>Rug\u0103ciuni \u00eempotriva \u00eemp\u0103ra\u021bilor demonici<br \/>Rug\u0103ciuni \u00eempotriva leviatanului \u0219i a duhurilor marine<br \/>Rug\u0103ciuni \u00eempotriva Izabelei<br \/>Rug\u0103ciuni \u00eempotriva duhurilor pustiei<br \/>Rug\u0103ciuni \u00eempotriva c\u0103l\u0103re\u021bilor demonici<br \/>Rug\u0103ciuni \u00eempotriva duhurilor v\u0103ii<br \/>Rug\u0103ciuni \u00eempotriva p\u0103s\u0103rilor<br \/>Eliberarea de lei<br \/>Eliberarea de \u0219erpi<br \/>Eliberarea de mu\u0219te<br \/>Eliberarea de duhuri animalice<\/p>\n<p>V &#8211; Experimentarea eliber\u0103rii \u0219i a dezleg\u0103rii<\/p>\n<p>Rug\u0103ciuni de auto-eliberare<br \/>Rug\u0103ciuni pentru prosperitate \u0219i pentru eliberare financiar\u0103<br \/>Rug\u0103ciuni pentru vindecare \u0219i s\u0103n\u0103tate<br \/>Rug\u0103ciuni pentru eliberare<br \/>Izb\u0103ve\u0219te-m\u0103 de cel r\u0103u. (Matei 6:13)<br \/>Eliberarea \u0219i renun\u021barea la p\u0103catul sexual<br \/>Rug\u0103ciuni pentru eliberare \u00eengereasc\u0103<br \/>Rug\u0103ciuni \u00eempotriva terorismului<br \/>Rug\u0103ciuni apostolice<br \/>Rug\u0103ciuni de legare \u0219i de dezlegare<br \/>Ru\u0219ine peste vr\u0103jma\u0219<br \/>Rug\u0103ciuni pentru suflete<br \/>Rug\u0103ciuni pentru na\u021biunea voastr\u0103<\/p>\n","protected":false},"excerpt":{"rendered":"<p>&#8222;Rug\u0103ciuni care Alung\u0103 Demoni&#8221; este manualul vostru de referin\u021b\u0103 pentru \u00eenfr\u00e2ngerea diavolului. Rupe\u021bi puterile \u00eentunericului \u0219i elibera\u021bi binecuv\u00e2ntarea \u0219i favoarea Domnului peste via\u021ba voastr\u0103 chiar ast\u0103zi!<\/p>\n","protected":false},"featured_media":6703,"template":"","meta":{"_acf_changed":false},"product_brand":[],"product_cat":[22],"product_tag":[],"class_list":{"0":"post-35243","1":"product","2":"type-product","3":"status-publish","4":"has-post-thumbnail","6":"product_cat-rugaciune-mijlocire","7":"pa_autori-john-eckhardt","8":"pa_format-carte-tiparita","10":"first","11":"instock","12":"shipping-taxable","13":"purchasable","14":"product-type-variable","15":"has-default-attributes"},"acf":[],"_links":{"self":[{"href":"https:\/\/alfaomega.tv\/librarie\/wp-json\/wp\/v2\/product\/35243","targetHints":{"allow":["GET"]}}],"collection":[{"href":"https:\/\/alfaomega.tv\/librarie\/wp-json\/wp\/v2\/product"}],"about":[{"href":"https:\/\/alfaomega.tv\/librarie\/wp-json\/wp\/v2\/types\/product"}],"wp:featuredmedia":[{"embeddable":true,"href":"https:\/\/alfaomega.tv\/librarie\/wp-json\/wp\/v2\/media\/6703"}],"wp:attachment":[{"href":"https:\/\/alfaomega.tv\/librarie\/wp-json\/wp\/v2\/media?parent=35243"}],"wp:term":[{"taxonomy":"product_brand","embeddable":true,"href":"https:\/\/alfaomega.tv\/librarie\/wp-json\/wp\/v2\/product_brand?post=35243"},{"taxonomy":"product_cat","embeddable":true,"href":"https:\/\/alfaomega.tv\/librarie\/wp-json\/wp\/v2\/product_cat?post=35243"},{"taxonomy":"product_tag","embeddable":true,"href":"https:\/\/alfaomega.tv\/librarie\/wp-json\/wp\/v2\/product_tag?post=35243"}],"curies":[{"name":"wp","href":"https:\/\/api.w.org\/{rel}","templated":true}]}}