{"id":35245,"date":"2025-08-29T12:55:22","date_gmt":"2025-08-29T12:55:22","guid":{"rendered":"https:\/\/alfaomega.tv\/librarie\/?post_type=product&#038;p=35245"},"modified":"2025-09-01T10:12:38","modified_gmt":"2025-09-01T10:12:38","slug":"rugaciuni-care-aduc-vindecare","status":"publish","type":"product","link":"https:\/\/alfaomega.tv\/librarie\/produse\/rugaciune-mijlocire\/rugaciuni-care-aduc-vindecare\/","title":{"rendered":"Rug\u0103ciuni care aduc vindecare"},"content":{"rendered":"<p>C\u00e2nd Isus ajungea \u00eentr-un ora\u0219, vestind venirea \u00cemp\u0103r\u0103\u021biei lui Dumnezeu, nu numai c\u0103 \u00eei vindeca pe to\u021bi cei care veneau la El, ci vindeca \u201eorice boal\u0103 \u0219i orice neputin\u021b\u0103&#8221;. Vindecarea este disponibil\u0103 pentru to\u021bi!<\/p>\n<p>Rug\u0103ciuni care Aduc Vindecare este manualul t\u0103u de referin\u021b\u0103 pentru puterea de vindecare a lui Dumnezeu. Combin\u00e2nd rug\u0103ciuni puternice cu declara\u021bii luate din Scriptur\u0103, ea identific\u0103 dou\u0103sprezece modalit\u0103\u021bi prin care are loc vindecarea, printre care&#8230; <\/p>\n<ul>\n<li>VINDECAREA PRIN PUNEREA M\u00c2INILOR (LUCA 4:40)<\/li>\n<li>VINDECAREA PRIN ELIBERARE (MATEI 8:16)<\/li>\n<li>VINDECAREA PRIN RUPEREA BLESTEMELOR (GALATENI 3:13)<\/li>\n<li>VINDECAREA PRIN RUG\u0102CIUNE (MATEI 21:22)<\/li>\n<\/ul>\n<p>Rug\u0103ciunea \u0219i m\u0103rturisirea Scripturii sunt dou\u0103 dintre cele mai puternice arme pe care le avem \u00een via\u021b\u0103. Rupe puterile \u00eentunericului \u0219i elibereaz\u0103 vindecarea lui Dumnezeu \u00een via\u021ba ta chiar ast\u0103zi!<\/p>\n<p><strong><img loading=\"lazy\" decoding=\"async\" src=\"http:\/\/alfaomega.tv\/images\/librarie_produse\/autori\/johneckhardt_lib.jpg\" alt=\"johneckhardt lib\" width=\"100\" height=\"125\" style=\"margin: 5px;float: left\" \/>Apostolul John Eckhardt<\/strong> este supraveghetor al organiza\u021biei Crusaders Ministries, cu sediul \u00een Chicago, Illinois. Av\u00e2nd o puternic\u0103 chemare apostolic\u0103, el a slujit \u00een Statele Unite \u0219i peste ocean, \u00een mai bine de 70 de \u021b\u0103ri. El este un conferen\u021biar interna\u021bional foarte c\u0103utat, a scris peste 20 de c\u0103r\u021bi \u0219i produce zilnic o emisiune la radio. Programul s\u0103u de televiziune, Perfecting the Saints, este vizionat\u0103 s\u0103pt\u0103m\u00e2nal \u00een Statele Unite pe postul The Word Network. Eckhardt locui\u0219te \u00een zona ora\u0219ului Chicago, \u00eempreuna cu so\u021bia sa, Wanda, \u0219i cei cinci copii ai lor.<\/p>\n<p>Num\u0103r de pagini: 101<\/p>\n<p class=\"box-download\"><a href=\"http:\/\/alfaomega.tv\/images\/PDF\/fragmente-carti\/pagini_JE_-_rugaciuni_care_aduc_vindecare_-_web.pdf\" target=\"_blank\" rel=\"noopener noreferrer\" dir=\"ltr\">Descarc\u0103 un fragment din cartea Rug\u0103ciuni care aduc vindecare!<\/a><\/p>\n<p><strong>Cuprins<\/strong><\/p>\n<\/p>\n<p>Introducere: A\u0219teapt\u0103-te s\u0103 fii vindecat<br \/>Capitolul 1: C.t de mult valoreaz\u0103?<br \/>Capitolul 2: Manifestarea credin\u021bei pentru vindecarea ta<br \/>Capitolul 3: Cinstirea celor care vin s\u0103 vindece<br \/>Capitolul 4: Ating.nd poala hainei<br \/>Capitolul 5: Sco\u021b\u00e2nd din f\u00e2nt\u00e2n\u0103<br \/>Capitolul 6: Activarea darului de vindecare <\/p>\n<p>Editura: Alfa Omega Publishing<\/p>\n<p>Autor: John Eckhardt<\/p>\n<p>Numar pagini: 82<\/p>\n<\/p><\/p>\n","protected":false},"excerpt":{"rendered":"<p>&#8222;Rug\u0103ciuni care Aduc Vindecare&#8221; este manualul t\u0103u de referin\u021b\u0103 pentru puterea de vindecare a lui Dumnezeu. Combin\u00e2nd rug\u0103ciuni puternice cu declara\u021bii luate din Scriptur\u0103, ea identific\u0103 dou\u0103sprezece modalit\u0103\u021bi prin care are loc vindecarea.<\/p>\n","protected":false},"featured_media":6705,"template":"","meta":{"_acf_changed":false},"product_brand":[],"product_cat":[22],"product_tag":[],"class_list":{"0":"post-35245","1":"product","2":"type-product","3":"status-publish","4":"has-post-thumbnail","6":"product_cat-rugaciune-mijlocire","7":"pa_autori-john-eckhardt","8":"pa_format-carte-tiparita","10":"first","11":"instock","12":"shipping-taxable","13":"purchasable","14":"product-type-variable","15":"has-default-attributes"},"acf":[],"_links":{"self":[{"href":"https:\/\/alfaomega.tv\/librarie\/wp-json\/wp\/v2\/product\/35245","targetHints":{"allow":["GET"]}}],"collection":[{"href":"https:\/\/alfaomega.tv\/librarie\/wp-json\/wp\/v2\/product"}],"about":[{"href":"https:\/\/alfaomega.tv\/librarie\/wp-json\/wp\/v2\/types\/product"}],"wp:featuredmedia":[{"embeddable":true,"href":"https:\/\/alfaomega.tv\/librarie\/wp-json\/wp\/v2\/media\/6705"}],"wp:attachment":[{"href":"https:\/\/alfaomega.tv\/librarie\/wp-json\/wp\/v2\/media?parent=35245"}],"wp:term":[{"taxonomy":"product_brand","embeddable":true,"href":"https:\/\/alfaomega.tv\/librarie\/wp-json\/wp\/v2\/product_brand?post=35245"},{"taxonomy":"product_cat","embeddable":true,"href":"https:\/\/alfaomega.tv\/librarie\/wp-json\/wp\/v2\/product_cat?post=35245"},{"taxonomy":"product_tag","embeddable":true,"href":"https:\/\/alfaomega.tv\/librarie\/wp-json\/wp\/v2\/product_tag?post=35245"}],"curies":[{"name":"wp","href":"https:\/\/api.w.org\/{rel}","templated":true}]}}