{"id":35249,"date":"2025-08-29T12:55:22","date_gmt":"2025-08-29T12:55:22","guid":{"rendered":"https:\/\/alfaomega.tv\/librarie\/?post_type=product&#038;p=35249"},"modified":"2025-11-06T11:31:57","modified_gmt":"2025-11-06T11:31:57","slug":"imparatia-secreta","status":"publish","type":"product","link":"https:\/\/alfaomega.tv\/librarie\/produse\/slujind-trupul-lui-hristos\/imparatia-secreta\/","title":{"rendered":"\u00cemp\u0103r\u0103\u021bia secret\u0103"},"content":{"rendered":"<p>Pat Robertson &#8211; jurist, economist, director de televiziune, teolog, membru \u00een grupul operativ preziden\u021bial, profesor &#8211; dezv\u0103luie legile \u00ceMP\u0102R\u0102\u021aIEI SECRETE oferind via\u021b\u0103 abundent\u0103:<\/p>\n<p><em><strong>Legea Reciprocit\u0103\u021bii &#8211; Legea Folosin\u021bei &#8211; Legea Perseveren\u021bei Legea Responsabilit\u0103\u021bii &#8211; Legea M\u0103re\u021biei &#8211; Legea Unit\u0103\u021bii Legea Miracolelor &#8211; Legea St\u0103p\u00e2nirii<\/strong><\/em><\/p>\n<p>\u201cSt\u00e2nd \u00een fotoliul meu confortabil \u00een sufragerie diminea\u021b\u0103 dup\u0103 diminea\u021b\u0103, citind Scripturile, rug\u00e2ndu-m\u0103, medit\u00e2nd, lu\u00e2nd noti\u021be, am descoperit primul, apoi al doilea, al treilea \u0219i mai multe dintre aceste principii. Dar, la fel de important, le-am aplicat \u00een via\u021ba mea &#8211; am vrut s\u0103 v\u0103d dac\u0103 lucrau. Da, au lucrat. \u0218i \u00eenc\u0103 lucreaz\u0103.\u201c<\/p>\n<p><img loading=\"lazy\" decoding=\"async\" style=\"margin: 5px; float: left;\" src=\"http:\/\/alfaomega.tv\/images\/librarie_produse\/autori\/patrobertson_lib.jpg\" alt=\"johneckhardt lib\" width=\"100\" height=\"125\" \/><\/p>\n<p><strong>Pat Robertson<\/strong>, este recunoscut pe plan interna\u0163ional ca produc\u0103tor de emisiuni TV cre\u015ftine, profesor, lider spiritual, om de stat, om de afaceri, filantrop \u015fi scriitor. El este fondatorul \u015fi pre\u015fedintele CBN (Christian Broadcasting Network), precum \u015fi fondatorul \u015fi fostul pre\u015fedinte al gigantului International Family Entertainment. Robertson este pre\u015fedintele \u015fi fondatorul Universit\u0103\u0163ii Regent, al Centrului American de Justi\u0163ie (American Center for Law and Justice) \u015fi al altor patru corpora\u0163ii comerciale active. De asemenea, el este autorul a 16 c\u0103r\u0163i.<\/p>\n<p><strong>BOB SLOSSER<\/strong>, absolvent al Universit\u0103\u021bii din Maine, este autorul unui num\u0103r \u00eensemnat de c\u0103r\u021bi. A slujit \u00een posturile de redactir na\u021bional adjunct al cotidianului New York Times \u0219i redactor la National Courier. De asemenea a ocupat func\u021bia de vicepre\u0219edinte executiv la CBN.<\/p>\n<p>Num\u0103r de pagini: 219<\/p>\n<p class=\"box-download\"><a dir=\"ltr\" href=\"http:\/\/alfaomega.tv\/images\/PDF\/fragmente-carti\/pagini_-_PR_-_Imparatia_secreta_-_DIGITAL.pdf\" target=\"_blank\" rel=\"noopener noreferrer\">Descarc\u0103 un fragment din cartea \u00cemp\u0103r\u0103\u021bia secret\u0103!<\/a><\/p>\n<p><strong>Cuprins<\/strong><\/p>\n<p>Prefa\u021b\u0103 la Edi\u021bia special\u0103 pentru partenerii CBN \u2013 ului<br \/>\nPrefa\u021b\u0103 la edi\u021bia a II-a<br \/>\nIntroducere<\/p>\n<p>Partea I: DOU\u0102 DOMENII<br \/>\nLumea vizibil\u0103<br \/>\nLumea invizibil\u0103<br \/>\nS\u0103 vezi \u0219i s\u0103 intri<br \/>\nCum func\u021bioneaz\u0103 \u00eemp\u0103r\u0103\u021bia lui Dumnezeu<br \/>\nFericire progresiv\u0103<br \/>\nR\u0103sturnare de valori<\/p>\n<p>Partea II: LEGILE \u00ceMP\u0102R\u0102\u021aIEI<br \/>\nLegea reciprocit\u0103\u021bii<br \/>\nLegea folosin\u021bei<br \/>\nLegea perseveren\u021bei<br \/>\nLegea responsabilit\u0103\u021bii<br \/>\nLegea m\u0103re\u021biei<br \/>\nLegea unit\u0103\u021bii<br \/>\nLegea miracolelor<br \/>\nLegea st\u0103p\u00e2nirii<br \/>\nRegele care vine<\/p>\n<p>Editura: Alfa Omega Publishing<\/p>\n<p>&nbsp;<\/p>\n","protected":false},"excerpt":{"rendered":"<p>Pat Robertson &#8211; jurist, economist, director de televiziune, teolog, membru \u00een grupul operativ preziden\u021bial, profesor &#8211; dezv\u0103luie legile \u00ceMP\u0102R\u0102\u021aIEI SECRETE oferind via\u021b\u0103 abundent\u0103: Legea Reciprocit\u0103\u021bii &#8211; Legea Folosin\u021bei &#8211; Legea Perseveren\u021bei Legea Responsabilit\u0103\u021bii &#8211; Legea M\u0103re\u021biei &#8211; Legea Unit\u0103\u021bii Legea Miracolelor &#8211; Legea St\u0103p\u00e2nirii<\/p>\n","protected":false},"featured_media":6721,"template":"","meta":{"_acf_changed":false},"product_brand":[],"product_cat":[19],"product_tag":[],"class_list":{"0":"post-35249","1":"product","2":"type-product","3":"status-publish","4":"has-post-thumbnail","6":"product_cat-slujind-trupul-lui-hristos","7":"pa_autori-pat-robertson","8":"pa_format-carte-tiparita","9":"pa_format-carte-electronica","11":"first","12":"instock","13":"shipping-taxable","14":"purchasable","15":"product-type-variable"},"acf":[],"_links":{"self":[{"href":"https:\/\/alfaomega.tv\/librarie\/wp-json\/wp\/v2\/product\/35249","targetHints":{"allow":["GET"]}}],"collection":[{"href":"https:\/\/alfaomega.tv\/librarie\/wp-json\/wp\/v2\/product"}],"about":[{"href":"https:\/\/alfaomega.tv\/librarie\/wp-json\/wp\/v2\/types\/product"}],"wp:featuredmedia":[{"embeddable":true,"href":"https:\/\/alfaomega.tv\/librarie\/wp-json\/wp\/v2\/media\/6721"}],"wp:attachment":[{"href":"https:\/\/alfaomega.tv\/librarie\/wp-json\/wp\/v2\/media?parent=35249"}],"wp:term":[{"taxonomy":"product_brand","embeddable":true,"href":"https:\/\/alfaomega.tv\/librarie\/wp-json\/wp\/v2\/product_brand?post=35249"},{"taxonomy":"product_cat","embeddable":true,"href":"https:\/\/alfaomega.tv\/librarie\/wp-json\/wp\/v2\/product_cat?post=35249"},{"taxonomy":"product_tag","embeddable":true,"href":"https:\/\/alfaomega.tv\/librarie\/wp-json\/wp\/v2\/product_tag?post=35249"}],"curies":[{"name":"wp","href":"https:\/\/api.w.org\/{rel}","templated":true}]}}