{"id":35255,"date":"2025-08-29T12:55:23","date_gmt":"2025-08-29T12:55:23","guid":{"rendered":"https:\/\/alfaomega.tv\/librarie\/?post_type=product&#038;p=35255"},"modified":"2025-11-28T07:35:53","modified_gmt":"2025-11-28T07:35:53","slug":"chemati-sa-fim-invingatori","status":"publish","type":"product","link":"https:\/\/alfaomega.tv\/librarie\/produse\/derek-prince\/chemati-sa-fim-invingatori\/","title":{"rendered":"Chema\u021bi s\u0103 fim \u00eenving\u0103tori"},"content":{"rendered":"<p>Puterile intunericului sunt la lucru ca sa te impiedice de la acest lucru, dar Isus vrea sa te aseze intr-un loc de responsabilitate si privilegii neasemuite in cadrul Imparatiei Sale. Pe masura ce te supui lucrarii pe care El a pregatit-o pentru tine, iti vei implini chemarea in aceste zile din urma, cu increderea si curajul date de catre Cel care te cheama sa fii invingator!<\/p>\n<p>Autorul Derek Prince te va ajuta:<\/p>\n<ul>\n<li>sa inveti cum sa-ti descoperi darurile<\/li>\n<li>sa descoperi care sunt pasii spre a-ti gasi locul in slujirea lui Dumnezeu<\/li>\n<li>sa-ti dezvolti capacitatea de a auzi vocea Duhului Sfant<\/li>\n<li>sa intelegi care este cel mai mare obstacol in calea implinirii chemarii tale<\/li>\n<\/ul>\n<p>Autor: Derek Prince<\/p>\n<p>Editura: Editura Neemia<\/p>\n<p>Numar de pagini: 201 <\/p>\n","protected":false},"excerpt":{"rendered":"<p>Vrei sa stii care-ti este slujba, care-ti este locul si lucrarea, care sunt relatiile pe care Dumnezeu le-a pregatit pentru tine? Vrei sa intri in acea stare privilegiata de purtare de grija si responsabilitate, pregatita special pentru tine &#8211; in veacul acesta si in cel viitor?<\/p>\n","protected":false},"featured_media":6753,"template":"","meta":{"_acf_changed":false},"product_brand":[],"product_cat":[42],"product_tag":[],"class_list":{"0":"post-35255","1":"product","2":"type-product","3":"status-publish","4":"has-post-thumbnail","6":"product_cat-derek-prince","7":"pa_autori-derek-prince","8":"pa_format-carte-tiparita","10":"first","11":"outofstock","12":"shipping-taxable","13":"purchasable","14":"product-type-variable","15":"has-default-attributes"},"acf":[],"_links":{"self":[{"href":"https:\/\/alfaomega.tv\/librarie\/wp-json\/wp\/v2\/product\/35255","targetHints":{"allow":["GET"]}}],"collection":[{"href":"https:\/\/alfaomega.tv\/librarie\/wp-json\/wp\/v2\/product"}],"about":[{"href":"https:\/\/alfaomega.tv\/librarie\/wp-json\/wp\/v2\/types\/product"}],"wp:featuredmedia":[{"embeddable":true,"href":"https:\/\/alfaomega.tv\/librarie\/wp-json\/wp\/v2\/media\/6753"}],"wp:attachment":[{"href":"https:\/\/alfaomega.tv\/librarie\/wp-json\/wp\/v2\/media?parent=35255"}],"wp:term":[{"taxonomy":"product_brand","embeddable":true,"href":"https:\/\/alfaomega.tv\/librarie\/wp-json\/wp\/v2\/product_brand?post=35255"},{"taxonomy":"product_cat","embeddable":true,"href":"https:\/\/alfaomega.tv\/librarie\/wp-json\/wp\/v2\/product_cat?post=35255"},{"taxonomy":"product_tag","embeddable":true,"href":"https:\/\/alfaomega.tv\/librarie\/wp-json\/wp\/v2\/product_tag?post=35255"}],"curies":[{"name":"wp","href":"https:\/\/api.w.org\/{rel}","templated":true}]}}