{"id":35257,"date":"2025-08-29T12:55:23","date_gmt":"2025-08-29T12:55:23","guid":{"rendered":"https:\/\/alfaomega.tv\/librarie\/?post_type=product&#038;p=35257"},"modified":"2025-09-01T10:10:19","modified_gmt":"2025-09-01T10:10:19","slug":"rugaciuni-care-muta-muntii","status":"publish","type":"product","link":"https:\/\/alfaomega.tv\/librarie\/produse\/rugaciune-mijlocire\/rugaciuni-care-muta-muntii\/","title":{"rendered":"Rug\u0103ciuni care mut\u0103 mun\u021bii"},"content":{"rendered":"<p><strong>Rugaciuni puternice care aduc raspunsuri din cer.<\/strong><\/p>\n<p>Activeaz\u0103 cea mai mare surs\u0103 de putere! Plin\u0103 de rug\u0103ciuni pentru credin\u021b\u0103, pentru poc\u0103in\u021b\u0103, pentru smerenie \u0219i pentru perseveren\u021b\u0103, cartea Rug\u0103ciuni care Mut\u0103 Mun\u021bii \u00ee\u021bi duce via\u021ba de rug\u0103ciune la un nou nivel. Vei \u00eenv\u0103\u021ba despre dou\u0103 dintre cele mai puternice perioade din zi pentru rug\u0103ciune \u0219i despre ungerea pentru str\u0103pungere pe care o aduce postul.<\/p>\n<p>Aceste rug\u0103ciuni garanteaz\u0103 c\u0103 Dumnezeu te va auzi \u0219i c\u0103 vei avea izb\u00e2nd\u0103 asupra \u00eent\u0103riturilor \u0219i a demonilor \u00eenc\u0103p\u0103\u021b\u00e2na\u021bi din via\u021ba ta.<\/p>\n<p>Rug\u0103ciunea \u0219i m\u0103rturisirea Scripturii sunt dou\u0103 dintre cele mai puternice arme pe care le avem \u00een via\u021b\u0103. \u021aine aceste unelte inestimabile cu tine oriunde mergi \u0219i fii preg\u0103tit cu rug\u0103ciuni puternice pentru orice circumstan\u021b\u0103.<\/p>\n<p>Apostolul John Eckhardt este supraveghetor al organiza\u021biei Crusaders Ministries, cu sediul \u00een Chicago, Illinois. Av\u00e2nd o puternic\u0103 chemare apostolic\u0103, el a slujit \u00een Statele Unite \u0219i peste ocean, \u00een mai bine de 70 de \u021b\u0103ri. El este un conferen\u021biar interna\u021bional foarte c\u0103utat, a scris peste 20 de c\u0103r\u021bi \u0219i produce zilnic o emisiune la radio. Programul s\u0103u de televiziune, Perfecting the Saints, este vizionat\u0103 s\u0103pt\u0103m\u00e2nal \u00een Statele Unite pe postul The Word Network.\u00a0 Eckhardt locuie\u0219te \u00een zona ora\u0219ului Chicago, \u00eempreuna cu so\u021bia sa, Wanda, \u0219i cei cinci copii ai lor.<\/p>\n<p>Editura: Alfa Omega Publishing<\/p>\n<p>Autor: John Eckhardt<\/p>\n<p>Numar de pagini: 90<\/p>\n","protected":false},"excerpt":{"rendered":"<p>Activeaz\u0103 cea mai mare surs\u0103 de putere! Plin\u0103 de rug\u0103ciuni pentru credin\u021b\u0103, pentru poc\u0103in\u021b\u0103, pentru smerenie \u0219i pentru perseveren\u021b\u0103, cartea Rug\u0103ciuni care Mut\u0103 Mun\u021bii \u00ee\u021bi duce via\u021ba de rug\u0103ciune la un nou nivel. Vei \u00eenv\u0103\u021ba despre dou\u0103 dintre cele mai puternice perioade din zi pentru rug\u0103ciune \u0219i despre ungerea pentru str\u0103pungere pe care o aduce postul.<\/p>\n","protected":false},"featured_media":6755,"template":"","meta":{"_acf_changed":false},"product_brand":[],"product_cat":[22],"product_tag":[],"class_list":{"0":"post-35257","1":"product","2":"type-product","3":"status-publish","4":"has-post-thumbnail","6":"product_cat-rugaciune-mijlocire","7":"pa_autori-john-eckhardt","8":"pa_format-carte-tiparita","10":"first","11":"instock","12":"shipping-taxable","13":"purchasable","14":"product-type-variable","15":"has-default-attributes"},"acf":[],"_links":{"self":[{"href":"https:\/\/alfaomega.tv\/librarie\/wp-json\/wp\/v2\/product\/35257","targetHints":{"allow":["GET"]}}],"collection":[{"href":"https:\/\/alfaomega.tv\/librarie\/wp-json\/wp\/v2\/product"}],"about":[{"href":"https:\/\/alfaomega.tv\/librarie\/wp-json\/wp\/v2\/types\/product"}],"wp:featuredmedia":[{"embeddable":true,"href":"https:\/\/alfaomega.tv\/librarie\/wp-json\/wp\/v2\/media\/6755"}],"wp:attachment":[{"href":"https:\/\/alfaomega.tv\/librarie\/wp-json\/wp\/v2\/media?parent=35257"}],"wp:term":[{"taxonomy":"product_brand","embeddable":true,"href":"https:\/\/alfaomega.tv\/librarie\/wp-json\/wp\/v2\/product_brand?post=35257"},{"taxonomy":"product_cat","embeddable":true,"href":"https:\/\/alfaomega.tv\/librarie\/wp-json\/wp\/v2\/product_cat?post=35257"},{"taxonomy":"product_tag","embeddable":true,"href":"https:\/\/alfaomega.tv\/librarie\/wp-json\/wp\/v2\/product_tag?post=35257"}],"curies":[{"name":"wp","href":"https:\/\/api.w.org\/{rel}","templated":true}]}}