{"id":35259,"date":"2025-08-29T12:55:32","date_gmt":"2025-08-29T12:55:32","guid":{"rendered":"https:\/\/alfaomega.tv\/librarie\/?post_type=product&#038;p=35259"},"modified":"2025-09-01T10:10:57","modified_gmt":"2025-09-01T10:10:57","slug":"rugaciuni-care-aduc-cerul-pe-pamant","status":"publish","type":"product","link":"https:\/\/alfaomega.tv\/librarie\/produse\/rugaciune-mijlocire\/rugaciuni-care-aduc-cerul-pe-pamant\/","title":{"rendered":"Rug\u0103ciuni care aduc cerul pe p\u0103m\u00e2nt"},"content":{"rendered":"<p>ALINIAZ\u0102-TE CU DUMNEZEU \u0218I ADU PACEA, BUCURIA \u0218I TREZIREA SA LUMII DIN JURUL T\u0102U. PROMOVEAZ\u0102 \u00ceMP\u0102R\u0102\u021aIA LUI DUMNEZEU \u00ceN LUMEA DIN JURUL T\u0102U<\/p>\n<p>Dumnezeu are un plan extraordinar pentru Biserica Sa. Profe\u021bii au prezis o perioad\u0103 \u00een care m\u00e2ntuirea, neprih\u0103nirea, pacea, bucuria, veselia \u0219i r\u0103scump\u0103rarea vor veni \u00een lume.<\/p>\n<p>Rug\u0103ciuni care Aduc Cerul pe P\u0103m\u00e2nt este manualul t\u0103u de referin\u021b\u0103 pentru puterea de vindecare a lui Dumnezeu. Combin\u00e2nd rug\u0103ciuni puternice cu declara\u021bii luate din Scriptur\u0103, ea te ajut\u0103 s\u0103 \u00een\u021belegi planul lui Dumnezeu \u0219i \u00ee\u021bi \u021bine mintea \u0219i inima concentrate asupra Lui. Tu vei&#8230;<\/p>\n<ul>\n<li>&#8230; vedea cum planul lui Dumnezeu este descoperit pe paginile Evangheliei<\/li>\n<li> &#8230; fi plin de speran\u021b\u0103 pentru un P\u0103m\u00e2nt plin de neprih\u0103nirea Lui , recunoa\u0219te cum planul S\u0103u arat\u0103 mil\u0103 \u0219i har at\u00e2t pentru evrei, c\u00e2t \u0219i pentru Neamuri <\/li>\n<li>&#8230;. fi entuziasmat s\u0103 te rogi cu sinceritate ca cerul s\u0103 fie eliberat pe P\u0103m\u00e2nt acum<\/li>\n<\/ul>\n<p>Rug\u0103ciunea \u0219i m\u0103rturisirea Scripturii sunt dou\u0103 dintre cele mai puternice arme pe care le avem \u00een via\u021b\u0103. Roag\u0103-te cuvintele din Marcu 1:15 ca \u0219i chemare a ta pentru ceilal\u021bi: \u201eS-a \u00eemplinit vremea \u0219i \u00cemp\u0103r\u0103\u021bia lui Dumnezeu este aproape. Poc\u0103i\u021bi-v\u0103 \u0219i crede\u021bi \u00een Evanghelie.\u201d<\/p>\n<p>Apostolul John Eckhardt este supraveghetor al organiza\u021biei Crusaders Ministries, cu sediul \u00een Chicago, Illinois. Av\u00e2nd o puternic\u0103 chemare apostolic\u0103, el a slujit \u00een Statele Unite \u0219i peste ocean, \u00een mai bine de 70 de \u021b\u0103ri. El este un conferen\u021biar interna\u021bional foarte c\u0103utat, a scris peste 20 de c\u0103r\u021bi \u0219i produce zilnic o emisiune la radio. Programul s\u0103u de televiziune, Perfecting the Saints, este vizionat\u0103 s\u0103pt\u0103m\u00e2nal \u00een Statele Unite pe postul The Word Network.  Eckhardt locui\u0219te \u00een zona ora\u0219ului Chicago, \u00eempreuna cu so\u021bia sa, Wanda, \u0219i cei cinci copii ai lor.<\/p>\n<p>Numar de pagini: 80 <\/p>\n<p>Editura: Alfa Omega Publishing<\/p>\n<p>Autor: John Eckhardt<\/p>\n","protected":false},"excerpt":{"rendered":"<p>Dumnezeu are un plan extraordinar pentru Biserica Sa. Profe\u021bii au prezis o perioad\u0103 \u00een care m\u00e2ntuirea, neprih\u0103nirea, pacea, bucuria, veselia \u0219i r\u0103scump\u0103rarea vor veni \u00een lume.<br \/>\nRug\u0103ciuni care Aduc Cerul pe P\u0103m\u00e2nt este manualul t\u0103u de referin\u021b\u0103 pentru puterea de vindecare a lui Dumnezeu. Combin\u00e2nd rug\u0103ciuni puternice cu declara\u021bii luate din Scriptur\u0103, ea te ajut\u0103 s\u0103 \u00een\u021belegi planul lui Dumnezeu \u0219i \u00ee\u021bi \u021bine mintea \u0219i inima concentrate asupra Lui.<\/p>\n","protected":false},"featured_media":6757,"template":"","meta":{"_acf_changed":false},"product_brand":[],"product_cat":[22],"product_tag":[],"class_list":{"0":"post-35259","1":"product","2":"type-product","3":"status-publish","4":"has-post-thumbnail","6":"product_cat-rugaciune-mijlocire","7":"pa_autori-john-eckhardt","8":"pa_format-carte-tiparita","10":"first","11":"instock","12":"shipping-taxable","13":"purchasable","14":"product-type-variable","15":"has-default-attributes"},"acf":[],"_links":{"self":[{"href":"https:\/\/alfaomega.tv\/librarie\/wp-json\/wp\/v2\/product\/35259","targetHints":{"allow":["GET"]}}],"collection":[{"href":"https:\/\/alfaomega.tv\/librarie\/wp-json\/wp\/v2\/product"}],"about":[{"href":"https:\/\/alfaomega.tv\/librarie\/wp-json\/wp\/v2\/types\/product"}],"wp:featuredmedia":[{"embeddable":true,"href":"https:\/\/alfaomega.tv\/librarie\/wp-json\/wp\/v2\/media\/6757"}],"wp:attachment":[{"href":"https:\/\/alfaomega.tv\/librarie\/wp-json\/wp\/v2\/media?parent=35259"}],"wp:term":[{"taxonomy":"product_brand","embeddable":true,"href":"https:\/\/alfaomega.tv\/librarie\/wp-json\/wp\/v2\/product_brand?post=35259"},{"taxonomy":"product_cat","embeddable":true,"href":"https:\/\/alfaomega.tv\/librarie\/wp-json\/wp\/v2\/product_cat?post=35259"},{"taxonomy":"product_tag","embeddable":true,"href":"https:\/\/alfaomega.tv\/librarie\/wp-json\/wp\/v2\/product_tag?post=35259"}],"curies":[{"name":"wp","href":"https:\/\/api.w.org\/{rel}","templated":true}]}}