{"id":35271,"date":"2025-08-29T12:55:33","date_gmt":"2025-08-29T12:55:33","guid":{"rendered":"https:\/\/alfaomega.tv\/librarie\/?post_type=product&#038;p=35271"},"modified":"2025-09-03T09:31:03","modified_gmt":"2025-09-03T09:31:03","slug":"batalii-spirituale","status":"publish","type":"product","link":"https:\/\/alfaomega.tv\/librarie\/produse\/slujind-trupul-lui-hristos\/batalii-spirituale\/","title":{"rendered":"B\u0103t\u0103lii spirituale"},"content":{"rendered":"<p><img decoding=\"async\" src=\"http:\/\/i.ytimg.com\/vi\/elo669AjxxY\/maxresdefault.jpg\" alt=\"Alfa Omega TV\" width=\"320\" style=\"margin: 5px;float: right\" \/>TU \u0218TII C\u0102 B\u0102T\u0102LIA ESTE \u00ceN TOI &#8211; DAR LUP\u021aI \u00ceMPOTRIVA DU\u0218MANULUI ADEV\u0102RAT?<\/p>\n<p>Dup\u0103 cum du\u0219manii au luptat cu Iosua \u00een \u021aara Promis\u0103 sau Neemia s-a confruntat cu opozi\u021bia \u00een vreme ce rezidea Ierusalimul, tot astfel du\u0219manul se va lupta cu noi pe m\u0103sur\u0103 ce ne apropiem de terenul spiritual promis de Dumnezeu. Cei mai mul\u021bi dintre cre\u0219tini bat \u00een retragere \u00eenc\u0103 de la primul semn al b\u0103t\u0103liei deoarece dau gre\u0219 \u00een a recunoa\u0219te adev\u0103rata natur\u0103 a b\u0103t\u0103liei. Tu \u00eens\u0103 po\u021bi izb\u00e2ndi \u00een libertate \u0219i bucurie.<\/p>\n<p>\u00cemp\u0103rt\u0103\u0219indu-\u0219i propria poveste \u00een contextul leg\u0103turilor demonice, a luptei \u0219i a eliber\u0103rii \u00een cele din urm\u0103, pastorul \u0219i autorul Kris Vallotton confrunt\u0103 ideea de r\u0103zboi spiritual \u00een sensul \u00een care noi o \u0219tim. El descoper\u0103 minciunile diabolice \u0219i strategiile du\u0219manului &#8211; atacuri \u0219i capcane at\u00e2t de subtile \u0219i \u00een\u0219el\u0103toare \u00eenc\u00e2t sufletul \u0219i inima noastr\u0103 pot fi \u00eenl\u0103n\u021buite chiar f\u0103r\u0103 \u0219tirea noastr\u0103. \u00cendeajuns! Acum po\u021bi c\u00e2\u0219tiga b\u0103t\u0103lia invizibil\u0103 \u00eempotriva p\u0103catului \u0219i a du\u0219manului. Biruin\u021ba \u00ee\u021bi este la \u00eendem\u00e2n\u0103. \u021ai-o vei \u00eensu\u0219i?<\/p>\n<p><em>V\u0103 recomand aceast\u0103 carte cu un mare entuziasm, \u0219tiind c\u0103 urmeaz\u0103 o cre\u0219tere \u00een rodire p\u0103n\u0103 \u00een momentul \u00een care Isus \u00ee\u0219i prime\u0219te r\u0103splata pe deplin<\/em>. &#8211; Bill Johnson, autorul c\u0103r\u021bii C\u00e2nd cerul invadeaz\u0103 p\u0103m\u00e2ntul, pastor senior Biserica Bethel, Redding California<\/p>\n<\/p>\n<p>KRIS VALLOTTON este lider senior asociat \u00een cadrul bisericii Bethel din Redding, California. El este cofondator \u0219i supraveghetor senior al \u0219colii de Slujire Supranatural\u0103 Bethel \u0219i fondator al Moral Revolution. A scris c\u00e2teva c\u0103r\u021bi de succes \u0219i este un vorbitor interna\u021bional c\u0103utat. M\u0103rturia sa personal\u0103 \u00een domeniul eliber\u0103rii aduce speran\u021b\u0103 \u0219i libertate miilor de oameni care \u00eel ascult\u0103.<\/p>\n","protected":false},"excerpt":{"rendered":"<p>Dup\u0103 cum du\u0219manii au luptat cu Iosua \u00een \u021aara Promis\u0103 sau Neemia s-a confruntat cu opozi\u021bia \u00een vreme ce rezidea Ierusalimul, tot astfel du\u0219manul se va lupta cu noi pe m\u0103sur\u0103 ce ne apropiem de terenul spiritual promis de Dumnezeu.<\/p>\n","protected":false},"featured_media":6781,"template":"","meta":{"_acf_changed":false},"product_brand":[],"product_cat":[19],"product_tag":[],"class_list":{"0":"post-35271","1":"product","2":"type-product","3":"status-publish","4":"has-post-thumbnail","6":"product_cat-slujind-trupul-lui-hristos","7":"pa_autori-kris-vallotton","8":"pa_format-carte-tiparita","10":"first","11":"instock","12":"shipping-taxable","13":"purchasable","14":"product-type-variable","15":"has-default-attributes"},"acf":[],"_links":{"self":[{"href":"https:\/\/alfaomega.tv\/librarie\/wp-json\/wp\/v2\/product\/35271","targetHints":{"allow":["GET"]}}],"collection":[{"href":"https:\/\/alfaomega.tv\/librarie\/wp-json\/wp\/v2\/product"}],"about":[{"href":"https:\/\/alfaomega.tv\/librarie\/wp-json\/wp\/v2\/types\/product"}],"wp:featuredmedia":[{"embeddable":true,"href":"https:\/\/alfaomega.tv\/librarie\/wp-json\/wp\/v2\/media\/6781"}],"wp:attachment":[{"href":"https:\/\/alfaomega.tv\/librarie\/wp-json\/wp\/v2\/media?parent=35271"}],"wp:term":[{"taxonomy":"product_brand","embeddable":true,"href":"https:\/\/alfaomega.tv\/librarie\/wp-json\/wp\/v2\/product_brand?post=35271"},{"taxonomy":"product_cat","embeddable":true,"href":"https:\/\/alfaomega.tv\/librarie\/wp-json\/wp\/v2\/product_cat?post=35271"},{"taxonomy":"product_tag","embeddable":true,"href":"https:\/\/alfaomega.tv\/librarie\/wp-json\/wp\/v2\/product_tag?post=35271"}],"curies":[{"name":"wp","href":"https:\/\/api.w.org\/{rel}","templated":true}]}}