{"id":35273,"date":"2025-08-29T12:55:33","date_gmt":"2025-08-29T12:55:33","guid":{"rendered":"https:\/\/alfaomega.tv\/librarie\/?post_type=product&#038;p=35273"},"modified":"2025-09-01T11:55:42","modified_gmt":"2025-09-01T11:55:42","slug":"cum-poti-avea-sanatate-divina","status":"publish","type":"product","link":"https:\/\/alfaomega.tv\/librarie\/produse\/slujind-trupul-lui-hristos\/cum-poti-avea-sanatate-divina\/","title":{"rendered":"Cum po\u021bi avea s\u0103n\u0103tate divin\u0103"},"content":{"rendered":"<p>Dorinta lui Dumnezeu este ca &#8222;toate lucrurile sa-ti mearga bine, si sanatatea ta sa sporeasca tot asa cum sporeste sufletul tau&#8221; (3 Ioan 1:2)<\/p>\n<p>Ce privilegiu sa poti trai in fiecare zi liber de blestemul bolilor!<\/p>\n<p>Prima lege a sanatatii &#8211; Mananca corect!<br \/>A doua lege a sanatatii &#8211; Odihna<br \/>A treia lege a sanatatii &#8211; &#8222;Nu va ingrijorati de nimic&#8221;<br \/>A patra lege a sanatatii &#8211; Atinteste-ti privirea la Hristos si la lucrarea sa desavarsita<br \/>A cincea lege a sanatatii &#8211; Inchide-i usa satanei<br \/>A sasea lege a sanatatii &#8211; Fii sincer cu Dumnezeu<br \/>A saptea lege a sanatatii &#8211; Ia stapanire in Duhul Sfant<\/p>\n<p>Numar de pagini: 25<br \/>Autor: Gordon Lindsay<\/p>\n","protected":false},"excerpt":{"rendered":"<p>Dorinta lui Dumnezeu este ca &#8222;toate lucrurile sa-ti mearga bine, si sanatatea ta sa sporeasca tot asa cum sporeste sufletul tau&#8221; (3 Ioan 1:2)<\/p>\n","protected":false},"featured_media":6787,"template":"","meta":{"_acf_changed":false},"product_brand":[],"product_cat":[19],"product_tag":[],"class_list":{"0":"post-35273","1":"product","2":"type-product","3":"status-publish","4":"has-post-thumbnail","6":"product_cat-slujind-trupul-lui-hristos","7":"pa_autori-gordon-lindsay","8":"pa_format-carte-tiparita","10":"first","11":"instock","12":"shipping-taxable","13":"purchasable","14":"product-type-variable","15":"has-default-attributes"},"acf":[],"_links":{"self":[{"href":"https:\/\/alfaomega.tv\/librarie\/wp-json\/wp\/v2\/product\/35273","targetHints":{"allow":["GET"]}}],"collection":[{"href":"https:\/\/alfaomega.tv\/librarie\/wp-json\/wp\/v2\/product"}],"about":[{"href":"https:\/\/alfaomega.tv\/librarie\/wp-json\/wp\/v2\/types\/product"}],"wp:featuredmedia":[{"embeddable":true,"href":"https:\/\/alfaomega.tv\/librarie\/wp-json\/wp\/v2\/media\/6787"}],"wp:attachment":[{"href":"https:\/\/alfaomega.tv\/librarie\/wp-json\/wp\/v2\/media?parent=35273"}],"wp:term":[{"taxonomy":"product_brand","embeddable":true,"href":"https:\/\/alfaomega.tv\/librarie\/wp-json\/wp\/v2\/product_brand?post=35273"},{"taxonomy":"product_cat","embeddable":true,"href":"https:\/\/alfaomega.tv\/librarie\/wp-json\/wp\/v2\/product_cat?post=35273"},{"taxonomy":"product_tag","embeddable":true,"href":"https:\/\/alfaomega.tv\/librarie\/wp-json\/wp\/v2\/product_tag?post=35273"}],"curies":[{"name":"wp","href":"https:\/\/api.w.org\/{rel}","templated":true}]}}