{"id":35277,"date":"2025-08-29T12:55:33","date_gmt":"2025-08-29T12:55:33","guid":{"rendered":"https:\/\/alfaomega.tv\/librarie\/?post_type=product&#038;p=35277"},"modified":"2025-08-29T12:55:43","modified_gmt":"2025-08-29T12:55:43","slug":"viata-transformata-prin-putere-spirituala","status":"publish","type":"product","link":"https:\/\/alfaomega.tv\/librarie\/produse\/derek-prince\/viata-transformata-prin-putere-spirituala\/","title":{"rendered":"Via\u021b\u0103 transformat\u0103 prin putere spiritual\u0103"},"content":{"rendered":"<p>Aceast\u0103 compila\u0163ie de \u015fase c\u0103r\u0163i reprezint\u0103 un instrument foarte bun pentru o slujire eficient\u0103 \u015fi cu impact. Temele abordate \u00een aceast\u0103 carte te vor ajuta nu numai \u00een sistematizarea unor teme fundamentale, ci te vor conduce \u015fi \u00een utilizarea unor adev\u0103ruri cu rezultate foarte practice \u00een via\u0163a de credin\u0163\u0103 de zi cu zi. Este util\u0103 \u015fi pentru noii credincio\u015fi, pun\u00e2ndu-le un fundament s\u0103n\u0103tos \u015fi propuls\u00e2ndu-i \u00een mod corect \u00een via\u0163a de credin\u0163\u0103. Pentru a \u00eenlesni acest lucru, cartea con\u0163ine o sec\u0163iune pentru studiu personal cu \u00eentreb\u0103ri \u015fi r\u0103spunsuri.<\/p>\n<p>Con\u0163ine urm\u0103toarele c\u0103r\u0163i:<\/p>\n<p><strong>1. SCHIMBUL DIVIN DE LA CRUCE<\/strong><br \/>Punctul zero al Evangheliei face referire la cel mai important eveniment istoric: moartea jertfitoare a lui Isus Hristos pe cruce.<\/p>\n<p><strong>2. CUM S\u0102 TRECI DE LA BLESTEM LA BINECUV\u00c2NTARE<\/strong><br \/>(Un rezumat al c\u0103r\u0163ii \u201eBinecuv\u00e2ntare sau blestem\u201d)<br \/>Te ajut\u0103 s\u0103-\u0163i dai seama de unde provin blestemele, cum ac\u0163ioneaz\u0103 acestea \u015fi cum po\u0163i fi eliberat de ele pentru a te putea bucura de toate binecuv\u00e2nt\u0103rile lui Dumnezeu.<\/p>\n<p><strong>3. DUHUL SF\u00c2NT \u00ceN TINE<\/strong><br \/>Te \u00eendrum\u0103 c\u0103tre o rela\u021bie personal\u0103 profund\u0103 cu Dumnezeu, prin Duhul Sf\u00e2nt.<\/p>\n<p><strong>4. DUMNEZEU, SURSA VINDEC\u0102RII<\/strong><br \/>Descoper\u0103 puterea Cuv\u00e2ntului lui Dumnezeu care biruie boala \u015fi te poate men\u0163ine s\u0103n\u0103tos.<\/p>\n<p><strong>5. R\u0102ZBOIUL SPIRITUAL<\/strong><br \/>Via\u0163a cre\u015ftin\u0103 implic\u0103 multe b\u0103t\u0103lii \u00eempotriva lui Satan \u015fi a \u00eemp\u0103r\u0103\u0163iei sale. Isus ne-a promis biruin\u0163a, iar tu po\u0163i tr\u0103i \u00een aceast\u0103 biruin\u0163\u0103.<\/p>\n<p><strong>6. CURS BIBLIC PENTRU STUDIU INDIVIDUAL (edi\u0163ie l\u0103rgit\u0103)<\/strong><br \/>\u00cenva\u0163\u0103 cum po\u0163i studia Cuv\u00e2ntul lui Dumnezeu astfel \u00eenc\u00e2t s\u0103 experimentezi puterea lui care-\u0163i va transforma via\u0163a.<\/p>\n","protected":false},"excerpt":{"rendered":"<p>Temele abordate \u00een aceast\u0103 carte te vor ajuta nu numai \u00een sistematizarea unor teme fundamentale, ci te vor conduce \u015fi \u00een utilizarea unor adev\u0103ruri cu rezultate foarte practice \u00een via\u0163a de credin\u0163\u0103 de zi cu zi.<\/p>\n","protected":false},"featured_media":6801,"template":"","meta":{"_acf_changed":false},"product_brand":[],"product_cat":[42],"product_tag":[],"class_list":{"0":"post-35277","1":"product","2":"type-product","3":"status-publish","4":"has-post-thumbnail","6":"product_cat-derek-prince","7":"pa_autori-derek-prince","8":"pa_format-carte-tiparita","10":"first","11":"instock","12":"shipping-taxable","13":"purchasable","14":"product-type-variable","15":"has-default-attributes"},"acf":[],"_links":{"self":[{"href":"https:\/\/alfaomega.tv\/librarie\/wp-json\/wp\/v2\/product\/35277","targetHints":{"allow":["GET"]}}],"collection":[{"href":"https:\/\/alfaomega.tv\/librarie\/wp-json\/wp\/v2\/product"}],"about":[{"href":"https:\/\/alfaomega.tv\/librarie\/wp-json\/wp\/v2\/types\/product"}],"wp:featuredmedia":[{"embeddable":true,"href":"https:\/\/alfaomega.tv\/librarie\/wp-json\/wp\/v2\/media\/6801"}],"wp:attachment":[{"href":"https:\/\/alfaomega.tv\/librarie\/wp-json\/wp\/v2\/media?parent=35277"}],"wp:term":[{"taxonomy":"product_brand","embeddable":true,"href":"https:\/\/alfaomega.tv\/librarie\/wp-json\/wp\/v2\/product_brand?post=35277"},{"taxonomy":"product_cat","embeddable":true,"href":"https:\/\/alfaomega.tv\/librarie\/wp-json\/wp\/v2\/product_cat?post=35277"},{"taxonomy":"product_tag","embeddable":true,"href":"https:\/\/alfaomega.tv\/librarie\/wp-json\/wp\/v2\/product_tag?post=35277"}],"curies":[{"name":"wp","href":"https:\/\/api.w.org\/{rel}","templated":true}]}}