{"id":35283,"date":"2025-08-29T12:55:34","date_gmt":"2025-08-29T12:55:34","guid":{"rendered":"https:\/\/alfaomega.tv\/librarie\/?post_type=product&#038;p=35283"},"modified":"2025-08-29T12:55:43","modified_gmt":"2025-08-29T12:55:43","slug":"corrie-ten-boom-colectie-de-2-filme","status":"publish","type":"product","link":"https:\/\/alfaomega.tv\/librarie\/produse\/documentare-filme-artistice\/corrie-ten-boom-colectie-de-2-filme\/","title":{"rendered":"Corrie Ten Boom &#8211; Colectie de 2 filme"},"content":{"rendered":"<div class=\"uk-alert uk-alert-danger\">\n<p>Pentru biserici si pentru organizatiile care sunt implicate in procesul de educatie, acest DVD e gratuit. Daca reprezentati o biserica sau o organizatie, sunati-ne la 0256.284.913 sau scrieti-ne la comenzi[at]alfaomega.tv.<\/p>\n<\/div>\n<h2><img loading=\"lazy\" decoding=\"async\" src=\"images\/libraria\/corrie_ten_boom_eroiiluminii.jpg\" alt=\"corrie ten boom eroiiluminii\" width=\"320\" height=\"199\" style=\"margin: 5px;float: right\" \/>Colec\u021bie de 2 filme pentru copii \u0219i tineret<\/h2>\n<h3>Povestea lui Corrie ten Boom din seria Eroii luminii<\/h3>\n<p>\u00cen timpul celui de-al doilea r\u0103zboi mondial, \u00een timpul bombard\u0103rii ora\u0219ului, familia ceasornicarului ten Boom decide s\u0103 apere de furia nazi\u0219tilor un copila\u0219 evreu. Cum vor reu\u0219i s\u0103 protejeze b\u0103ie\u021belul \u0219i pe mul\u021bi al\u021bii ? Care va fi costul slujirii lui Dumnezeu? Merit\u0103 sacrificiul? Corrie ten Boom ne r\u0103spunde: Da, merit\u0103. <br \/><em>Un program de desene animate, dublat \u00een limba rom\u00e2n\u0103. Durat\u0103: 32 minute<\/em><\/p>\n<h3><img loading=\"lazy\" decoding=\"async\" src=\"images\/libraria\/corrie_ten_boom_documentar.jpg\" alt=\"corrie ten boom documentar\" width=\"320\" height=\"184\" style=\"margin: 5px;float: right\" \/>Corrie ten Boom: o credin\u021b\u0103 de ne\u00eenvins<\/h3>\n<p>\u00cen urma capitul\u0103rii Olandei \u00een anul 1940, for\u021bele naziste au \u00eenceput s\u0103-i ridice pe evrei. Corrie ten Boom, al\u0103turi de familia ei, s-a implicat \u00een salvarea a c\u00e2t mai multor evrei, chiar cu riscul vie\u021bii. Ajuns\u0103 \u00een lag\u0103rul de concentrare de la Ravensbruck \u00eempreun\u0103 cu sora ei, Betsie, Corrie are parte de o serie de cruzimi din partea nazi\u0219tilor. Eliberat\u0103 dintr-o eroare, Corrie \u00ee\u0219i dedic\u0103 via\u021ba ajut\u00e2nd supravie\u021buitorii lag\u0103relor.<br \/><em>Urm\u0103ri\u021bi acest documentar de excep\u021bie pentru a afla de unde a primit Corrie ten Boom puterea de a-\u0219i ierta asupritorii. Durat\u0103: 57 minute<\/em><\/p>\n<p>Proiect realizat cu participarea Funda\u021biei CORRIE TEN BOOM HOUSE Haarlem, Olanda<br \/><a href=\"http:\/\/www.corrietenboom.com\">www.corrietenboom.com<\/a><\/p>\n","protected":false},"excerpt":{"rendered":"<p>Colec\u021bie de 2 filme pentru copii \u0219i tineret: Povestea lui Corrie ten Boom din seria Eroii luminii (32min); documentar Corrie ten Boom: o credin\u021b\u0103 de ne\u00eenvins (57min). Corrie ten Boom, al\u0103turi de familia ei, s-a implicat \u00een salvarea a c\u00e2t mai multor evrei, chiar cu riscul vie\u021bii.<\/p>\n","protected":false},"featured_media":6809,"template":"","meta":{"_acf_changed":false},"product_brand":[],"product_cat":[33],"product_tag":[],"class_list":{"0":"post-35283","1":"product","2":"type-product","3":"status-publish","4":"has-post-thumbnail","6":"product_cat-documentare-filme-artistice","7":"pa_autori-alfa-omega-tv","8":"pa_format-dvd","10":"first","11":"instock","12":"shipping-taxable","13":"purchasable","14":"product-type-variable","15":"has-default-attributes"},"acf":[],"_links":{"self":[{"href":"https:\/\/alfaomega.tv\/librarie\/wp-json\/wp\/v2\/product\/35283","targetHints":{"allow":["GET"]}}],"collection":[{"href":"https:\/\/alfaomega.tv\/librarie\/wp-json\/wp\/v2\/product"}],"about":[{"href":"https:\/\/alfaomega.tv\/librarie\/wp-json\/wp\/v2\/types\/product"}],"wp:featuredmedia":[{"embeddable":true,"href":"https:\/\/alfaomega.tv\/librarie\/wp-json\/wp\/v2\/media\/6809"}],"wp:attachment":[{"href":"https:\/\/alfaomega.tv\/librarie\/wp-json\/wp\/v2\/media?parent=35283"}],"wp:term":[{"taxonomy":"product_brand","embeddable":true,"href":"https:\/\/alfaomega.tv\/librarie\/wp-json\/wp\/v2\/product_brand?post=35283"},{"taxonomy":"product_cat","embeddable":true,"href":"https:\/\/alfaomega.tv\/librarie\/wp-json\/wp\/v2\/product_cat?post=35283"},{"taxonomy":"product_tag","embeddable":true,"href":"https:\/\/alfaomega.tv\/librarie\/wp-json\/wp\/v2\/product_tag?post=35283"}],"curies":[{"name":"wp","href":"https:\/\/api.w.org\/{rel}","templated":true}]}}