{"id":35287,"date":"2025-08-29T12:55:34","date_gmt":"2025-08-29T12:55:34","guid":{"rendered":"https:\/\/alfaomega.tv\/librarie\/?post_type=product&#038;p=35287"},"modified":"2025-09-04T10:09:56","modified_gmt":"2025-09-04T10:09:56","slug":"centre-apostolice","status":"publish","type":"product","link":"https:\/\/alfaomega.tv\/librarie\/produse\/slujind-trupul-lui-hristos\/centre-apostolice\/","title":{"rendered":"Centre apostolice"},"content":{"rendered":"<p>O schimbare urmeaz\u0103 s\u0103 vin\u0103&#8230; Un val seismic de revolu\u021bie este pe cale s\u0103 zguduie lumea noastr\u0103 mul\u021bumit\u0103 apari\u021biei centrelor apostolice. Cu \u00een\u021belepciunea c\u00e2\u0219tigat\u0103 din dezvoltarea modelului apostolic pentru biserica sa, Alain Caron ne \u00eemp\u0103rt\u0103\u0219e\u0219te modul \u00een care putem transforma bisericile \u00een centre dinamice de instruire \u0219i trimitere.<\/p>\n<p>\u00cenv\u0103\u021ba\u021bi :<\/p>\n<ul>\n<li>Cum versetele biblice pot sprijini o strategie apostolic\u0103<\/li>\n<li>Cum s\u0103 \u00eenfiin\u021ba\u021bi o adunare apostolic\u0103, ce este condus\u0103 de Duhul<\/li>\n<li>Cum s\u0103 cl\u0103di\u021bi o echip\u0103 apostolic\u0103<\/li>\n<li>Cum s\u0103 ave\u021bi \u00een mod colectiv un impact \u00een lume prin re\u021beaua de energie a re\u021belelor apostolice.<\/li>\n<\/ul>\n<p>Dac\u0103 dori\u021bi un mai mare impact al \u00cemp\u0103r\u0103\u021biei \u00een regiunea dumneavoastr\u0103, \u0219i dac\u0103 dori\u021bi s\u0103 dezl\u0103n\u021bui\u021bi scopurile lui Dumnezeu pentru biserica Sa, cartea \u201eCentre apostolice\u201d este ghidul pentru transformarea bisericii locale \u00eentr-un organism vibrant \u00een care fiecare credincios este un catalizator activ pentru \u00cemp\u0103r\u0103\u021bie.<\/p>\n<\/p>\n<p>Alain Caron sluje\u0219te ca lider al echipei apostolice de la \u00c9glise Le Chemin, o expresie dinamic\u0103 a Trupului lui Hristos din Qu\u00e9bec. De asemenea, este fondatorul \u0219i directorul Hodos, o re\u021bea apostolic\u0103 \u0219i profetic\u0103, ce conecteaz\u0103 \u0219i aliniaz\u0103 centrele de misiune \u0219i credincio\u0219i cu acela\u0219i mod de g\u00e2ndire pentru avansarea \u00cemp\u0103r\u0103\u021biei lui Dumnezeu. Alain \u0219i so\u021bia lui, Marie, locuiesc \u00een Gatineau, Qu\u00e9bec, Canada.<\/p>\n","protected":false},"excerpt":{"rendered":"<p>Alain Caron ne \u00eemp\u0103rt\u0103\u0219e\u0219te modul \u00een care putem transforma bisericile \u00een centre dinamice de instruire \u0219i trimitere.<\/p>\n","protected":false},"featured_media":6815,"template":"","meta":{"_acf_changed":false},"product_brand":[],"product_cat":[19],"product_tag":[],"class_list":{"0":"post-35287","1":"product","2":"type-product","3":"status-publish","4":"has-post-thumbnail","6":"product_cat-slujind-trupul-lui-hristos","7":"pa_autori-alain-caron","8":"pa_format-carte-tiparita","9":"pa_format-carte-electronica","11":"first","12":"instock","13":"shipping-taxable","14":"purchasable","15":"product-type-variable"},"acf":[],"_links":{"self":[{"href":"https:\/\/alfaomega.tv\/librarie\/wp-json\/wp\/v2\/product\/35287","targetHints":{"allow":["GET"]}}],"collection":[{"href":"https:\/\/alfaomega.tv\/librarie\/wp-json\/wp\/v2\/product"}],"about":[{"href":"https:\/\/alfaomega.tv\/librarie\/wp-json\/wp\/v2\/types\/product"}],"wp:featuredmedia":[{"embeddable":true,"href":"https:\/\/alfaomega.tv\/librarie\/wp-json\/wp\/v2\/media\/6815"}],"wp:attachment":[{"href":"https:\/\/alfaomega.tv\/librarie\/wp-json\/wp\/v2\/media?parent=35287"}],"wp:term":[{"taxonomy":"product_brand","embeddable":true,"href":"https:\/\/alfaomega.tv\/librarie\/wp-json\/wp\/v2\/product_brand?post=35287"},{"taxonomy":"product_cat","embeddable":true,"href":"https:\/\/alfaomega.tv\/librarie\/wp-json\/wp\/v2\/product_cat?post=35287"},{"taxonomy":"product_tag","embeddable":true,"href":"https:\/\/alfaomega.tv\/librarie\/wp-json\/wp\/v2\/product_tag?post=35287"}],"curies":[{"name":"wp","href":"https:\/\/api.w.org\/{rel}","templated":true}]}}