{"id":35293,"date":"2025-08-29T12:55:44","date_gmt":"2025-08-29T12:55:44","guid":{"rendered":"https:\/\/alfaomega.tv\/librarie\/?post_type=product&#038;p=35293"},"modified":"2025-09-03T11:44:41","modified_gmt":"2025-09-03T11:44:41","slug":"un-spirit-de-excelenta","status":"publish","type":"product","link":"https:\/\/alfaomega.tv\/librarie\/produse\/intelegerea-vremurilor-israel\/un-spirit-de-excelenta\/","title":{"rendered":"Un spirit de excelen\u021b\u0103"},"content":{"rendered":"<p>Acest ghid al misiunii &#8222;Exploits Ministry&#8221; acoper\u0103 multe subiecte importante despre modul \u00een care po\u021bi primi sarcini de la Dumnezeu, despre autoritate spiritual\u0103, rug\u0103ciune corporativ\u0103, punerea m\u00e2inilor, chestiuni referitoare la lideri, codul vestimentar, contactul cu persoanele de sex opus, lucrarea de misiune \u0219i banii.<\/p>\n<p>Domnul cheam\u0103, sus\u021bine \u0219i trimite pe fiecare \u00een parte. Destinul spiritual al unui ora\u0219, al unei regiuni, na\u021biuni sau al unui continent poate depinde de ascultarea ta, de participarea ta, de rug\u0103ciunile tale sau de ajutorul t\u0103u financiar.<\/p>\n<p>Cuprins: <\/p>\n<p> Sarcini de la Dumnezeu <br \/> Autoritate spiritual\u0103 <br \/> \u00cent\u00e2lniri de rug\u0103ciune corporativ\u0103 <br \/> Punerea m\u00e2inilor <br \/> Cu privire la lideri <br \/> Codul vestimentar <br \/> Contactul cu persoanele de sex opus <br \/> S\u0103 nu furi <br \/> Slujirea \u0219i banii <br \/> O chestiune de neprih\u0103nire<\/p>\n<div>Lucrarea de misiune a lui Christine Darg, &#8222;Exploits Ministry&#8221;, \u00eempline\u0219te cuv\u00e2ntul din Faptele Apostolilor 1:8 ce vorbe\u0219te despre r\u0103sp\u00e2ndirea Evangheliei p\u00e2n\u0103 la marginile p\u0103m\u00e2ntului. Cofondatoare a canalului de televiziune &#8222;The Jerusalem Channel&#8221;, Christine lucreaz\u0103 \u00een televiziune, este evanghelist\u0103 \u0219i autoare a numeroase c\u0103r\u021bi, inclusiv &#8222;Miracles Among Muslims&#8221;, &#8222;The Wounded Lover&#8221;, &#8222;Let Ishmael Live!&#8221;, &#8222;Fifty Gifts of the Spirit&#8221; \u0219i &#8222;Speak to the Mountains!&#8221; Vindecat\u0103 de copil, atunci c\u00e2nd Isus i-a ap\u0103rut \u00eentr-o vedenie, Christine ne \u00eenva\u021b\u0103 despre vindecare, profe\u021bie \u0219i r\u0103zboi spiritual. Ea \u0219i so\u021bul ei au doi fii \u0219i au c\u0103l\u0103torit mult cu re\u021beaua de televiziune CBN TV, c\u00e2t \u0219i cu evanghelistul Reinhard Bonnke prin toat\u0103 Africa. Ei \u021bin \u00eent\u00e2lniri de evanghelizare \u00een Orientul Mijlociu \u0219i Asia \u0219i emit 24\/7 prin satelit \u0219i internet.<\/div>\n<div> <\/div>\n<div>Num\u0103r de pagini: 49<\/div>\n","protected":false},"excerpt":{"rendered":"<p>Domnul cheam\u0103, sus\u021bine \u0219i trimite pe fiecare \u00een parte. Destinul spiritual al unui ora\u0219, al unei regiuni, na\u021biuni sau al unui continent poate depinde de ascultarea ta, de participarea ta, de rug\u0103ciunile tale sau de ajutorul t\u0103u financiar.<\/p>\n","protected":false},"featured_media":6833,"template":"","meta":{"_acf_changed":false},"product_brand":[],"product_cat":[24],"product_tag":[],"class_list":{"0":"post-35293","1":"product","2":"type-product","3":"status-publish","4":"has-post-thumbnail","6":"product_cat-intelegerea-vremurilor-israel","7":"pa_autori-christine-darg","8":"pa_format-carte-tiparita","9":"pa_format-carte-electronica","11":"first","12":"instock","13":"shipping-taxable","14":"purchasable","15":"product-type-variable"},"acf":[],"_links":{"self":[{"href":"https:\/\/alfaomega.tv\/librarie\/wp-json\/wp\/v2\/product\/35293","targetHints":{"allow":["GET"]}}],"collection":[{"href":"https:\/\/alfaomega.tv\/librarie\/wp-json\/wp\/v2\/product"}],"about":[{"href":"https:\/\/alfaomega.tv\/librarie\/wp-json\/wp\/v2\/types\/product"}],"wp:featuredmedia":[{"embeddable":true,"href":"https:\/\/alfaomega.tv\/librarie\/wp-json\/wp\/v2\/media\/6833"}],"wp:attachment":[{"href":"https:\/\/alfaomega.tv\/librarie\/wp-json\/wp\/v2\/media?parent=35293"}],"wp:term":[{"taxonomy":"product_brand","embeddable":true,"href":"https:\/\/alfaomega.tv\/librarie\/wp-json\/wp\/v2\/product_brand?post=35293"},{"taxonomy":"product_cat","embeddable":true,"href":"https:\/\/alfaomega.tv\/librarie\/wp-json\/wp\/v2\/product_cat?post=35293"},{"taxonomy":"product_tag","embeddable":true,"href":"https:\/\/alfaomega.tv\/librarie\/wp-json\/wp\/v2\/product_tag?post=35293"}],"curies":[{"name":"wp","href":"https:\/\/api.w.org\/{rel}","templated":true}]}}