{"id":35297,"date":"2025-08-29T12:55:44","date_gmt":"2025-08-29T12:55:44","guid":{"rendered":"https:\/\/alfaomega.tv\/librarie\/?post_type=product&#038;p=35297"},"modified":"2025-09-01T11:55:11","modified_gmt":"2025-09-01T11:55:11","slug":"conspiratia-tacerii","status":"publish","type":"product","link":"https:\/\/alfaomega.tv\/librarie\/produse\/restaurare-vindecare-eliberare\/conspiratia-tacerii\/","title":{"rendered":"Conspira\u021bia t\u0103cerii"},"content":{"rendered":"<p>Cel mai mare \u0219oc pe care Joe l-a avut c\u00e2nd a intrat \u00een lucrare a fost s\u0103 descopere c\u0103 peste 70% din lucrarea lui unu-la-unu era s\u0103 ajute victime ale abuzului. Majoritatea erau adul\u021bi supravie\u021buitori ai unei molest\u0103ri \u00een copil\u0103rie. Pentru a putea face fa\u021b\u0103 mai bine problemei, a urmat un curs de patruzeci de ore de instruire la centrul local de violen\u021b\u0103 domestic\u0103 \/criz\u0103 \u00een caz de viol \u0219i a devenit consilier de interven\u021bie \u00een criz\u0103 voluntar.<\/p>\n<p>Dup\u0103 ce a acceptat o pozi\u021bie de lucr\u0103tor part time cu agen\u021bia ca \u0219i specialist \u00een educa\u021bie \u0219i prevenire, a prezentat peste 1700 de programe la peste 47.000 de oameni de toate v\u00e2rstele despre abuzul sexual, prevenire \u0219i violen\u021ba domestic\u0103 \u0219i violen\u021ba la \u00eent\u00e2lnire. \u00cen acest timp Dumnezeu a pus \u00een inimat lui vocea jalnic\u0103 a unui copil care pl\u00e2ngea dup\u0103 ajutor. Acest strig\u0103t avea s\u0103 devin\u0103 motiva\u021bia principal\u0103 a lui Joe.<\/p>\n<p>R\u0103spunz\u00e2nd la noua chemare a lui Dumnezeu \u00een via\u021ba lui, Joe a demisionat de la slujba lui \u0219i a fondat o nou\u0103 lucrare, COMPASS (Comunit\u0103\u021bi promov\u00e2nd o societate mai sigur\u0103). Amestec\u00e2nd cu pricepere fapte dureroase cu umor, cu m\u0103rturii, muzic\u0103 \u0219i lec\u021bii cu obiecte, atac\u0103 epidemia abuzului sexual \u0219i violen\u021bei domestice \u0219i a violen\u021bei la \u00eent\u00e2lniri \u00een cadrul societ\u0103\u021bii \u0219i a bisericii.<\/p>\n<p>\u00cen acest timp a ajuns la realizarea sobr\u0103 c\u0103 copiii sunt resursa cea mai valoroas\u0103 a bisericii \u0219i na\u021biunii noastre. Viitorul bisericii lui Dumnezeu \u0219i a na\u021biunii este investit \u00een vie\u021bile lor. \u00cen mod tragic, pentru mul\u021bi dintre ei, poten\u021bialul lor este pipernicit, distrus \u00eenainte s\u0103 ajung\u0103 la tinere\u021be. Aceast\u0103 epidemie este conceput\u0103 \u0219i n\u0103scut\u0103 \u00een ad\u00e2ncul iadului, ceea ce face confruntarea abuzului o form\u0103 intens\u0103 de lupt\u0103 spiritual\u0103.<\/p>\n<\/p>\n<p>Num\u0103r de pagini: 173<\/p>\n","protected":false},"excerpt":{"rendered":"<p>Amestec\u00e2nd cu pricepere fapte dureroase cu umor, cu m\u0103rturii, muzic\u0103 \u0219i lec\u021bii cu obiecte, Joe atac\u0103 epidemia abuzului sexual \u0219i violen\u021bei domestice \u0219i a violen\u021bei la \u00eent\u00e2lniri \u00een cadrul societ\u0103\u021bii \u0219i a bisericii.<\/p>\n","protected":false},"featured_media":6841,"template":"","meta":{"_acf_changed":false},"product_brand":[],"product_cat":[25],"product_tag":[],"class_list":{"0":"post-35297","1":"product","2":"type-product","3":"status-publish","4":"has-post-thumbnail","6":"product_cat-restaurare-vindecare-eliberare","7":"pa_autori-joseph-paluszak","8":"pa_format-carte-tiparita","9":"pa_format-carte-electronica","11":"first","12":"instock","13":"shipping-taxable","14":"purchasable","15":"product-type-variable"},"acf":[],"_links":{"self":[{"href":"https:\/\/alfaomega.tv\/librarie\/wp-json\/wp\/v2\/product\/35297","targetHints":{"allow":["GET"]}}],"collection":[{"href":"https:\/\/alfaomega.tv\/librarie\/wp-json\/wp\/v2\/product"}],"about":[{"href":"https:\/\/alfaomega.tv\/librarie\/wp-json\/wp\/v2\/types\/product"}],"wp:featuredmedia":[{"embeddable":true,"href":"https:\/\/alfaomega.tv\/librarie\/wp-json\/wp\/v2\/media\/6841"}],"wp:attachment":[{"href":"https:\/\/alfaomega.tv\/librarie\/wp-json\/wp\/v2\/media?parent=35297"}],"wp:term":[{"taxonomy":"product_brand","embeddable":true,"href":"https:\/\/alfaomega.tv\/librarie\/wp-json\/wp\/v2\/product_brand?post=35297"},{"taxonomy":"product_cat","embeddable":true,"href":"https:\/\/alfaomega.tv\/librarie\/wp-json\/wp\/v2\/product_cat?post=35297"},{"taxonomy":"product_tag","embeddable":true,"href":"https:\/\/alfaomega.tv\/librarie\/wp-json\/wp\/v2\/product_tag?post=35297"}],"curies":[{"name":"wp","href":"https:\/\/api.w.org\/{rel}","templated":true}]}}