{"id":35301,"date":"2025-08-29T12:55:45","date_gmt":"2025-08-29T12:55:45","guid":{"rendered":"https:\/\/alfaomega.tv\/librarie\/?post_type=product&#038;p=35301"},"modified":"2026-01-28T08:45:24","modified_gmt":"2026-01-28T08:45:24","slug":"curata-ti-casa-si-arborele-genealogic","status":"publish","type":"product","link":"https:\/\/alfaomega.tv\/librarie\/produse\/restaurare-vindecare-eliberare\/curata-ti-casa-si-arborele-genealogic\/","title":{"rendered":"Curat\u0103-\u021bi casa \u0219i arborele genealogic"},"content":{"rendered":"<p>EXIST\u0102 UN R\u0102ZBOI \u00ceN FAMILIA TA?<\/p>\n<p>Arborele t\u0103u genealogic poate fi descris printr-o salcie pl\u00e2ng\u0103toare?<\/p>\n<p>\u00ce\u021bi dore\u0219ti s\u0103 te fi n\u0103scut \u00eentr-o alt\u0103 familie?<\/p>\n<p>Ai luat ceva r\u0103u din ADN-ul cuiva din linia neamului t\u0103u?<\/p>\n<p>C\u0103minele noastre ar trebui s\u0103 fie locuri ale dragostei \u0219i siguran\u021bei, \u00eens\u0103 activit\u0103\u021bile \u0219i piedicile demonice umplu, adesea, casele noastre cu conflict, nemul\u021bumire \u0219i dezam\u0103gire. Purificarea casei tale, cur\u0103\u021barea arborelui genealogic te duce la r\u0103d\u0103cina acestor probleme \u0219i \u00ee\u021bi arat\u0103 cum s\u0103-\u021bi scapi casa \u0219i familia de influen\u021be demonice \u0219i ap\u0103sare asupra genera\u021biilor. Cu aceast\u0103 unic\u0103 armonie \u00eentre cunoa\u0219terea Bibliei \u0219i perspectiva spiritual\u0103, Perry Stone aduce la lumin\u0103 metodele \u0219i strategiile pe care diavolul le folose\u0219te ca s\u0103 lanseze atacuri \u00eempotriva familiilor noastre. Afl\u0103 ce anume ai nevoie s\u0103 cuno\u0219ti pentru a putea fi puternic \u0219i a te \u00eempotrivi lui, inclusiv:<\/p>\n<p>&#8211; Modul \u00een care Satana \u00ee\u0219i alege victimele de la o v\u00e2rst\u0103 fraged\u0103<\/p>\n<p>&#8211; \u00cenl\u0103turarea lucrurilor blestemate din casa ta<\/p>\n<p>&#8211; Modul \u00een care po\u021bi s\u0103 previi ca Satana s\u0103 revin\u0103 \u00een casa ta<\/p>\n<p>&#8211; Motivul pentru care ora 3 diminea\u021ba are o \u00eensemn\u0103tate \u00een lumea duhurilor<\/p>\n<p>&#8211; De ce avem de dus r\u0103zboaie atmosferice \u0219i cum s\u0103 schimb\u0103m acest lucru<\/p>\n<p>Observa\u021biile acestei c\u0103r\u021bi \u2013 dac\u0103 sunt citite, crezute \u0219i practicate \u2013 te vor ajuta s\u0103-\u021bi schimbi situa\u021bia prezent\u0103 \u0219i s\u0103 te preg\u0103te\u0219ti pentru un viitor minunat, at\u00e2t din punct de vedere emo\u021bional, c\u00e2t \u0219i din punct de vedere spiritual.<\/p>\n<p><img loading=\"lazy\" decoding=\"async\" style=\"margin: 5px; float: left;\" src=\"http:\/\/alfaomega.tv\/images\/perrystone.jpg\" alt=\"Alfa Omega TV\" width=\"75\" height=\"105\" \/>PERRY STONE este cel mai bine v\u00e2ndut autor al nenum\u0103ratelor c\u0103r\u021bi, inclusiv Secrets from Beyond the Grave, The Meal that Heals, \u0219i Breaking the Jewish Code. Acesta conduce una din lucr\u0103rile de slujire cu cea mai rapid\u0103 dezvoltare din America, The Voice of Evangelism. Evanghelist la nivel interna\u021bional, Perry este licen\u021biat \u00een Teologie la Covenant Life Christian College. Locuie\u0219te \u00een Cleveland, Tennessee, cu so\u021bia lui, Pam, \u0219i cei doi copii ai lor.<\/p>\n<p>&nbsp;<\/p>\n","protected":false},"excerpt":{"rendered":"<p>Cu aceast\u0103 unic\u0103 armonie \u00eentre cunoa\u0219terea Bibliei \u0219i perspectiva spiritual\u0103, Perry Stone aduce la lumin\u0103 metodele \u0219i strategiile pe care diavolul le folose\u0219te ca s\u0103 lanseze atacuri \u00eempotriva familiilor noastre. Afl\u0103 ce anume ai nevoie s\u0103 cuno\u0219ti pentru a putea fi puternic \u0219i a te \u00eempotrivi lui.<\/p>\n","protected":false},"featured_media":6845,"template":"","meta":{"_acf_changed":false},"product_brand":[],"product_cat":[25],"product_tag":[],"class_list":{"0":"post-35301","1":"product","2":"type-product","3":"status-publish","4":"has-post-thumbnail","6":"product_cat-restaurare-vindecare-eliberare","7":"pa_autori-perry-stone","8":"pa_format-carte-tiparita","9":"pa_format-carte-electronica","11":"first","12":"instock","13":"shipping-taxable","14":"purchasable","15":"product-type-variable"},"acf":[],"_links":{"self":[{"href":"https:\/\/alfaomega.tv\/librarie\/wp-json\/wp\/v2\/product\/35301","targetHints":{"allow":["GET"]}}],"collection":[{"href":"https:\/\/alfaomega.tv\/librarie\/wp-json\/wp\/v2\/product"}],"about":[{"href":"https:\/\/alfaomega.tv\/librarie\/wp-json\/wp\/v2\/types\/product"}],"wp:featuredmedia":[{"embeddable":true,"href":"https:\/\/alfaomega.tv\/librarie\/wp-json\/wp\/v2\/media\/6845"}],"wp:attachment":[{"href":"https:\/\/alfaomega.tv\/librarie\/wp-json\/wp\/v2\/media?parent=35301"}],"wp:term":[{"taxonomy":"product_brand","embeddable":true,"href":"https:\/\/alfaomega.tv\/librarie\/wp-json\/wp\/v2\/product_brand?post=35301"},{"taxonomy":"product_cat","embeddable":true,"href":"https:\/\/alfaomega.tv\/librarie\/wp-json\/wp\/v2\/product_cat?post=35301"},{"taxonomy":"product_tag","embeddable":true,"href":"https:\/\/alfaomega.tv\/librarie\/wp-json\/wp\/v2\/product_tag?post=35301"}],"curies":[{"name":"wp","href":"https:\/\/api.w.org\/{rel}","templated":true}]}}