{"id":35303,"date":"2025-08-29T12:55:45","date_gmt":"2025-08-29T12:55:45","guid":{"rendered":"https:\/\/alfaomega.tv\/librarie\/?post_type=product&#038;p=35303"},"modified":"2025-09-03T11:38:54","modified_gmt":"2025-09-03T11:38:54","slug":"de-ce-vremurile-de-pe-urma","status":"publish","type":"product","link":"https:\/\/alfaomega.tv\/librarie\/produse\/intelegerea-vremurilor-israel\/de-ce-vremurile-de-pe-urma\/","title":{"rendered":"De ce vremurile de pe urm\u0103?"},"content":{"rendered":"<p class=\"p1\"><span class=\"s1\"><strong>Zilele din urm\u0103, Promisiunea lui Dumnezeu pentru Israel, Profe\u021bi fal\u0219i, Semnul fiarei, Anticristul, Num\u0103rul 666, Necazul cel mare, Apocalipsa, Sf\u00e2r\u0219itul vremurilor, Cei 1000 de ani, Ziua Domnului&#8230; Ce au toate aceste lucruri \u00een comun? Toate au leg\u0103tur\u0103 cu studierea profe\u021biei biblice. <\/strong><\/span><\/p>\n<p class=\"p1\"><span class=\"s1\">\u201eDe ce vremurile din urm\u0103?\u201d analizeaz\u0103 planurile profetice ale lui Dumnezeu cu privire la Israel \u0219i na\u021biuni. Cartea aceasta nu constituie o alt\u0103 teorie despre sf\u00e2r\u0219itul vremurilor, ci o \u00eenv\u0103\u021b\u0103tur\u0103 metodic\u0103 puternic \u00eenr\u0103d\u0103cinat\u0103 \u00een Cuv\u00e2ntul sf\u00e2nt al lui Dumnezeu. Prezint\u0103 o analiz\u0103 detaliat\u0103 cu privire la semnifica\u021bia profetic\u0103 a lui Israel \u0219i rela\u021biei acestuia cu na\u021biunile.<\/span><\/p>\n<p class=\"p1\"><span class=\"s1\">Acest subiect este necesar pentru a-i ajuta pe cei din Trupul lui Hristos \u0219i to\u021bi oamenii s\u0103 dob\u00e2ndeasc\u0103 o nou\u0103 \u00een\u021belegere cu privire la ce s\u0103 se a\u0219tepte \u0219i cum s\u0103 se preg\u0103teasc\u0103, av\u00e2nd \u00een vedere faptul c\u0103 venirea lui Hristos e tot mai aproape.<\/span><\/p>\n<p class=\"p1\"><span class=\"s1\"><strong>Rev. Willem J.J. Glashouwer<\/strong><\/span><span class=\"s2\"><em> este pre\u0219edintele organiza\u021biei Christians for Israel International. El este de asemenea slujitor ordinat \u00een cadrul bisericii Dutch Reformed Church \u0219i fost director al companiei Evangelical Broadcasting Company din Olanda. Reverendul Glashouwer a avut un rol important la constituirea institutului Dutch Institute for Evangelical Higher Education \u0219i, ca un plus la multe dintre c\u0103r\u021bile, articolele \u0219i studiile biblice cu privire la Israel \u0219i credin\u021ba cre\u0219tin\u0103, a publicat un comentariu pe marginea c\u0103r\u021bii Apocalipsa. Este c\u0103s\u0103torit cu Marianne \u0219i au patru copii.<\/em><\/span><\/p>\n<p>Num\u0103r de pagini: 328<\/p>\n","protected":false},"excerpt":{"rendered":"<p>\u201eDe ce vremurile din urm\u0103?\u201d analizeaz\u0103 planurile profetice ale lui Dumnezeu cu privire la Israel \u0219i na\u021biuni. Cartea aceasta nu constituie o alt\u0103 teorie despre sf\u00e2r\u0219itul vremurilor, ci o \u00eenv\u0103\u021b\u0103tur\u0103 metodic\u0103 puternic \u00eenr\u0103d\u0103cinat\u0103 \u00een Cuv\u00e2ntul sf\u00e2nt al lui Dumnezeu. Prezint\u0103 o analiz\u0103 detaliat\u0103 cu privire la semnifica\u021bia profetic\u0103 a lui Israel \u0219i rela\u021biei acestuia cu na\u021biunile.<\/p>\n","protected":false},"featured_media":6847,"template":"","meta":{"_acf_changed":false},"product_brand":[],"product_cat":[24],"product_tag":[],"class_list":{"0":"post-35303","1":"product","2":"type-product","3":"status-publish","4":"has-post-thumbnail","6":"product_cat-intelegerea-vremurilor-israel","7":"pa_autori-willem-j-j-glashouwer","8":"pa_format-carte-tiparita","9":"pa_format-carte-electronica","11":"first","12":"instock","13":"shipping-taxable","14":"purchasable","15":"product-type-variable"},"acf":[],"_links":{"self":[{"href":"https:\/\/alfaomega.tv\/librarie\/wp-json\/wp\/v2\/product\/35303","targetHints":{"allow":["GET"]}}],"collection":[{"href":"https:\/\/alfaomega.tv\/librarie\/wp-json\/wp\/v2\/product"}],"about":[{"href":"https:\/\/alfaomega.tv\/librarie\/wp-json\/wp\/v2\/types\/product"}],"wp:featuredmedia":[{"embeddable":true,"href":"https:\/\/alfaomega.tv\/librarie\/wp-json\/wp\/v2\/media\/6847"}],"wp:attachment":[{"href":"https:\/\/alfaomega.tv\/librarie\/wp-json\/wp\/v2\/media?parent=35303"}],"wp:term":[{"taxonomy":"product_brand","embeddable":true,"href":"https:\/\/alfaomega.tv\/librarie\/wp-json\/wp\/v2\/product_brand?post=35303"},{"taxonomy":"product_cat","embeddable":true,"href":"https:\/\/alfaomega.tv\/librarie\/wp-json\/wp\/v2\/product_cat?post=35303"},{"taxonomy":"product_tag","embeddable":true,"href":"https:\/\/alfaomega.tv\/librarie\/wp-json\/wp\/v2\/product_tag?post=35303"}],"curies":[{"name":"wp","href":"https:\/\/api.w.org\/{rel}","templated":true}]}}