{"id":35307,"date":"2025-08-29T12:55:45","date_gmt":"2025-08-29T12:55:45","guid":{"rendered":"https:\/\/alfaomega.tv\/librarie\/?post_type=product&#038;p=35307"},"modified":"2025-09-01T08:37:14","modified_gmt":"2025-09-01T08:37:14","slug":"volumul-2-la-inceput","status":"publish","type":"product","link":"https:\/\/alfaomega.tv\/librarie\/produse\/bazele-crestinismului-ucenicizare\/volumul-2-la-inceput\/","title":{"rendered":"Volumul 2 &#8211; La \u00eenceput"},"content":{"rendered":"<p>La \u00eenceput, Dumnezeu a creat P\u0103m\u00e2ntul \u0219i omenirea. Aceata carte ne ofer\u0103 r\u0103spunsuri la \u00eentreb\u0103rile despre crea\u021bionism \u0219i credin\u021ba str\u0103mo\u0219ilor no\u0219tri, patriarhii. <\/p>\n<ul>\n<li>De ce ar trebui s\u0103 privim \u00eendeaproape \u0219i s\u0103 studiem vie\u021bile patriarhilor?<\/li>\n<li>Care este adev\u0103rul despre evolu\u021bie? De ce este ea o \u00een\u0219el\u0103torie incredibil\u0103?<\/li>\n<li>\u00cen a cui asem\u0103nare a fost creat\u0103 omenirea?<\/li>\n<li>De ce a fost Enoh r\u0103pit la cer, f\u0103r\u0103 s\u0103 moar\u0103 sau s\u0103 fie \u00eengropat?<\/li>\n<li>Cum a \u0219tiut Noe c\u00e2t de mare s\u0103 construiasc\u0103 arca? Cum a distrus marele potop totul, \u00een afara cor\u0103biei \u0219i a familiei lui Noe?<\/li>\n<li>Care au fost prietenii lui Dumnezeu?<\/li>\n<li>Cum a primit Solomon \u00een\u021belepciune?<\/li>\n<\/ul>\n<p>Aceast\u0103 carte \u00eencepe cu Geneza, \u00eens\u0103 include \u0219i m\u0103rturii biblice care au fost scrise de istorici din vechime, de femei \u0219i b\u0103rba\u021bi ai lui Dumnezeu \u0219i care au fost confirmate de cercet\u0103tori de-a lungul secolelor. <br \/> Pe m\u0103sur\u0103 ce \u00eenv\u0103\u021b\u0103m din trecut, vom evita dificult\u0103\u021bile din viitor. Ve\u021bi examin\u0103 t\u0103riile \u0219i sl\u0103biciunile liderilor-lucrurile care i-au f\u0103cut s\u0103 fie mari \u0219i cele care i-au f\u0103cut s\u0103 cad\u0103.<\/p>\n<\/p>\n<p>Num\u0103r de pagini: 86<\/p>\n","protected":false},"excerpt":{"rendered":"<p>La \u00eenceput, Dumnezeu a creat P\u0103m\u00e2ntul \u0219i omenirea. Aceata carte ne ofer\u0103 r\u0103spunsuri la \u00eentreb\u0103rile despre crea\u021bionism \u0219i credin\u021ba str\u0103mo\u0219ilor no\u0219tri, patriarhii.<\/p>\n","protected":false},"featured_media":6851,"template":"","meta":{"_acf_changed":false},"product_brand":[],"product_cat":[31],"product_tag":[],"class_list":{"0":"post-35307","1":"product","2":"type-product","3":"status-publish","4":"has-post-thumbnail","6":"product_cat-bazele-crestinismului-ucenicizare","7":"pa_autori-gordon-lindsay","8":"pa_format-carte-tiparita","9":"pa_format-carte-electronica","11":"first","12":"instock","13":"shipping-taxable","14":"purchasable","15":"product-type-variable"},"acf":[],"_links":{"self":[{"href":"https:\/\/alfaomega.tv\/librarie\/wp-json\/wp\/v2\/product\/35307","targetHints":{"allow":["GET"]}}],"collection":[{"href":"https:\/\/alfaomega.tv\/librarie\/wp-json\/wp\/v2\/product"}],"about":[{"href":"https:\/\/alfaomega.tv\/librarie\/wp-json\/wp\/v2\/types\/product"}],"wp:featuredmedia":[{"embeddable":true,"href":"https:\/\/alfaomega.tv\/librarie\/wp-json\/wp\/v2\/media\/6851"}],"wp:attachment":[{"href":"https:\/\/alfaomega.tv\/librarie\/wp-json\/wp\/v2\/media?parent=35307"}],"wp:term":[{"taxonomy":"product_brand","embeddable":true,"href":"https:\/\/alfaomega.tv\/librarie\/wp-json\/wp\/v2\/product_brand?post=35307"},{"taxonomy":"product_cat","embeddable":true,"href":"https:\/\/alfaomega.tv\/librarie\/wp-json\/wp\/v2\/product_cat?post=35307"},{"taxonomy":"product_tag","embeddable":true,"href":"https:\/\/alfaomega.tv\/librarie\/wp-json\/wp\/v2\/product_tag?post=35307"}],"curies":[{"name":"wp","href":"https:\/\/api.w.org\/{rel}","templated":true}]}}