{"id":35309,"date":"2025-08-29T12:55:45","date_gmt":"2025-08-29T12:55:45","guid":{"rendered":"https:\/\/alfaomega.tv\/librarie\/?post_type=product&#038;p=35309"},"modified":"2025-09-01T08:37:29","modified_gmt":"2025-09-01T08:37:29","slug":"volumul-3-intrand-in-tara-promisa","status":"publish","type":"product","link":"https:\/\/alfaomega.tv\/librarie\/produse\/bazele-crestinismului-ucenicizare\/volumul-3-intrand-in-tara-promisa\/","title":{"rendered":"Volumul 3 &#8211; Intr\u00e2nd \u00een \u021bara promis\u0103"},"content":{"rendered":"<p>\u00cen acest ghid de studiu de instuire biblic\u0103 se va studia despre via\u021ba lui Moise. \u00cencep\u00e2nd cu istoria uimitoare a supravie\u021buirii sale \u00een timpul domniei unui Faraon r\u0103u \u0219i oprimant, care a vrut s\u0103 distrug\u0103 to\u021bi copiii de parte b\u0103rb\u0103teasc\u0103 la na\u0219terea lor, privim via\u021ba extraordinar\u0103 a lui Moise desf\u0103\u0219ur\u00e2ndu-se. <br \/> Ultimul capitol are de-a face cu \u00eenm\u00e2narea de c\u0103tre Moise a toiagului lui Iosua, ca urm\u0103torul lider care avea s\u0103 duc\u0103 \u00een cele din urm\u0103 aceast\u0103 nou\u0103 genera\u021bie de israeli\u021bi \u00een \u021aara Promis\u0103.<\/p>\n<p>Din Egipt \u00een Canaan este o c\u0103l\u0103torie de doar 11 zile, dar datorit\u0103 neascult\u0103rii lor, le-a luat de fapt 40 de ani. Oricum, fiindc\u0103 ei sunt \u00eenc\u0103 poporul ales al lui Dumnezeu, El a fost credincios s\u0103 \u00eemplineasc\u0103 ce le-a promis str\u0103mo\u0219ilor lor.<\/p>\n<\/p>\n<p>Num\u0103r de pagini: 58<\/p>\n","protected":false},"excerpt":{"rendered":"<p>\u00cen acest ghid de studiu de instuire biblic\u0103 se va studia despre via\u021ba lui Moise. \u00cencep\u00e2nd cu istoria uimitoare a supravie\u021buirii sale \u00een timpul domniei unui Faraon r\u0103u \u0219i oprimant, care a vrut s\u0103 distrug\u0103 to\u021bi copiii de parte b\u0103rb\u0103teasc\u0103 la na\u0219terea lor, privim via\u021ba extraordinar\u0103 a lui Moise desf\u0103\u0219ur\u00e2ndu-se.<\/p>\n","protected":false},"featured_media":6853,"template":"","meta":{"_acf_changed":false},"product_brand":[],"product_cat":[31],"product_tag":[],"class_list":{"0":"post-35309","1":"product","2":"type-product","3":"status-publish","4":"has-post-thumbnail","6":"product_cat-bazele-crestinismului-ucenicizare","7":"pa_autori-gordon-lindsay","8":"pa_format-carte-tiparita","9":"pa_format-carte-electronica","11":"first","12":"instock","13":"shipping-taxable","14":"purchasable","15":"product-type-variable"},"acf":[],"_links":{"self":[{"href":"https:\/\/alfaomega.tv\/librarie\/wp-json\/wp\/v2\/product\/35309","targetHints":{"allow":["GET"]}}],"collection":[{"href":"https:\/\/alfaomega.tv\/librarie\/wp-json\/wp\/v2\/product"}],"about":[{"href":"https:\/\/alfaomega.tv\/librarie\/wp-json\/wp\/v2\/types\/product"}],"wp:featuredmedia":[{"embeddable":true,"href":"https:\/\/alfaomega.tv\/librarie\/wp-json\/wp\/v2\/media\/6853"}],"wp:attachment":[{"href":"https:\/\/alfaomega.tv\/librarie\/wp-json\/wp\/v2\/media?parent=35309"}],"wp:term":[{"taxonomy":"product_brand","embeddable":true,"href":"https:\/\/alfaomega.tv\/librarie\/wp-json\/wp\/v2\/product_brand?post=35309"},{"taxonomy":"product_cat","embeddable":true,"href":"https:\/\/alfaomega.tv\/librarie\/wp-json\/wp\/v2\/product_cat?post=35309"},{"taxonomy":"product_tag","embeddable":true,"href":"https:\/\/alfaomega.tv\/librarie\/wp-json\/wp\/v2\/product_tag?post=35309"}],"curies":[{"name":"wp","href":"https:\/\/api.w.org\/{rel}","templated":true}]}}