{"id":35317,"date":"2025-08-29T12:55:46","date_gmt":"2025-08-29T12:55:46","guid":{"rendered":"https:\/\/alfaomega.tv\/librarie\/?post_type=product&#038;p=35317"},"modified":"2025-09-01T08:38:25","modified_gmt":"2025-09-01T08:38:25","slug":"volumul-5-isus-este-fiul-lui-dumnezeu","status":"publish","type":"product","link":"https:\/\/alfaomega.tv\/librarie\/produse\/bazele-crestinismului-ucenicizare\/volumul-5-isus-este-fiul-lui-dumnezeu\/","title":{"rendered":"Volumul 5 &#8211; Isus este Fiul lui Dumnezeu"},"content":{"rendered":"<p class=\"p1\">Aceast\u0103 serie de c\u0103r\u0163i de instruire biblic\u0103 ofer\u0103 o \u00een\u0163elegere excelent\u0103 a Trinit\u0103\u0163ii. Dumnezeu este o Fiin\u0163\u0103 total diferit\u0103 de om. Un mod prin care este diferit este faptul c\u0103 El are o natur\u0103 etern\u0103. El a fost \u015fi exist\u0103 dintotdeauna. De aceea Biblia \u00eencepe cu &#8230; \u201eLa \u00eenceput &#8230; Dumnezeu\u201d.<\/p>\n<p class=\"p1\">Aceast\u0103 carte explic\u0103 \u00een detaliu ac\u0163iunea Dumnezeirii \u015fi de ce este ea at\u00e2t de important\u0103 pentru credincios. Cre\u015ftinii au o oportunitate mai mare de a-L cunoa\u015fte cu adev\u0103rat pe Dumnezeu Tat\u0103l, pe Isus Fiul \u015fi pe Duhul Sf\u00e2nt, pentru c\u0103 \u015ftim ce \u00eenva\u0163\u0103 Biblia despre Ei. Dumnezeirea are capacitatea de a avea conversa\u0163ii cu milioane de oameni, de peste tot din lume, \u00een acela\u015fi timp, dac\u0103 Ea alege s\u0103 fac\u0103 astfel.<\/p>\n<p class=\"p1\">Consemn\u0103rile biblice din aceast\u0103 serie de instruire sunt luate din Biblie, care a fost scris\u0103 de istorici antici. Ace\u015fti b\u0103rba\u0163i \u015fi femei ai lui Dumnezeu au fost confirma\u0163i de cercet\u0103tori de-a lungul secolelor. Oameni de \u015ftiin\u0163\u0103, academicieni, teologi \u015fi speciali\u015fti de orice fel continu\u0103 s\u0103 cerceteze misterele necunoscute sau s\u0103 caute chei cu care s\u0103 aib\u0103 acces la \u00een\u0163elepciune \u015fi la o \u00een\u0163elegere mai profund\u0103 pentru tr\u0103irea practic\u0103.<\/p>\n<p class=\"p1\">Pe m\u0103sur\u0103 ce vei \u00eentoarce aceste pagini zilele biblice vor prinde via\u0163\u0103 pentru tine \u015fi tu \u00ee\u0163i vei da seama c\u0103 nu este doar o alt\u0103 carte de istorie pentru tine, ci ea \u00ee\u0163i arat\u0103 cum s\u0103 \u00eenve\u0163i din trecut pentru a evita dificult\u0103\u0163i \u00een viitor. Vei vedea profe\u0163iile care au fost date \u00een Vechiul Testament prinz\u00e2nd via\u0163\u0103 \u00een Noul Testament. Vechiul Testament ascuns este Noul Testament revelat.<\/p>\n","protected":false},"excerpt":{"rendered":"<p>Aceast\u0103 carte explic\u0103 \u00een detaliu ac\u0163iunea Dumnezeirii \u015fi de ce este ea at\u00e2t de important\u0103 pentru credincios. Cre\u015ftinii au o oportunitate mai mare de a-L cunoa\u015fte cu adev\u0103rat pe Dumnezeu Tat\u0103l, pe Isus Fiul \u015fi pe Duhul Sf\u00e2nt, pentru c\u0103 \u015ftim ce \u00eenva\u0163\u0103 Biblia despre Ei.<\/p>\n","protected":false},"featured_media":6861,"template":"","meta":{"_acf_changed":false},"product_brand":[],"product_cat":[31],"product_tag":[],"class_list":{"0":"post-35317","1":"product","2":"type-product","3":"status-publish","4":"has-post-thumbnail","6":"product_cat-bazele-crestinismului-ucenicizare","7":"pa_autori-gordon-lindsay","8":"pa_format-carte-tiparita","9":"pa_format-carte-electronica","11":"first","12":"instock","13":"shipping-taxable","14":"purchasable","15":"product-type-variable"},"acf":[],"_links":{"self":[{"href":"https:\/\/alfaomega.tv\/librarie\/wp-json\/wp\/v2\/product\/35317","targetHints":{"allow":["GET"]}}],"collection":[{"href":"https:\/\/alfaomega.tv\/librarie\/wp-json\/wp\/v2\/product"}],"about":[{"href":"https:\/\/alfaomega.tv\/librarie\/wp-json\/wp\/v2\/types\/product"}],"wp:featuredmedia":[{"embeddable":true,"href":"https:\/\/alfaomega.tv\/librarie\/wp-json\/wp\/v2\/media\/6861"}],"wp:attachment":[{"href":"https:\/\/alfaomega.tv\/librarie\/wp-json\/wp\/v2\/media?parent=35317"}],"wp:term":[{"taxonomy":"product_brand","embeddable":true,"href":"https:\/\/alfaomega.tv\/librarie\/wp-json\/wp\/v2\/product_brand?post=35317"},{"taxonomy":"product_cat","embeddable":true,"href":"https:\/\/alfaomega.tv\/librarie\/wp-json\/wp\/v2\/product_cat?post=35317"},{"taxonomy":"product_tag","embeddable":true,"href":"https:\/\/alfaomega.tv\/librarie\/wp-json\/wp\/v2\/product_tag?post=35317"}],"curies":[{"name":"wp","href":"https:\/\/api.w.org\/{rel}","templated":true}]}}