{"id":35319,"date":"2025-08-29T12:55:56","date_gmt":"2025-08-29T12:55:56","guid":{"rendered":"https:\/\/alfaomega.tv\/librarie\/?post_type=product&#038;p=35319"},"modified":"2025-09-01T08:38:45","modified_gmt":"2025-09-01T08:38:45","slug":"volumul-6-puterea-rugaciunii","status":"publish","type":"product","link":"https:\/\/alfaomega.tv\/librarie\/produse\/bazele-crestinismului-ucenicizare\/volumul-6-puterea-rugaciunii\/","title":{"rendered":"Volumul 6 &#8211; Puterea rug\u0103ciunii"},"content":{"rendered":"<p>Ai acces la puterea care mut\u0103 mun\u0163ii? A dori doar lucrurile nu va aduce rezultate. Este important s\u0103 folosim felul potrivit de rug\u0103ciuni. Felul despre care a vorbit Isus c\u00e2nd a spus:<\/p>\n<p>\u201eDac\u0103 ve\u0163i cere ceva \u00een Numele Meu, voi face\u201d (Ioan 14:14).<\/p>\n<p>Ai \u015ftiut?<\/p>\n<p>C\u0103 este voia lui Dumnezeu ca bolnavii s\u0103 fie vindeca\u0163i?<\/p>\n<p>C\u0103 este voia lui Dumnezeu ca cei credincio\u015fi s\u0103 aib\u0103 o s\u0103n\u0103tate bun\u0103?<\/p>\n<p>C\u0103 este voia lui Dumnezeu ca cei credincio\u015fi s\u0103 aib\u0103 victorie asupra oprim\u0103rii \u015fi fricii?<\/p>\n<p>C\u0103 este voia lui Dumnezeu ca nevoile zilnice ale copiilor Lui s\u0103 fie \u00eemplinite?<\/p>\n<p>C\u00e2nd ajungi s\u0103 \u00een\u0163elegi toate beneficiile pe care Dumnezeu ni le-a oferit prin Fiul S\u0103u, Isus Hristos, vei vedea c\u0103 rug\u0103ciunea ar trebui s\u0103 fie o parte esen\u0163ial\u0103 a vie\u0163ii noastre zilnice. C\u00e2nd afli de asemenea cum Dumnezeu r\u0103spunde la rug\u0103ciune \u00een Biblie, vei \u00eencepe s\u0103 \u00een\u0163elegi c\u0103 miracolele pot \u015fi vor fi parte a vie\u0163ii tale.<\/p>\n<p>Aceast\u0103 carte consemneaz\u0103 m\u0103rturiile adev\u0103rate ale oamenilor din timpurile biblice p\u00e2n\u0103 \u00een prezent \u015fi arat\u0103 cum rug\u0103ciunea a schimbat vie\u0163ile lor. Consemn\u0103rile biblice, care au fost scrise de istoricii antici, b\u0103rba\u0163i \u015fi femei ai lui Dumnezeu, au fost confirmate de cercet\u0103tori de-a lungul secolelor. Oameni de \u015ftiin\u0163\u0103, academicieni, teologi \u015fi speciali\u015fti de orice fel continu\u0103 s\u0103 cerceteze necunoscutul pentru a g\u0103si chei pentru \u00een\u0163elepciune \u015fi o \u00een\u0163elegere mai profund\u0103 pentru tr\u0103irea practic\u0103.<\/p>\n<p>Pe m\u0103sur\u0103 ce vei \u00eentoarce aceste pagini, zilele bibliei vor prinde via\u0163\u0103 \u015fi \u00ee\u0163i vei da seama c\u0103 aceasta nu este doar o alt\u0103 carte de istorie. Este vorba despre cum \u00eenv\u0103\u0163\u0103m din trecut s\u0103 evit\u0103m dificult\u0103\u0163ile \u00een viitor. \u00cen aceste zile de pe urm\u0103 provoc\u0103rile par s\u0103 creasc\u0103. Studiul vie\u0163ii de rug\u0103ciune al acestor indivizi te va ajuta s\u0103 p\u0103\u015fe\u015fti \u00eentr-o via\u0163\u0103 de victorie prin rug\u0103ciune.<\/p>\n<\/p>\n<p>Num\u0103r de pagini: 102<\/p>\n","protected":false},"excerpt":{"rendered":"<p>Ai acces la puterea care mut\u0103 mun\u0163ii? A dori doar lucrurile nu va aduce rezultate. Este important s\u0103 folosim felul potrivit de rug\u0103ciuni. Aceast\u0103 carte consemneaz\u0103 m\u0103rturiile adev\u0103rate ale oamenilor din timpurile biblice p\u00e2n\u0103 \u00een prezent \u015fi arat\u0103 cum rug\u0103ciunea a schimbat vie\u0163ile lor.<\/p>\n","protected":false},"featured_media":6863,"template":"","meta":{"_acf_changed":false},"product_brand":[],"product_cat":[31],"product_tag":[],"class_list":{"0":"post-35319","1":"product","2":"type-product","3":"status-publish","4":"has-post-thumbnail","6":"product_cat-bazele-crestinismului-ucenicizare","7":"pa_autori-gordon-lindsay","8":"pa_format-carte-tiparita","9":"pa_format-carte-electronica","11":"first","12":"instock","13":"shipping-taxable","14":"purchasable","15":"product-type-variable"},"acf":[],"_links":{"self":[{"href":"https:\/\/alfaomega.tv\/librarie\/wp-json\/wp\/v2\/product\/35319","targetHints":{"allow":["GET"]}}],"collection":[{"href":"https:\/\/alfaomega.tv\/librarie\/wp-json\/wp\/v2\/product"}],"about":[{"href":"https:\/\/alfaomega.tv\/librarie\/wp-json\/wp\/v2\/types\/product"}],"wp:featuredmedia":[{"embeddable":true,"href":"https:\/\/alfaomega.tv\/librarie\/wp-json\/wp\/v2\/media\/6863"}],"wp:attachment":[{"href":"https:\/\/alfaomega.tv\/librarie\/wp-json\/wp\/v2\/media?parent=35319"}],"wp:term":[{"taxonomy":"product_brand","embeddable":true,"href":"https:\/\/alfaomega.tv\/librarie\/wp-json\/wp\/v2\/product_brand?post=35319"},{"taxonomy":"product_cat","embeddable":true,"href":"https:\/\/alfaomega.tv\/librarie\/wp-json\/wp\/v2\/product_cat?post=35319"},{"taxonomy":"product_tag","embeddable":true,"href":"https:\/\/alfaomega.tv\/librarie\/wp-json\/wp\/v2\/product_tag?post=35319"}],"curies":[{"name":"wp","href":"https:\/\/api.w.org\/{rel}","templated":true}]}}