{"id":35321,"date":"2025-08-29T12:55:56","date_gmt":"2025-08-29T12:55:56","guid":{"rendered":"https:\/\/alfaomega.tv\/librarie\/?post_type=product&#038;p=35321"},"modified":"2025-09-02T07:32:30","modified_gmt":"2025-09-02T07:32:30","slug":"vremea-avansarii","status":"publish","type":"product","link":"https:\/\/alfaomega.tv\/librarie\/produse\/bazele-crestinismului-ucenicizare\/vremea-avansarii\/","title":{"rendered":"Vremea avans\u0103rii"},"content":{"rendered":"<p>O ARMAT\u0102 TRIUMF\u0102TOARE  SE RIDIC\u0102 PE P\u0102M\u00c2NT!<\/p>\n<p>Domnul a hot\u0103r\u00e2t un timp cu o binecuv\u00e2ntare \u00eencorporat\u0103 pentru ca voi s\u0103 o revendica\u021bi \u0219i s\u0103 umbla\u021bi \u00een ea. Pe m\u0103sur\u0103 ce v\u0103 identifica\u021bi semin\u021bia \u0219i v\u0103 alinia\u021bi \u00een mod divin \u00een timp cu calendarul lui Dumnezeu, ve\u021bi descoperi cum s\u0103 afla\u021bi care este locul vostru \u00een \u00cemp\u0103r\u0103\u021bia lui Dumnezeu, cum s\u0103 v\u0103 lupta\u021bi \u00een mod eficient pentru mo\u0219tenirea voastr\u0103, iar apoi s\u0103 umbla\u021bi \u00een binecuv\u00e2nt\u0103rile Sale.<\/p>\n<p>Cartea Vremea Avans\u0103rii: \u00cen\u021beleg\u00e2nd semnifica\u021bia semin\u021biilor \u0219i a lunilor evreie\u0219ti v\u0103 va ajuta s\u0103 \u00een\u021belege\u021bi modul \u00een care Dumnezeu \u00ce\u0219i formeaz\u0103 ast\u0103zi \u00eentreaga Sa armat\u0103 cuceritoare. Ve\u021bi \u00een\u021belege, totodat\u0103, modul \u00een care lucreaz\u0103 \u00eempreun\u0103 fiecare parte \u0219i calitatea r\u0103scump\u0103r\u0103toare a planului leg\u0103m\u00e2ntului lui Dumnezeu pentru Israel. Acest lucru v\u0103 va ajuta la formarea unei temelii asupra modului \u00een care suntem altoi\u021bi \u00een mi\u0219carea din zilele ce vor urma.<\/p>\n<p>\u00cenv\u0103\u021b\u00e2nd s\u0103 g\u00e2ndi\u021bi a\u0219a cum g\u00e2nde\u0219te Dumnezeu \u0219i studiind semin\u021biile \u0219i lunile evreie\u0219ti, ve\u021bi dob\u00e2ndi o \u00een\u021belegere profetic\u0103 asupra modului \u00een care Domnul ne cheam\u0103 s\u0103 p\u0103\u0219im \u00een decursul unui an. De asemenea, ve\u021bi vedea care este locul vostru \u00een armata triumf\u0103toare a lui Dumnezeu, care se ridic\u0103 ast\u0103zi pe p\u0103m\u00e2nt!<\/p>\n<\/p>\n<p>Autori: Chuck d. Pierce cu Robert \u0219i Linda Heidler<\/p>\n<p>Num\u0103r pagini: 296<\/p>\n","protected":false},"excerpt":{"rendered":"<p>Ve\u021bi \u00een\u021belege modul \u00een care lucreaz\u0103 \u00eempreun\u0103 fiecare parte \u0219i calitatea r\u0103scump\u0103r\u0103toare a planului leg\u0103m\u00e2ntului lui Dumnezeu pentru Israel. Acest lucru v\u0103 va ajuta la formarea unei temelii asupra modului \u00een care suntem altoi\u021bi \u00een mi\u0219carea din zilele ce vor urma.<\/p>\n","protected":false},"featured_media":6865,"template":"","meta":{"_acf_changed":false},"product_brand":[],"product_cat":[31],"product_tag":[],"class_list":{"0":"post-35321","1":"product","2":"type-product","3":"status-publish","4":"has-post-thumbnail","6":"product_cat-bazele-crestinismului-ucenicizare","7":"pa_autori-chuck-d-pierce","8":"pa_format-carte-tiparita","9":"pa_format-carte-electronica","11":"first","12":"instock","13":"shipping-taxable","14":"purchasable","15":"product-type-variable"},"acf":[],"_links":{"self":[{"href":"https:\/\/alfaomega.tv\/librarie\/wp-json\/wp\/v2\/product\/35321","targetHints":{"allow":["GET"]}}],"collection":[{"href":"https:\/\/alfaomega.tv\/librarie\/wp-json\/wp\/v2\/product"}],"about":[{"href":"https:\/\/alfaomega.tv\/librarie\/wp-json\/wp\/v2\/types\/product"}],"wp:featuredmedia":[{"embeddable":true,"href":"https:\/\/alfaomega.tv\/librarie\/wp-json\/wp\/v2\/media\/6865"}],"wp:attachment":[{"href":"https:\/\/alfaomega.tv\/librarie\/wp-json\/wp\/v2\/media?parent=35321"}],"wp:term":[{"taxonomy":"product_brand","embeddable":true,"href":"https:\/\/alfaomega.tv\/librarie\/wp-json\/wp\/v2\/product_brand?post=35321"},{"taxonomy":"product_cat","embeddable":true,"href":"https:\/\/alfaomega.tv\/librarie\/wp-json\/wp\/v2\/product_cat?post=35321"},{"taxonomy":"product_tag","embeddable":true,"href":"https:\/\/alfaomega.tv\/librarie\/wp-json\/wp\/v2\/product_tag?post=35321"}],"curies":[{"name":"wp","href":"https:\/\/api.w.org\/{rel}","templated":true}]}}