{"id":35325,"date":"2025-08-29T12:55:56","date_gmt":"2025-08-29T12:55:56","guid":{"rendered":"https:\/\/alfaomega.tv\/librarie\/?post_type=product&#038;p=35325"},"modified":"2025-09-01T08:39:13","modified_gmt":"2025-09-01T08:39:13","slug":"volumul-7-imparati-si-profeti-din-israel","status":"publish","type":"product","link":"https:\/\/alfaomega.tv\/librarie\/produse\/bazele-crestinismului-ucenicizare\/volumul-7-imparati-si-profeti-din-israel\/","title":{"rendered":"Volumul 7 &#8211; \u00cemp\u0103ra\u021bi \u0219i profe\u021bi din Israel"},"content":{"rendered":"<p><span lang=\"ro-RO\">\u00cen timpul Vechiului Testament, precum \u0219i \u00een societatea noastr\u0103 actual\u0103, legea trebuia pus\u0103 \u00een practic\u0103. Acest lucru cere ca cei ale\u0219i de Dumnezeu s\u0103 interpreteze corect legea. Ace\u0219ti b\u0103rba\u021bi \u0219i femei au \u00een\u021beles care le este pozi\u021bia \u0219i s-au bazat pe Dumnezeu pentru \u00een\u021belepciune.<\/span><\/p>\n<p><span lang=\"ro-RO\">\u00cen cadrul acestui volum de Studiu Biblic, vom privi la Ilie, Elisei, la \u00eemp\u0103ra\u021bii care fie L-au urmat pe Dumnezeu \u0219i Legea lui Moise, fie nu, \u0219i la al\u021bi profe\u021bi.<\/span><\/p>\n<p><span lang=\"ro-RO\">Aceste nara\u021biuni sunt m\u0103rturii adev\u0103rate ale respectivelor persoane, cuprinz\u00e2nd ceea ce s-a petrecut \u00een acele vremuri cruciale. Aceste \u00eensemn\u0103ri biblice, scrise de istoricii antici, b\u0103rba\u021bi \u0219i femei ai lui Dumnezeu, au fost confirmate de cercet\u0103tori de-a lungul veacurilor. Oameni de \u0219tiin\u021b\u0103, academicieni, teologi \u0219i speciali\u0219ti \u00een felurite domenii continu\u0103 s\u0103 caute prin necunoscut anumite chei care s\u0103 descuie \u00een\u021belepciunea precum \u0219i o cunoa\u0219tere mai ad\u00e2nc\u0103 a tr\u0103irii practice.<\/span><\/p>\n<p><span lang=\"ro-RO\">Pagin\u0103 cu pagin\u0103, vremurile biblice vor deveni tot mai treji \u0219i vom descoperi c\u0103 Scriptura nu este doar o simpl\u0103 carte. Ceea ce \u00eenv\u0103\u021b\u0103m din trecut ne va ajuta s\u0103 dep\u0103\u0219im greut\u0103\u021bile viitorului. Ve\u021bi examina punctele tari \u0219i punctele slabe ale liderilor &#8211; ceea ce a determinat o conducere bun\u0103 \u0219i ceea ce a determinat o dec\u0103dere a liderilor.<\/span><\/p>\n<p><span lang=\"ro-RO\">\u00cen aceste vremuri de pe urm\u0103 avem parte de provoc\u0103ri tot mai mari. Studiul \u00eemp\u0103ra\u021bilor \u0219i profe\u021bilor din Israel \u00ee\u021bi pune la dispozi\u021bie anumite strategii care te ajut\u0103 s\u0103 dep\u0103\u0219e\u0219ti orice problem\u0103 cu care te-ai putea confrunta.<\/span><\/p><\/p>\n","protected":false},"excerpt":{"rendered":"<p>\u00cen aceste vremuri de pe urm\u0103 avem parte de provoc\u0103ri tot mai mari. Studiul \u00eemp\u0103ra\u021bilor \u0219i profe\u021bilor din Israel \u00ee\u021bi pune la dispozi\u021bie anumite strategii care te ajut\u0103 s\u0103 dep\u0103\u0219e\u0219ti orice problem\u0103 cu care te-ai putea confrunta.<\/p>\n","protected":false},"featured_media":6869,"template":"","meta":{"_acf_changed":false},"product_brand":[],"product_cat":[31],"product_tag":[],"class_list":{"0":"post-35325","1":"product","2":"type-product","3":"status-publish","4":"has-post-thumbnail","6":"product_cat-bazele-crestinismului-ucenicizare","7":"pa_autori-gordon-lindsay","8":"pa_format-carte-tiparita","9":"pa_format-carte-electronica","11":"first","12":"instock","13":"shipping-taxable","14":"purchasable","15":"product-type-variable"},"acf":[],"_links":{"self":[{"href":"https:\/\/alfaomega.tv\/librarie\/wp-json\/wp\/v2\/product\/35325","targetHints":{"allow":["GET"]}}],"collection":[{"href":"https:\/\/alfaomega.tv\/librarie\/wp-json\/wp\/v2\/product"}],"about":[{"href":"https:\/\/alfaomega.tv\/librarie\/wp-json\/wp\/v2\/types\/product"}],"wp:featuredmedia":[{"embeddable":true,"href":"https:\/\/alfaomega.tv\/librarie\/wp-json\/wp\/v2\/media\/6869"}],"wp:attachment":[{"href":"https:\/\/alfaomega.tv\/librarie\/wp-json\/wp\/v2\/media?parent=35325"}],"wp:term":[{"taxonomy":"product_brand","embeddable":true,"href":"https:\/\/alfaomega.tv\/librarie\/wp-json\/wp\/v2\/product_brand?post=35325"},{"taxonomy":"product_cat","embeddable":true,"href":"https:\/\/alfaomega.tv\/librarie\/wp-json\/wp\/v2\/product_cat?post=35325"},{"taxonomy":"product_tag","embeddable":true,"href":"https:\/\/alfaomega.tv\/librarie\/wp-json\/wp\/v2\/product_tag?post=35325"}],"curies":[{"name":"wp","href":"https:\/\/api.w.org\/{rel}","templated":true}]}}