{"id":35331,"date":"2025-08-29T12:55:57","date_gmt":"2025-08-29T12:55:57","guid":{"rendered":"https:\/\/alfaomega.tv\/librarie\/?post_type=product&#038;p=35331"},"modified":"2025-09-01T08:40:36","modified_gmt":"2025-09-01T08:40:36","slug":"volumul-10-cum-poti-fi-vindecat","status":"publish","type":"product","link":"https:\/\/alfaomega.tv\/librarie\/produse\/bazele-crestinismului-ucenicizare\/volumul-10-cum-poti-fi-vindecat\/","title":{"rendered":"Volumul 10 &#8211; Cum po\u021bi fi vindecat"},"content":{"rendered":"<p class=\"p1\">\u00cen tinere\u021bea sa, Gordon Lindsay a fost intoxicat cu ptomain\u0103 \u0219i a fost c\u00e2t pe ce s\u0103\u00a0moar\u0103. Prin intermediul bunului s\u0103u prieten, John G. Lake \u0219i so\u021bia acestuia, cea care\u00a0i-a \u0219i dat predicile so\u021bului ei pentru a le citi \u0219i pentru a medita la ele, Gordon a ajuns \u00een\u00a0punctul \u00een care a fost gata s\u0103 se \u00eencread\u0103 \u00een Dumnezeu, s\u0103 p\u0103\u0219easc\u0103 prin credin\u021b\u0103 \u0219i s\u0103\u00a0fie pe deplin eliberat din lan\u021burile care \u00eel \u00eempresurau. M\u0103rturia lui complet\u0103 se g\u0103se\u0219te\u00a0la sf\u00e2r\u0219itul acestei c\u0103r\u021bi.<\/p>\n<p class=\"p1\">Gordon a \u00eenv\u0103\u021bat ceva important despre vindecare. El a spus: \u201ePropria-mi vindecare\u00a0mi-a fost una dintre cele mai pre\u021bioase lec\u021bii de via\u021b\u0103 de care am avut parte. Dac\u0103\u00a0Dumnezeu m\u0103 poate vindeca, chiar \u0219i atunci c\u00e2nd sunt at\u00e2t de aproape de moarte, cu\u00a0at\u00e2t mai mult El m\u0103 poate elibera \u0219i proteja de nenorocirile provocate de du\u0219man. \u00cemi\u00a0era foarte clar faptul c\u0103 Dumnezeu dore\u0219te s\u0103-\u0218i \u00eemplineasc\u0103 promisiunea de a m\u0103 feri\u00a0de neputin\u021b\u0103 \u0219i de boal\u0103.<\/p>\n<p class=\"p1\">Pentru slava Lui, eu vreau s\u0103 spun c\u0103 Dumnezeu ne-a protejat, pe mine \u0219i \u00eentreaga mea\u00a0familie, de-a lungul anilor. Suntem o dovad\u0103 a faptului c\u0103 Dumnezeu este vindec\u0103torul\u00a0bolilor noastre. Cuv\u00e2ntul S\u0103u nu ne-a dezam\u0103git \u0219i astfel noi \u00cel putem recomanda\u00a0oric\u0103rei persoane pe Isus, Vindec\u0103torul. Ba mai mult, \u00cel sl\u0103vesc pe Dumnezeu pentru\u00a0bun\u0103tatea \u0219i dragostea Sa pe care le-am v\u0103zut \u00een vindecarea multor oameni. Putem\u00a0spune cu adev\u0103rat c\u0103 Isus vindec\u0103 \u0219i ast\u0103zi!\u201d<\/p>\n<p class=\"p1\">Aceast\u0103 carte ne descoper\u0103 \u0219i m\u0103rturii scripturale, din Vechiul \u0219i Noul Testament,\u00a0m\u0103rturii depuse de oameni care au avut parte de vindecare. \u00cen aceste vremuri de pe\u00a0urm\u0103 avem parte de provoc\u0103ri tot mai mari. Studiind cartea Cum po\u021bi fi vindecat, vei fi\u00a0\u00eencurajat de m\u0103rturiile din trecut \u0219i prezent, pentru a te ajuta s\u0103 dep\u0103\u0219e\u0219ti orice problem\u0103\u00a0cu care te-ai putea confrunta.<\/p>\n<p class=\"p1\">Pagin\u0103 cu pagin\u0103, Cuv\u00e2ntul va fi viu, credin\u021ba \u00ee\u021bi va cre\u0219te \u0219i vei realiza c\u0103\u00a0vindecarea este \u0219i pentru tine. Dup\u0103 ce vei examina relat\u0103rile vindec\u0103rilor miraculoase\u00a0din Scriptur\u0103, vei descoperi c\u0103 vindecarea \u0219i s\u0103n\u0103tatea \u00eenc\u0103 fac parte din planul curent\u00a0al lui Dumnezeu pentru copiii S\u0103i.<\/p>\n<p>\u00a0<\/p>\n<p>Num\u0103r de pagini: 124<\/p>\n","protected":false},"excerpt":{"rendered":"<p>\u00cen aceste vremuri de pe urm\u0103 avem parte de provoc\u0103ri tot mai mari. Studiind cartea Cum po\u021bi fi vindecat, vei fi \u00eencurajat de m\u0103rturiile din trecut \u0219i prezent, pentru a te ajuta s\u0103 dep\u0103\u0219e\u0219ti orice problem\u0103 cu care te-ai putea confrunta.<\/p>\n","protected":false},"featured_media":6875,"template":"","meta":{"_acf_changed":false},"product_brand":[],"product_cat":[31],"product_tag":[],"class_list":{"0":"post-35331","1":"product","2":"type-product","3":"status-publish","4":"has-post-thumbnail","6":"product_cat-bazele-crestinismului-ucenicizare","7":"pa_autori-gordon-lindsay","8":"pa_format-carte-tiparita","9":"pa_format-carte-electronica","11":"first","12":"instock","13":"shipping-taxable","14":"purchasable","15":"product-type-variable"},"acf":[],"_links":{"self":[{"href":"https:\/\/alfaomega.tv\/librarie\/wp-json\/wp\/v2\/product\/35331","targetHints":{"allow":["GET"]}}],"collection":[{"href":"https:\/\/alfaomega.tv\/librarie\/wp-json\/wp\/v2\/product"}],"about":[{"href":"https:\/\/alfaomega.tv\/librarie\/wp-json\/wp\/v2\/types\/product"}],"wp:featuredmedia":[{"embeddable":true,"href":"https:\/\/alfaomega.tv\/librarie\/wp-json\/wp\/v2\/media\/6875"}],"wp:attachment":[{"href":"https:\/\/alfaomega.tv\/librarie\/wp-json\/wp\/v2\/media?parent=35331"}],"wp:term":[{"taxonomy":"product_brand","embeddable":true,"href":"https:\/\/alfaomega.tv\/librarie\/wp-json\/wp\/v2\/product_brand?post=35331"},{"taxonomy":"product_cat","embeddable":true,"href":"https:\/\/alfaomega.tv\/librarie\/wp-json\/wp\/v2\/product_cat?post=35331"},{"taxonomy":"product_tag","embeddable":true,"href":"https:\/\/alfaomega.tv\/librarie\/wp-json\/wp\/v2\/product_tag?post=35331"}],"curies":[{"name":"wp","href":"https:\/\/api.w.org\/{rel}","templated":true}]}}