{"id":35335,"date":"2025-08-29T12:55:57","date_gmt":"2025-08-29T12:55:57","guid":{"rendered":"https:\/\/alfaomega.tv\/librarie\/?post_type=product&#038;p=35335"},"modified":"2025-09-01T08:41:12","modified_gmt":"2025-09-01T08:41:12","slug":"volumul-12-ingeri-si-demoni","status":"publish","type":"product","link":"https:\/\/alfaomega.tv\/librarie\/produse\/bazele-crestinismului-ucenicizare\/volumul-12-ingeri-si-demoni\/","title":{"rendered":"Volumul 12 &#8211; \u00cengeri \u0219i demoni"},"content":{"rendered":"<p class=\"p1\">\u00ceNGERI \u0218I DEMONI ne ofer\u0103 revela\u021bii la unele \u00eentreb\u0103ri pe care le au oamenii cu privire la manifest\u0103rile supranaturale de pe t\u0103r\u00e2mul spiritului. De-a lungul secolelor, oamenii \u0219i-au manifestat interesul fa\u021b\u0103 de \u00eengerii Domnului, fa\u021b\u0103 de Satan, de \u00eengerii c\u0103zu\u021bi \u0219i de demoni. Pe m\u0103sur\u0103 ce studia\u021bi Biblia \u0219i cartea aceasta, ve\u021bi afla lucruri despre lupta spiritual\u0103 care se desf\u0103\u0219oar\u0103 pe p\u0103m\u00e2nt \u0219i \u00een ceruri.<\/p>\n<p class=\"p1\">Noi \u0219tim din Cuv\u00e2nt c\u0103 Satan a c\u0103zut din cer, dar au mai existat \u0219i alte b\u0103t\u0103lii \u0219i \u00eenfr\u00e2ngeri pe care le-a suferit. C\u00e2nd el \u0219i adep\u021bii lui s-au \u00eempotrivit cu \u00eenver\u0219unare, multe din fort\u0103re\u021bele \u0219i principatele lor s-au spulberat, iar \u00eemp\u0103r\u0103\u021biile lor au fost r\u0103sturnate una dup\u0103 alta. \u00cen aceast\u0103 carte, vom urm\u0103ri \u00eenfr\u00e2ngerile succesive ale lui Satan, izgonirea sa, \u00een primul r\u00e2nd din cer, din locurile cere\u0219ti, \u00eentemni\u021barea de care acesta va avea parte \u00een viitor, \u00een groapa f\u0103r\u0103 fund, \u0219i \u00een cele din urm\u0103 condamnarea sa ve\u0219nic\u0103 \u00een iazul de foc.<\/p>\n<p class=\"p1\">R\u0103zboiul care a \u00eenceput ca urmare a r\u0103zvr\u0103tirii lui Satan a fost cumplit, \u00een timp ce el \u0219i-a r\u0103sp\u00e2ndit c\u0103ile rele pe \u00eentregul P\u0103m\u00e2nt. Chiar \u0219i ast\u0103zi, conflictul nu a fost pe deplin rezolvat. Se apropie ora \u00een care acest r\u0103zboi din ceruri se va sf\u00e2r\u0219i.<\/p>\n<p class=\"p1\">Care este responsabilitatea noastr\u0103 \u00een aceast\u0103 lupt\u0103 spiritual\u0103? Dumnezeu \u00eei cheam\u0103 pe b\u0103rba\u021bi \u0219i pe femei s\u0103 fie r\u0103zboinici \u00een rug\u0103ciune \u00een aceast\u0103 mare b\u0103t\u0103lie a veacurilor. Poporul lui Dumnezeu trebuie s\u0103 lupte ne\u00eencetat, \u00een m\u0103rea\u021ba \u0219i puternica rug\u0103ciune pentru \u00eenfr\u00e2ngerea \u0219i \u00eendep\u0103rtarea lui Satan ca Prin\u021b al puterii v\u0103zduhului. Am ajuns s\u0103 \u00een\u021belegem c\u0103 noi suntem Biserica victorioas\u0103 a lui Isus Hristos, \u0219i c\u0103 vom domni cu El \u00een cer \u00een mod glorios.<\/p>\n<p class=\"p1\">Provoc\u0103rile acestor vremuri de pe urm\u0103 par a fi din ce \u00een ce mai mari. Diavolul continu\u0103 s\u0103 \u00eencerce s\u0103 opreasc\u0103 planul lui Dumnezeu pentru cei sfin\u021bi. Studierea cuv\u00e2ntului lui Dumnezeu ne ofer\u0103 strategii care ne ajut\u0103 s\u0103 dep\u0103\u0219im orice probleme, nu numai din sfera natural\u0103, dar \u0219i din punct de vedere spiritual.<\/p>\n<p class=\"p1\">\n<p>Num\u0103r de pagini: 94<\/p>\n","protected":false},"excerpt":{"rendered":"<p>\u00ceNGERI \u0218I DEMONI ne ofer\u0103 revela\u021bii la unele \u00eentreb\u0103ri pe care le au oamenii cu privire la manifest\u0103rile supranaturale de pe t\u0103r\u00e2mul spiritului. Pe m\u0103sur\u0103 ce studia\u021bi Biblia \u0219i cartea aceasta, ve\u021bi afla lucruri despre lupta spiritual\u0103 care se desf\u0103\u0219oar\u0103 pe p\u0103m\u00e2nt \u0219i \u00een ceruri.<\/p>\n","protected":false},"featured_media":6879,"template":"","meta":{"_acf_changed":false},"product_brand":[],"product_cat":[31],"product_tag":[],"class_list":{"0":"post-35335","1":"product","2":"type-product","3":"status-publish","4":"has-post-thumbnail","6":"product_cat-bazele-crestinismului-ucenicizare","7":"pa_autori-gordon-lindsay","8":"pa_format-carte-tiparita","9":"pa_format-carte-electronica","11":"first","12":"instock","13":"shipping-taxable","14":"purchasable","15":"product-type-variable"},"acf":[],"_links":{"self":[{"href":"https:\/\/alfaomega.tv\/librarie\/wp-json\/wp\/v2\/product\/35335","targetHints":{"allow":["GET"]}}],"collection":[{"href":"https:\/\/alfaomega.tv\/librarie\/wp-json\/wp\/v2\/product"}],"about":[{"href":"https:\/\/alfaomega.tv\/librarie\/wp-json\/wp\/v2\/types\/product"}],"wp:featuredmedia":[{"embeddable":true,"href":"https:\/\/alfaomega.tv\/librarie\/wp-json\/wp\/v2\/media\/6879"}],"wp:attachment":[{"href":"https:\/\/alfaomega.tv\/librarie\/wp-json\/wp\/v2\/media?parent=35335"}],"wp:term":[{"taxonomy":"product_brand","embeddable":true,"href":"https:\/\/alfaomega.tv\/librarie\/wp-json\/wp\/v2\/product_brand?post=35335"},{"taxonomy":"product_cat","embeddable":true,"href":"https:\/\/alfaomega.tv\/librarie\/wp-json\/wp\/v2\/product_cat?post=35335"},{"taxonomy":"product_tag","embeddable":true,"href":"https:\/\/alfaomega.tv\/librarie\/wp-json\/wp\/v2\/product_tag?post=35335"}],"curies":[{"name":"wp","href":"https:\/\/api.w.org\/{rel}","templated":true}]}}