{"id":35337,"date":"2025-08-29T12:55:57","date_gmt":"2025-08-29T12:55:57","guid":{"rendered":"https:\/\/alfaomega.tv\/librarie\/?post_type=product&#038;p=35337"},"modified":"2025-09-01T08:41:28","modified_gmt":"2025-09-01T08:41:28","slug":"volumul-13-a-doua-venire-a-lui-hristos","status":"publish","type":"product","link":"https:\/\/alfaomega.tv\/librarie\/produse\/bazele-crestinismului-ucenicizare\/volumul-13-a-doua-venire-a-lui-hristos\/","title":{"rendered":"Volumul 13 &#8211; A doua venire a lui Hristos"},"content":{"rendered":"<p class=\"p1\">Cercet\u0103torii au confirmat de-a lungul secolelor m\u0103rturiile biblice care au fost scrise de istoricii din vechime &#8211; b\u0103rba\u021bi \u0219i femei ai lui Dumnezeu. Oamenii de \u0219tiin\u021b\u0103, academicieni, teologi \u0219i speciali\u0219ti de toate felurile continu\u0103 s\u0103 cerceteze tainele necunoscute, folosind chei cu care s\u0103 descuie \u00een\u021belepciunea \u0219i o \u00een\u021belegere mai profund\u0103 pentru tr\u0103irea practic\u0103.<\/p>\n<p class=\"p1\">Pe m\u0103sur\u0103 ce r\u0103sfoi\u021bi aceste pagini, profe\u021biile biblice despre cea de-a doua venire a lui Isus vor veni la via\u021b\u0103 \u0219i ve\u021bi realiza c\u0103 aceasta nu este doar o alt\u0103 carte de istorie. Faptul de a studia despre a doua Sa venire ne ajut\u0103 s\u0103 \u00eenv\u0103\u021b\u0103m s\u0103 tr\u0103im \u0219i s\u0103 cre\u0219tem \u00een credin\u021b\u0103 ast\u0103zi, av\u00e2nd, de asemenea, o a\u0219teptare \u00eenfl\u0103c\u0103rat\u0103 pentru viitor.<\/p>\n<p class=\"p1\">\u00cen aceste ultime zile, provoc\u0103rile par a fi \u00een cre\u0219tere. Studierea Scripturilor ne va oferi strategii, astfel \u00eenc\u00e2t s\u0103 putem fi \u00een alert\u0103 \u0219i, de asemenea, s\u0103 particip\u0103m la \u00eendeplinirea Marii \u00cens\u0103rcin\u0103ri. Potrivit versetului 30 din Matei capitolul 24: \u201eAtunci se va ar\u0103ta \u00een cer Fiului omului \u0219i omenirea \u00cel va vedea venind pe norii cerului cu putere \u0219i cu o mare slav\u0103\u201d.<\/p>\n<p class=\"p1\">Isus \u00censu\u0219i, ne-a spus: \u201eVeghea\u021bi \u0219i ruga\u021bi-v\u0103!\u201d<\/p>\n<\/p>\n<p>Num\u0103r de pagini: 98<\/p>\n","protected":false},"excerpt":{"rendered":"<p>Faptul de a studia despre a doua Sa venire ne ajut\u0103 s\u0103 \u00eenv\u0103\u021b\u0103m s\u0103 tr\u0103im \u0219i s\u0103 cre\u0219tem \u00een credin\u021b\u0103 ast\u0103zi, av\u00e2nd, de asemenea, o a\u0219teptare \u00eenfl\u0103c\u0103rat\u0103 pentru viitor.<\/p>\n","protected":false},"featured_media":6881,"template":"","meta":{"_acf_changed":false},"product_brand":[],"product_cat":[31],"product_tag":[],"class_list":{"0":"post-35337","1":"product","2":"type-product","3":"status-publish","4":"has-post-thumbnail","6":"product_cat-bazele-crestinismului-ucenicizare","7":"pa_autori-gordon-lindsay","8":"pa_format-carte-tiparita","9":"pa_format-carte-electronica","11":"first","12":"instock","13":"shipping-taxable","14":"purchasable","15":"product-type-variable"},"acf":[],"_links":{"self":[{"href":"https:\/\/alfaomega.tv\/librarie\/wp-json\/wp\/v2\/product\/35337","targetHints":{"allow":["GET"]}}],"collection":[{"href":"https:\/\/alfaomega.tv\/librarie\/wp-json\/wp\/v2\/product"}],"about":[{"href":"https:\/\/alfaomega.tv\/librarie\/wp-json\/wp\/v2\/types\/product"}],"wp:featuredmedia":[{"embeddable":true,"href":"https:\/\/alfaomega.tv\/librarie\/wp-json\/wp\/v2\/media\/6881"}],"wp:attachment":[{"href":"https:\/\/alfaomega.tv\/librarie\/wp-json\/wp\/v2\/media?parent=35337"}],"wp:term":[{"taxonomy":"product_brand","embeddable":true,"href":"https:\/\/alfaomega.tv\/librarie\/wp-json\/wp\/v2\/product_brand?post=35337"},{"taxonomy":"product_cat","embeddable":true,"href":"https:\/\/alfaomega.tv\/librarie\/wp-json\/wp\/v2\/product_cat?post=35337"},{"taxonomy":"product_tag","embeddable":true,"href":"https:\/\/alfaomega.tv\/librarie\/wp-json\/wp\/v2\/product_tag?post=35337"}],"curies":[{"name":"wp","href":"https:\/\/api.w.org\/{rel}","templated":true}]}}