{"id":35341,"date":"2025-08-29T12:55:58","date_gmt":"2025-08-29T12:55:58","guid":{"rendered":"https:\/\/alfaomega.tv\/librarie\/?post_type=product&#038;p=35341"},"modified":"2025-08-29T12:56:07","modified_gmt":"2025-08-29T12:56:07","slug":"cartea-cartilor-sezonul-1","status":"publish","type":"product","link":"https:\/\/alfaomega.tv\/librarie\/produse\/cartea-cartilor\/cartea-cartilor-sezonul-1\/","title":{"rendered":"Cartea Cartilor &#8211; Sezonul 1"},"content":{"rendered":"<h3>Seria \u201eCartea C\u0103r\u021bilor\u201d provoac\u0103 copiii de peste 6 ani la o aventur\u0103 prin Biblie, pentru a descoperi istorisiri str\u0103vechi \u0219i a \u00eenv\u0103\u021ba lec\u021bii valoroase despre via\u021b\u0103.<\/h3>\n<p>Cristi \u0219i Oana sunt copiii moderni ai secolului 21, care petrec mult timp \u00eempreun\u0103 cu robotul lor amuzant, Memo. La un moment dat, ei g\u0103sesc un dispozitiv misterios (Cartea C\u0103r\u021bilor) care \u00eei teleporteaz\u0103 \u00een trecut, prin pagini de istorie. C\u0103l\u0103tore\u0219te \u0219i tu \u00een timp al\u0103turi de Cristi, Oana \u0219i Memo, pentru a retr\u0103i cele mai minunate povestiri \u0219i \u00eent\u00e2mpl\u0103ri din vremurile biblice!<\/p>\n<p>4 DVD-uri X 13 episoade x 28 min \u00a0|\u00a0 V\u00e2rsta recomandat\u0103: 6-12 ani<\/p>\n<\/p>\n<p>Toate episoadele sezonului 1 Cartea C\u0103r\u021bilor sunt grupate pe un singur album DVD cu 4 discuri (fara episoadele vechi). <br \/>Mai avem si un devotional de 30 zile pentru copii, &#8222;<a href=\"http:\/\/alfaomega.tv\/librarie\/cartea-cartilor\/devo%C8%9Bionalul-aventurile-lui-memo-prin-lumea-biblie-produs\" target=\"_blank\" rel=\"noopener noreferrer\">Aventurile lui Memo prin lumea Bibliei<\/a>&#8222;, la pretul de 10 lei.<\/p>\n<h2>SEZONUL 1 &#8211; TITLURI EPISOADE<\/h2>\n<p>1.01 &#8211; La \u00eenceput&#8230;<br \/>1.02 &#8211; Testul!.<br \/>1.03 &#8211; Iacov \u0219i Esau<br \/>1.04 &#8211; Las\u0103 poporul Meu s\u0103 plece!<br \/>1.05 &#8211; Cele zece porunci<br \/>1.06 &#8211; O aventur\u0103 uria\u0219\u0103<br \/>1.07 &#8211; R\u0103cnetul leului<br \/>1.08 &#8211; Primul Cr\u0103ciun<br \/>1.09 &#8211; Miracolele lui Isus<br \/>1.10 &#8211; Cina cea de tain\u0103<br \/>1.11 &#8211; A \u00eenviat!<br \/>1.12 &#8211; Drumul spre Damasc<br \/>1.13 &#8211; Apocalipsa: B\u0103t\u0103lia final\u0103<\/p>\n","protected":false},"excerpt":{"rendered":"<p>Seria \u201eCartea C\u0103r\u021bilor\u201d provoac\u0103 copiii de peste 6 ani la o aventur\u0103 prin Biblie, pentru a descoperi istorisiri str\u0103vechi \u0219i a \u00eenv\u0103\u021ba lec\u021bii valoroase despre via\u021b\u0103.<\/p>\n","protected":false},"featured_media":6911,"template":"","meta":{"_acf_changed":false},"product_brand":[],"product_cat":[35,34],"product_tag":[],"class_list":{"0":"post-35341","1":"product","2":"type-product","3":"status-publish","4":"has-post-thumbnail","6":"product_cat-cartea-cartilor","7":"product_cat-resurse-pentru-copii","8":"pa_autori-cbn","9":"pa_format-dvd","11":"first","12":"instock","13":"shipping-taxable","14":"purchasable","15":"product-type-variable","16":"has-default-attributes"},"acf":[],"_links":{"self":[{"href":"https:\/\/alfaomega.tv\/librarie\/wp-json\/wp\/v2\/product\/35341","targetHints":{"allow":["GET"]}}],"collection":[{"href":"https:\/\/alfaomega.tv\/librarie\/wp-json\/wp\/v2\/product"}],"about":[{"href":"https:\/\/alfaomega.tv\/librarie\/wp-json\/wp\/v2\/types\/product"}],"wp:featuredmedia":[{"embeddable":true,"href":"https:\/\/alfaomega.tv\/librarie\/wp-json\/wp\/v2\/media\/6911"}],"wp:attachment":[{"href":"https:\/\/alfaomega.tv\/librarie\/wp-json\/wp\/v2\/media?parent=35341"}],"wp:term":[{"taxonomy":"product_brand","embeddable":true,"href":"https:\/\/alfaomega.tv\/librarie\/wp-json\/wp\/v2\/product_brand?post=35341"},{"taxonomy":"product_cat","embeddable":true,"href":"https:\/\/alfaomega.tv\/librarie\/wp-json\/wp\/v2\/product_cat?post=35341"},{"taxonomy":"product_tag","embeddable":true,"href":"https:\/\/alfaomega.tv\/librarie\/wp-json\/wp\/v2\/product_tag?post=35341"}],"curies":[{"name":"wp","href":"https:\/\/api.w.org\/{rel}","templated":true}]}}