{"id":35343,"date":"2025-08-29T12:55:58","date_gmt":"2025-08-29T12:55:58","guid":{"rendered":"https:\/\/alfaomega.tv\/librarie\/?post_type=product&#038;p=35343"},"modified":"2025-09-04T10:10:53","modified_gmt":"2025-09-04T10:10:53","slug":"comandamentele-cerului","status":"publish","type":"product","link":"https:\/\/alfaomega.tv\/librarie\/produse\/slujind-trupul-lui-hristos\/comandamentele-cerului\/","title":{"rendered":"Comandamentele cerului"},"content":{"rendered":"<p>Seriile de emisiuni LIVE aduc \u00eenv\u0103\u0163\u0103turi de baz\u0103 \u00een ce prive\u015fte viziunea apostolic\u0103. Pentru a se men\u0163ine o atmosfer\u0103 vie, ele au fost u\u015for editate.<\/p>\n<p>Comandamentele Cerului sunt centre apostolice pe care Dumnezeu le a\u0219eaz\u0103 pe p\u0103m\u00e2nt pentru a coordona \u00eenaintarea \u00cemp\u0103r\u0103\u021biei. Apari\u021bia acestor centre de activitate reprezint\u0103 tranzi\u021bia cea mai radical\u0103 care vine s\u0103 scuture Biserica de azi. Descoper\u0103 cum s\u0103:<\/p>\n<p>&#8211; Schimbi burdufurile<\/p>\n<p>&#8211; Activezi mandatul apostolic<\/p>\n<p>&#8211; Experimentezi gloria Bisericii din cartea Faptele apostolilor<\/p>\n<p>&#8211; Transformi lumea<\/p>\n<p>&#8211; Fii Biserica la care viseaz\u0103 Isus.<\/p>\n<p>Ceea ce v\u0103 \u00eemp\u0103rt\u0103\u015fesc nu este doar o viziune. Centrele apostolice sunt deja o realitate. E vorba de o mi\u015fcare spiritual\u0103 ce cap\u0103t\u0103 av\u00e2nt \u015fi cre\u015fte chiar acum. Aceste biserici transformate joac\u0103 un rol central \u00een guvernarea \u00cemp\u0103r\u0103\u0163iei lui Dumnezeu, ele sunt, Comandamentele Cerului pe p\u0103m\u00e2nt.<\/p>\n<p>Alain Caron sluje\u0219te ca lider al echipei apostolice de la Eglise Le Chemin, o expresie dinamic\u0103 a Trupului lui Hristos din Quebec. De asemenea, este fondatorul \u0219i directorul Hodos, o re\u021bea apostolic\u0103 \u0219i profetic\u0103, ce conecteaz\u0103 \u0219i aliniaz\u0103 centrele de viziune \u0219i credincio\u0219i cu acela\u0219i mod de g\u00e2ndire pentru avansarea \u00cemp\u0103r\u0103\u021biei lui Dumnezeu. Alain \u0219i so\u021bia lui, Marie, locuiesc \u00een Gatineau, Quebec, Canada.<\/p>\n<p>Numar de pagini: 38<\/p>\n","protected":false},"excerpt":{"rendered":"<p>Seriile de emisiuni LIVE aduc \u00eenv\u0103\u0163\u0103turi de baz\u0103 \u00een ce prive\u015fte viziunea apostolic\u0103. Pentru a se men\u0163ine o atmosfer\u0103 vie, ele au fost u\u015for editate.<\/p>\n","protected":false},"featured_media":6913,"template":"","meta":{"_acf_changed":false},"product_brand":[],"product_cat":[19],"product_tag":[],"class_list":{"0":"post-35343","1":"product","2":"type-product","3":"status-publish","4":"has-post-thumbnail","6":"product_cat-slujind-trupul-lui-hristos","7":"pa_autori-alain-caron","8":"pa_format-carte-tiparita","9":"pa_format-carte-electronica","11":"first","12":"instock","13":"shipping-taxable","14":"purchasable","15":"product-type-variable"},"acf":[],"_links":{"self":[{"href":"https:\/\/alfaomega.tv\/librarie\/wp-json\/wp\/v2\/product\/35343","targetHints":{"allow":["GET"]}}],"collection":[{"href":"https:\/\/alfaomega.tv\/librarie\/wp-json\/wp\/v2\/product"}],"about":[{"href":"https:\/\/alfaomega.tv\/librarie\/wp-json\/wp\/v2\/types\/product"}],"wp:featuredmedia":[{"embeddable":true,"href":"https:\/\/alfaomega.tv\/librarie\/wp-json\/wp\/v2\/media\/6913"}],"wp:attachment":[{"href":"https:\/\/alfaomega.tv\/librarie\/wp-json\/wp\/v2\/media?parent=35343"}],"wp:term":[{"taxonomy":"product_brand","embeddable":true,"href":"https:\/\/alfaomega.tv\/librarie\/wp-json\/wp\/v2\/product_brand?post=35343"},{"taxonomy":"product_cat","embeddable":true,"href":"https:\/\/alfaomega.tv\/librarie\/wp-json\/wp\/v2\/product_cat?post=35343"},{"taxonomy":"product_tag","embeddable":true,"href":"https:\/\/alfaomega.tv\/librarie\/wp-json\/wp\/v2\/product_tag?post=35343"}],"curies":[{"name":"wp","href":"https:\/\/api.w.org\/{rel}","templated":true}]}}