{"id":35345,"date":"2025-08-29T12:55:58","date_gmt":"2025-08-29T12:55:58","guid":{"rendered":"https:\/\/alfaomega.tv\/librarie\/?post_type=product&#038;p=35345"},"modified":"2025-12-17T11:19:43","modified_gmt":"2025-12-17T11:19:43","slug":"devotionalul-aventurile-lui-memo-prin-lumea-bibliei","status":"publish","type":"product","link":"https:\/\/alfaomega.tv\/librarie\/produse\/cartea-cartilor\/devotionalul-aventurile-lui-memo-prin-lumea-bibliei\/","title":{"rendered":"DEVO\u021aIONALUL \u201eAVENTURILE LUI MEMO PRIN LUMEA BIBLIEI"},"content":{"rendered":"<p>Difuzate \u00een peste 106 de na\u021biuni din \u00eentreaga lume, desenele Cartea C\u0103r\u021bilor au fost o unealt\u0103 puternic\u0103 de evanghelizare \u0219i \u00een Rom\u00e2nia \u00een anii &#8217;90. Dup\u0103 mai bine de 20 de ani, Cartea C\u0103r\u021bilor se \u00eentoarce \u00eentr-un format inedit, pentru o nou\u0103 genera\u021bie de copii.<\/p>\n<p>Acest devo\u021bional de 30 de zile pentru copii se concentreaz\u0103 pe principiile de baz\u0103 aflate \u00een Biblie, prezent\u00e2ndu-le \u00eentr-un mod interactiv \u0219i atractiv pentru cei mici. Fiecare zi cuprinde o lec\u021bie \u0219i un verset din Biblie, activit\u0103\u021bi interesante cum ar fi c\u0103utarea de cuvinte, puzzle \u0219i o rug\u0103ciune de final. <a href=\"carteacartilor\/noutati\/9208-descarcati-gratuit-devotionalul-pentru-copii-aventurile-lui-memo-prin-lumea-bibliei\" target=\"_blank\" rel=\"noopener noreferrer\">Devo\u021bionalul este disponibil online pentru download gratis<\/a>, iar varianta tip\u0103rit\u0103 poate fi achizi\u021bionat\u0103 la pre\u021bul de 30 lei.<\/p>\n<p> Num\u0103r de pagini: 80<\/p>\n","protected":false},"excerpt":{"rendered":"<p>Acest devo\u021bional de 30 de zile pentru copii se concentreaz\u0103 pe principiile de baz\u0103 aflate \u00een Biblie, prezent\u00e2ndu-le \u00eentr-un mod interactiv \u0219i atractiv pentru cei mici.<\/p>\n","protected":false},"featured_media":6915,"template":"","meta":{"_acf_changed":false},"product_brand":[],"product_cat":[35,34],"product_tag":[],"class_list":{"0":"post-35345","1":"product","2":"type-product","3":"status-publish","4":"has-post-thumbnail","6":"product_cat-cartea-cartilor","7":"product_cat-resurse-pentru-copii","8":"pa_autori-cbn","9":"pa_format-carte-tiparita","11":"first","12":"instock","13":"shipping-taxable","14":"purchasable","15":"product-type-variable","16":"has-default-attributes"},"acf":[],"_links":{"self":[{"href":"https:\/\/alfaomega.tv\/librarie\/wp-json\/wp\/v2\/product\/35345","targetHints":{"allow":["GET"]}}],"collection":[{"href":"https:\/\/alfaomega.tv\/librarie\/wp-json\/wp\/v2\/product"}],"about":[{"href":"https:\/\/alfaomega.tv\/librarie\/wp-json\/wp\/v2\/types\/product"}],"wp:featuredmedia":[{"embeddable":true,"href":"https:\/\/alfaomega.tv\/librarie\/wp-json\/wp\/v2\/media\/6915"}],"wp:attachment":[{"href":"https:\/\/alfaomega.tv\/librarie\/wp-json\/wp\/v2\/media?parent=35345"}],"wp:term":[{"taxonomy":"product_brand","embeddable":true,"href":"https:\/\/alfaomega.tv\/librarie\/wp-json\/wp\/v2\/product_brand?post=35345"},{"taxonomy":"product_cat","embeddable":true,"href":"https:\/\/alfaomega.tv\/librarie\/wp-json\/wp\/v2\/product_cat?post=35345"},{"taxonomy":"product_tag","embeddable":true,"href":"https:\/\/alfaomega.tv\/librarie\/wp-json\/wp\/v2\/product_tag?post=35345"}],"curies":[{"name":"wp","href":"https:\/\/api.w.org\/{rel}","templated":true}]}}