{"id":35347,"date":"2025-08-29T12:55:58","date_gmt":"2025-08-29T12:55:58","guid":{"rendered":"https:\/\/alfaomega.tv\/librarie\/?post_type=product&#038;p=35347"},"modified":"2025-10-28T09:22:37","modified_gmt":"2025-10-28T09:22:37","slug":"puterea-cuvintelor-tale","status":"publish","type":"product","link":"https:\/\/alfaomega.tv\/librarie\/produse\/identitate-crestere-spirituala-revelatie\/puterea-cuvintelor-tale\/","title":{"rendered":"Puterea cuvintelor tale"},"content":{"rendered":"<h4>Din rodul gurii lui \u00ee\u015fi satur\u0103 omul trupul, din venitul buzelor lui se satur\u0103. Moartea \u015fi via\u0163a sunt \u00een puterea limbii; oricine o iube\u015fte, \u00eei va m\u00e2nca roadele. Proverbe 18:20-21<\/h4>\n<p>\u015etim cu to\u0163ii c\u0103 cuvintele au o putere enorm\u0103 \u2013 au puterea de a vindeca sau de a r\u0103ni, de a \u00eencuraja sau de a demoraliza, de a spune adev\u0103rul sau de a induce \u00een eroare, de a l\u0103uda sau de a critica. Ele pot fi cheia c\u0103tre izb\u00e2nda noastr\u0103 sau pot fi cauza regresului nostru. A\u015fadar, cum putem valorifica aceast\u0103 putere? Cum putem \u00eenv\u0103\u0163a s\u0103 folosim la poten\u0163ialul lor maxim cuvintele pe care le rostim? Cartea te va conduce \u00eentr-o c\u0103l\u0103torie de descoperire care \u00ee\u0163i va dezv\u0103lui mai mult dec\u00e2t impactul evident pe care \u00eel pot avea cuvintele tale. Descoper\u0103 cum s\u0103 tr\u0103ie\u015fti mai liber, cum s\u0103 ai rela\u0163ii mai semnificative, cum s\u0103 remediezi pagubele create de cuvintele tale \u015fi, cel mai important lucru, cum s\u0103 te opre\u015fti, s\u0103 cuge\u0163i \u015fi apoi s\u0103 te rogi \u00eenainte de a vorbi. Cuvintele tale d\u0103inuie \u015fi au o putere enorm\u0103 de a binecuv\u00e2nta \u015fi de a ne conduce la un nivel de trai mai \u00eenalt.<\/p>\n<p>Cuprins:<br \/>1. Puterea unui cuv\u00e2nt<br \/>2. Leg\u0103turi \u00eentre cuvinte f\u0103r\u0103 de care nu po\u0163i tr\u0103i<br \/>3. Pot vorbi liber?<br \/>4. Zece p\u0103cate capitale ale limbii<br \/>5. Problematica limb\u0103<br \/>6. \u00cembl\u00e2nzirea limbii<br \/>7. Botezul cerului<br \/>8. Limbajul cerului<br \/>9. Por\u0163ile laudei<br \/>10. O, c\u00e2t de mult conteaz\u0103 cuvintele tale!<\/p>\n<p>Ghid de studiu<\/p>\n<\/p>\n<p>Num\u0103r de pagini: 240 <\/p>\n","protected":false},"excerpt":{"rendered":"<p>Descoper\u0103 cum s\u0103 tr\u0103ie\u015fti mai liber, cum s\u0103 ai rela\u0163ii mai semnificative, cum s\u0103 remediezi pagubele create de cuvintele tale \u015fi, cel mai important lucru, cum s\u0103 te opre\u015fti, s\u0103 cuge\u0163i \u015fi apoi s\u0103 te rogi \u00eenainte de a vorbi.<\/p>\n","protected":false},"featured_media":6917,"template":"","meta":{"_acf_changed":false},"product_brand":[],"product_cat":[21],"product_tag":[],"class_list":{"0":"post-35347","1":"product","2":"type-product","3":"status-publish","4":"has-post-thumbnail","6":"product_cat-identitate-crestere-spirituala-revelatie","7":"pa_autori-robert-morris","8":"pa_format-carte-tiparita","10":"first","11":"outofstock","12":"shipping-taxable","13":"purchasable","14":"product-type-variable","15":"has-default-attributes"},"acf":[],"_links":{"self":[{"href":"https:\/\/alfaomega.tv\/librarie\/wp-json\/wp\/v2\/product\/35347","targetHints":{"allow":["GET"]}}],"collection":[{"href":"https:\/\/alfaomega.tv\/librarie\/wp-json\/wp\/v2\/product"}],"about":[{"href":"https:\/\/alfaomega.tv\/librarie\/wp-json\/wp\/v2\/types\/product"}],"wp:featuredmedia":[{"embeddable":true,"href":"https:\/\/alfaomega.tv\/librarie\/wp-json\/wp\/v2\/media\/6917"}],"wp:attachment":[{"href":"https:\/\/alfaomega.tv\/librarie\/wp-json\/wp\/v2\/media?parent=35347"}],"wp:term":[{"taxonomy":"product_brand","embeddable":true,"href":"https:\/\/alfaomega.tv\/librarie\/wp-json\/wp\/v2\/product_brand?post=35347"},{"taxonomy":"product_cat","embeddable":true,"href":"https:\/\/alfaomega.tv\/librarie\/wp-json\/wp\/v2\/product_cat?post=35347"},{"taxonomy":"product_tag","embeddable":true,"href":"https:\/\/alfaomega.tv\/librarie\/wp-json\/wp\/v2\/product_tag?post=35347"}],"curies":[{"name":"wp","href":"https:\/\/api.w.org\/{rel}","templated":true}]}}