{"id":35349,"date":"2025-08-29T12:56:08","date_gmt":"2025-08-29T12:56:08","guid":{"rendered":"https:\/\/alfaomega.tv\/librarie\/?post_type=product&#038;p=35349"},"modified":"2025-08-29T12:56:19","modified_gmt":"2025-08-29T12:56:19","slug":"vindecare-prin-cuvantul-lui-dumnezeu","status":"publish","type":"product","link":"https:\/\/alfaomega.tv\/librarie\/produse\/derek-prince\/vindecare-prin-cuvantul-lui-dumnezeu\/","title":{"rendered":"Vindecare prin Cuv\u00e2ntul lui Dumnezeu"},"content":{"rendered":"<p style=\"margin-top: 1em; margin-bottom: 1em; color: #565656; font-size: 13px;\">Scris\u0103 din experien\u0163a acumulat\u0103 \u00een zeci de ani de lucrare \u0219i din propria vindecare miraculoas\u0103, Derek Prince explic\u0103 modul \u00een care vindec\u0103 Dumnezeu. Aceast\u0103 carte te va ajuta:<\/p>\n<p style=\"margin-top: 1em; margin-bottom: 1em; color: #565656; font-size: 13px;\">&#8211; s\u0103 \u00een\u021belegi cauzele bolii;<br \/>&#8211; s\u0103 cuno\u015fti care sunt obstacolele \u00een calea vindec\u0103rii;<br \/>&#8211; s\u0103 biruie\u015fti depresia;<br \/>&#8211; s\u0103 ob\u0163ii eliberare de opresiune;<br \/>&#8211; s\u0103 aprofundezi metodele de vindecare \u015fi mesajul Domnului Isus \u00een slujirea Sa p\u0103m\u00e2nteasc\u0103.<\/p>\n<p style=\"margin-top: 1em; margin-bottom: 1em; color: #565656; font-size: 13px;\">Derek Prince dezv\u0103luie \u00een aceast\u0103 carte principiile Scripturii cu privire la s\u0103n\u0103tate, vindecare \u015fi eliberare, ca s\u0103 po\u021bi aplica instruc\u021biunile lui Dumnezeu pentru a primi vindecare complet\u0103.<\/p>\n<p style=\"margin-top: 1em; margin-bottom: 1em; color: #565656; font-size: 13px;\"><strong>CUPRINS:<\/strong><br \/>1. Isus, Vindec\u0103torul nostru<br \/>2. Dumnezeu salveaz\u0103, vindec\u0103 \u0219i elibereaz\u0103<br \/>3. De ce fel de credin\u021b\u0103 avem nevoie pentru vindecare?<br \/>4. Vindecarea \u0219i crucea<br \/>5. Aleg\u00e2ndu-l pe Isus ca Medic personal<br \/>6. Mesajul lui Isus despre vindecare: Evanghelia \u00cemp\u0103r\u0103\u021biei<br \/>7. Metode de vindecare folosite de Isus<br \/>8. Vindecarea, ca dar al Duhului Sf\u00e2nt<br \/>9. Bariere invizibile \u00een calea vindec\u0103rii<br \/>10. Coiful n\u0103dejdii: eliberarea de depresie<br \/>11. Cum m-a condus Dumnezeu \u00een lucrarea \u00eenf\u0103ptuirii minunilor<br \/>12. Trec\u00e2nd la ac\u021biune!<br \/>Proclama\u021bie: Biruind prin s\u00e2nge \u0219i prin Cuv\u00e2nt<\/p>\n<\/p>\n<p>Numar de pagini: <span style=\"color: #565656;\">242<\/span><\/p>\n","protected":false},"excerpt":{"rendered":"<p>Scris\u0103 din experien\u0163a acumulat\u0103 \u00een zeci de ani de lucrare \u0219i din propria vindecare miraculoas\u0103, Derek Prince explic\u0103 modul \u00een care vindec\u0103 Dumnezeu.<\/p>\n","protected":false},"featured_media":6919,"template":"","meta":{"_acf_changed":false},"product_brand":[],"product_cat":[42],"product_tag":[],"class_list":{"0":"post-35349","1":"product","2":"type-product","3":"status-publish","4":"has-post-thumbnail","6":"product_cat-derek-prince","7":"pa_autori-derek-prince","8":"pa_format-carte-tiparita","10":"first","11":"outofstock","12":"shipping-taxable","13":"purchasable","14":"product-type-variable","15":"has-default-attributes"},"acf":[],"_links":{"self":[{"href":"https:\/\/alfaomega.tv\/librarie\/wp-json\/wp\/v2\/product\/35349","targetHints":{"allow":["GET"]}}],"collection":[{"href":"https:\/\/alfaomega.tv\/librarie\/wp-json\/wp\/v2\/product"}],"about":[{"href":"https:\/\/alfaomega.tv\/librarie\/wp-json\/wp\/v2\/types\/product"}],"wp:featuredmedia":[{"embeddable":true,"href":"https:\/\/alfaomega.tv\/librarie\/wp-json\/wp\/v2\/media\/6919"}],"wp:attachment":[{"href":"https:\/\/alfaomega.tv\/librarie\/wp-json\/wp\/v2\/media?parent=35349"}],"wp:term":[{"taxonomy":"product_brand","embeddable":true,"href":"https:\/\/alfaomega.tv\/librarie\/wp-json\/wp\/v2\/product_brand?post=35349"},{"taxonomy":"product_cat","embeddable":true,"href":"https:\/\/alfaomega.tv\/librarie\/wp-json\/wp\/v2\/product_cat?post=35349"},{"taxonomy":"product_tag","embeddable":true,"href":"https:\/\/alfaomega.tv\/librarie\/wp-json\/wp\/v2\/product_tag?post=35349"}],"curies":[{"name":"wp","href":"https:\/\/api.w.org\/{rel}","templated":true}]}}