{"id":35351,"date":"2025-08-29T12:56:08","date_gmt":"2025-08-29T12:56:08","guid":{"rendered":"https:\/\/alfaomega.tv\/librarie\/?post_type=product&#038;p=35351"},"modified":"2025-09-01T08:46:14","modified_gmt":"2025-09-01T08:46:14","slug":"crucea-este-cheia","status":"publish","type":"product","link":"https:\/\/alfaomega.tv\/librarie\/produse\/identitate-crestere-spirituala-revelatie\/crucea-este-cheia\/","title":{"rendered":"Crucea este cheia"},"content":{"rendered":"<p>Fiindc\u0103 propov\u0103duirea crucii este o nebunie pentru cei ce sunt pe calea pierz\u0103rii, dar pentru noi, care suntem pe calea m\u00e2ntuirii, este puterea lui Dumnezeu. 1 Corinteni 1:18<\/p>\n<p>Cau\u021bi mai mult\u0103 putere &#8211; \u0219i anume puterea lui Dumnezeu &#8211; \u00een via\u021ba ta? ea este la \u00eendem\u00e2na ta prin crucea lui Isus Hristos. dup\u0103 cum ne spune 1 Corinteni 1:18, crucea reprezint\u0103 \u00eentreaga putere, t\u0103rie \u0219i abilitate a lui Dumnezeu. \u00een Crucea este cheia, Terry Moore scrie:<\/p>\n<p>\u201eUnul dintre adev\u0103rurile care mi-au schimbat via\u021ba \u00eentr-una de biruin\u021b\u0103 \u0219i libertate se reg\u0103se\u0219te \u00een crucea lui Isus Hristos care este cheia unei vie\u021bi de putere, pasiune, pace \u0219i bucurie. Ea nu este doar o structur\u0103 de lemn sau un simbol, ci \u0219i o modalitate de transformare complet\u0103 a tuturor celor care \u00eei \u00eembr\u0103\u021bi\u0219eaz\u0103 puterea.\u201d<\/p>\n<p>Din paginile acestei c\u0103r\u021bi, tu vei avea ocazia:<\/p>\n<ul>\n<li>\n<p style=\"margin-bottom: 0in;line-height: 115%\">s\u0103 descoperi cum s\u0103 experimentezi iubirea Tat\u0103lui<\/p>\n<\/li>\n<li>\n<p style=\"margin-bottom: 0in;line-height: 115%\">s\u0103 fii echipat pentru o via\u021b\u0103 de maturizare \u00een Hristos<\/p>\n<\/li>\n<li>\n<p style=\"margin-bottom: 0in;line-height: 115%\">s\u0103 fii con\u0219tient de mo\u0219tenirea pe care o ai \u00een Hristos<\/p>\n<\/li>\n<li>\n<p style=\"margin-bottom: 0in;line-height: 115%\">s\u0103 \u00eenve\u021bi cum s\u0103 aplici puterea crucii, precum \u0219i ceea ce aceasta \u00ee\u0219i ofer\u0103, \u00een via\u021ba de zi cu zi.<\/p>\n<\/li>\n<\/ul>\n<p>Dumnezeu poate oferi biruin\u021b\u0103 \u00een \u00eenfr\u00e2ngere, speran\u021b\u0103 \u00een descurajare, vindecare inimilor zdrobite sau trupurilor bolnave, restaurare acolo unde s-a pierdut \u0219i t\u0103rie \u00een sl\u0103biciune. Toate acestea, precum \u0219i altele, sunt posibile prin crucea care este cheia unei vie\u021bi victorioase \u0219i din bel\u0219ug.<\/p>\n<p><b>Terry Moore <\/b>este pastor fondator \u0219i senior al bisericii Sojourn din Carrollton, Texas. \u00cempreun\u0103 cu so\u021bia sa, Susan, Terry a trecut \u00een anul 1982 printr-o experien\u021b\u0103 cu Duhul Sf\u00e2nt care i-a schimbat via\u021ba. Prin urmare, Dumnezeu i-a condus s\u0103 \u00eenceap\u0103 un studiu biblic la ei acas\u0103, devenind \u00een cele din urm\u0103 o biseric\u0103 \u00een 1987. Terry a dezvoltat The Equipping Series, o colec\u021bie de manuale \u0219i \u00eenv\u0103\u021b\u0103turi video destinate preg\u0103tirii oamenilor pentru a umbla \u00een plin\u0103tatea biruin\u021bei lui Hristos, \u00een special \u00een anumite domenii din via\u021ba lor. Teryy \u0219i Susan tr\u0103iesc \u00een Plano, Texas. Au Doi copii adul\u021bi, Meredith \u0219i David, o nor\u0103 pe nume Christina \u0219i doi nepo\u021bi.<\/p>\n<\/p>\n<p>Num\u0103r de pagini: 191<\/p>\n","protected":false},"excerpt":{"rendered":"<p>Cau\u021bi mai mult\u0103 putere &#8211; \u0219i anume puterea lui Dumnezeu &#8211; \u00een via\u021ba ta? ea este la \u00eendem\u00e2na ta prin crucea lui Isus Hristos. dup\u0103 cum ne spune 1 Corinteni 1:18, crucea reprezint\u0103 \u00eentreaga putere, t\u0103rie \u0219i abilitate a lui Dumnezeu.<\/p>\n","protected":false},"featured_media":6921,"template":"","meta":{"_acf_changed":false},"product_brand":[],"product_cat":[21],"product_tag":[],"class_list":{"0":"post-35351","1":"product","2":"type-product","3":"status-publish","4":"has-post-thumbnail","6":"product_cat-identitate-crestere-spirituala-revelatie","7":"pa_autori-terry-moore","8":"pa_format-carte-tiparita","9":"pa_format-carte-electronica","11":"first","12":"instock","13":"shipping-taxable","14":"purchasable","15":"product-type-variable"},"acf":[],"_links":{"self":[{"href":"https:\/\/alfaomega.tv\/librarie\/wp-json\/wp\/v2\/product\/35351","targetHints":{"allow":["GET"]}}],"collection":[{"href":"https:\/\/alfaomega.tv\/librarie\/wp-json\/wp\/v2\/product"}],"about":[{"href":"https:\/\/alfaomega.tv\/librarie\/wp-json\/wp\/v2\/types\/product"}],"wp:featuredmedia":[{"embeddable":true,"href":"https:\/\/alfaomega.tv\/librarie\/wp-json\/wp\/v2\/media\/6921"}],"wp:attachment":[{"href":"https:\/\/alfaomega.tv\/librarie\/wp-json\/wp\/v2\/media?parent=35351"}],"wp:term":[{"taxonomy":"product_brand","embeddable":true,"href":"https:\/\/alfaomega.tv\/librarie\/wp-json\/wp\/v2\/product_brand?post=35351"},{"taxonomy":"product_cat","embeddable":true,"href":"https:\/\/alfaomega.tv\/librarie\/wp-json\/wp\/v2\/product_cat?post=35351"},{"taxonomy":"product_tag","embeddable":true,"href":"https:\/\/alfaomega.tv\/librarie\/wp-json\/wp\/v2\/product_tag?post=35351"}],"curies":[{"name":"wp","href":"https:\/\/api.w.org\/{rel}","templated":true}]}}