{"id":35353,"date":"2025-08-29T12:56:08","date_gmt":"2025-08-29T12:56:08","guid":{"rendered":"https:\/\/alfaomega.tv\/librarie\/?post_type=product&#038;p=35353"},"modified":"2025-09-04T10:35:40","modified_gmt":"2025-09-04T10:35:40","slug":"inchinarea-schimba-totul","status":"publish","type":"product","link":"https:\/\/alfaomega.tv\/librarie\/produse\/lauda-si-inchinare\/inchinarea-schimba-totul\/","title":{"rendered":"\u00cenchinarea schimb\u0103 totul"},"content":{"rendered":"<p>O invita\u021bie la a-L l\u0103uda \u0219i cinsti pe Dumnezeu \u00een fiecare domeniu al vie\u021bii.<\/p>\n<p>E u\u0219or s\u0103 ai inima plin\u0103 de \u00eenchinare duminica diminea\u021ba \u00een timp ce echipa de \u00eenchinare c\u00e2nt\u0103 melodia ta preferat\u0103. Apoi \u00eens\u0103 \u00eencepe naveta de luni diminea\u021ba \u0219i mormanul de haine murdare de mar\u021bi dup\u0103-masa. Cum ne men\u021binem o inim\u0103 de \u00eenchin\u0103tor \u00een mijlocul corvezilor zilnice?<\/p>\n<p>Darlene Zschech \u0219i-a petrecut \u00eentreaga via\u021b\u0103 g\u00e2ndindu-se la \u00eenchinare \u0219i \u00eenv\u0103\u021b\u00e2ndu-i pe al\u021bii despre \u00eenchinare. Cu o \u00een\u021belepciune \u0219i o bucurie molipsitoare, ea \u00ee\u0219i \u00eemp\u0103rt\u0103\u0219e\u0219te g\u00e2ndurile cu privire la ce este cu adev\u0103rat \u00eenchinarea \u0219i cum aceasta ar trebui s\u0103 p\u0103trund\u0103 \u00een fiecare col\u021bi\u0219or al vie\u021bii noastre. Tot ceea ce facem poate fi un act de \u00eenchinare \u00eenaintea Domnului, transform\u00e2ndu-ne astfel munca, prieteniile, biserica, familia. Totul se rezum\u0103 la tr\u0103irea \u00een prezen\u021ba Lui \u2013 con\u0219tien\u021bi c\u0103 Domnul este de partea noastr\u0103 \u0219i c\u0103 lucreaz\u0103 \u00een via\u021ba noastr\u0103.<\/p>\n<p>\u00cenva\u021b\u0103 s\u0103 tr\u0103ie\u0219ti o via\u021b\u0103 de \u00eenchinare. Vei fi uimit de scopul \u0219i libertatea de care vei avea parte.<\/p>\n<\/p>\n<p>Num\u0103r de pagini: 268<\/p>\n","protected":false},"excerpt":{"rendered":"<p>E u\u0219or s\u0103 ai inima plin\u0103 de \u00eenchinare duminica diminea\u021ba \u00een timp ce echipa de \u00eenchinare c\u00e2nt\u0103 melodia ta preferat\u0103. Apoi \u00eens\u0103 \u00eencepe naveta de luni diminea\u021ba \u0219i mormanul de haine murdare de mar\u021bi dup\u0103-masa. Cum ne men\u021binem o inim\u0103 de \u00eenchin\u0103tor \u00een mijlocul corvezilor zilnice?<\/p>\n","protected":false},"featured_media":6923,"template":"","meta":{"_acf_changed":false},"product_brand":[],"product_cat":[20],"product_tag":[],"class_list":{"0":"post-35353","1":"product","2":"type-product","3":"status-publish","4":"has-post-thumbnail","6":"product_cat-lauda-si-inchinare","7":"pa_autori-darlene-zschech","8":"pa_format-carte-tiparita","10":"first","11":"instock","12":"shipping-taxable","13":"purchasable","14":"product-type-variable","15":"has-default-attributes"},"acf":[],"_links":{"self":[{"href":"https:\/\/alfaomega.tv\/librarie\/wp-json\/wp\/v2\/product\/35353","targetHints":{"allow":["GET"]}}],"collection":[{"href":"https:\/\/alfaomega.tv\/librarie\/wp-json\/wp\/v2\/product"}],"about":[{"href":"https:\/\/alfaomega.tv\/librarie\/wp-json\/wp\/v2\/types\/product"}],"wp:featuredmedia":[{"embeddable":true,"href":"https:\/\/alfaomega.tv\/librarie\/wp-json\/wp\/v2\/media\/6923"}],"wp:attachment":[{"href":"https:\/\/alfaomega.tv\/librarie\/wp-json\/wp\/v2\/media?parent=35353"}],"wp:term":[{"taxonomy":"product_brand","embeddable":true,"href":"https:\/\/alfaomega.tv\/librarie\/wp-json\/wp\/v2\/product_brand?post=35353"},{"taxonomy":"product_cat","embeddable":true,"href":"https:\/\/alfaomega.tv\/librarie\/wp-json\/wp\/v2\/product_cat?post=35353"},{"taxonomy":"product_tag","embeddable":true,"href":"https:\/\/alfaomega.tv\/librarie\/wp-json\/wp\/v2\/product_tag?post=35353"}],"curies":[{"name":"wp","href":"https:\/\/api.w.org\/{rel}","templated":true}]}}