{"id":35355,"date":"2025-08-29T12:56:08","date_gmt":"2025-08-29T12:56:08","guid":{"rendered":"https:\/\/alfaomega.tv\/librarie\/?post_type=product&#038;p=35355"},"modified":"2026-03-11T12:02:18","modified_gmt":"2026-03-11T12:02:18","slug":"israel-geografie-politica-sionism-istorie-oameni-cultura","status":"publish","type":"product","link":"https:\/\/alfaomega.tv\/librarie\/produse\/intelegerea-vremurilor-israel\/israel-geografie-politica-sionism-istorie-oameni-cultura\/","title":{"rendered":"Israel: geografie, politic\u0103, sionism, istorie, oameni, cultur\u0103"},"content":{"rendered":"<p>Aceast\u0103 bro\u0219ur\u0103 este unic\u0103 deoarece nu con\u021bine text greoi, dar ofer\u0103 o imagine de ansamblu complet\u0103 a istoriei Israelului folosind machete creative \u0219i fotografii care aduc trecutul \u0219i prezentul statului la via\u021b\u0103.<\/p>\n<p>Num\u0103r de pagini A4: 48<\/p>\n<p>Produs\u0103 de StandWithUs \u00een colaborare cu Alfa Omega TV<\/p>\n","protected":false},"excerpt":{"rendered":"<p>Aceast\u0103 bro\u0219ur\u0103 este unic\u0103 deoarece nu con\u021bine text greoi, dar ofer\u0103 o imagine de ansamblu complet\u0103 a istoriei Israelului folosind machete creative \u0219i fotografii care aduc trecutul \u0219i prezentul statului la via\u021b\u0103.<\/p>\n","protected":false},"featured_media":6925,"template":"","meta":{"_acf_changed":false},"product_brand":[],"product_cat":[24],"product_tag":[],"class_list":{"0":"post-35355","1":"product","2":"type-product","3":"status-publish","4":"has-post-thumbnail","6":"product_cat-intelegerea-vremurilor-israel","7":"pa_autori-stand-with-us","8":"pa_format-carte-tiparita","9":"pa_format-carte-electronica","11":"first","12":"instock","13":"shipping-taxable","14":"purchasable","15":"product-type-variable"},"acf":[],"_links":{"self":[{"href":"https:\/\/alfaomega.tv\/librarie\/wp-json\/wp\/v2\/product\/35355","targetHints":{"allow":["GET"]}}],"collection":[{"href":"https:\/\/alfaomega.tv\/librarie\/wp-json\/wp\/v2\/product"}],"about":[{"href":"https:\/\/alfaomega.tv\/librarie\/wp-json\/wp\/v2\/types\/product"}],"wp:featuredmedia":[{"embeddable":true,"href":"https:\/\/alfaomega.tv\/librarie\/wp-json\/wp\/v2\/media\/6925"}],"wp:attachment":[{"href":"https:\/\/alfaomega.tv\/librarie\/wp-json\/wp\/v2\/media?parent=35355"}],"wp:term":[{"taxonomy":"product_brand","embeddable":true,"href":"https:\/\/alfaomega.tv\/librarie\/wp-json\/wp\/v2\/product_brand?post=35355"},{"taxonomy":"product_cat","embeddable":true,"href":"https:\/\/alfaomega.tv\/librarie\/wp-json\/wp\/v2\/product_cat?post=35355"},{"taxonomy":"product_tag","embeddable":true,"href":"https:\/\/alfaomega.tv\/librarie\/wp-json\/wp\/v2\/product_tag?post=35355"}],"curies":[{"name":"wp","href":"https:\/\/api.w.org\/{rel}","templated":true}]}}