{"id":35357,"date":"2025-08-29T12:56:08","date_gmt":"2025-08-29T12:56:08","guid":{"rendered":"https:\/\/alfaomega.tv\/librarie\/?post_type=product&#038;p=35357"},"modified":"2025-09-03T11:40:59","modified_gmt":"2025-09-03T11:40:59","slug":"de-ce-ierusalim","status":"publish","type":"product","link":"https:\/\/alfaomega.tv\/librarie\/produse\/intelegerea-vremurilor-israel\/de-ce-ierusalim\/","title":{"rendered":"De ce Ierusalim?"},"content":{"rendered":"<p lang=\"ro-RO\">Aceast\u0103 carte exploreaz\u0103 importan\u021ba cet\u0103\u021bii Ierusalim. Ierusalimul este un ora\u0219 unic, un loc sf\u00e2nt pentru multe religii, precum \u0219i punctul central al istoriei lumii. Ezechiel 38:12 descrie Ierusalimul ca fiind \u201emijlocul (centrul) p\u0103m\u00e2ntului\u201d. Cartea aceasta este a doua din trilogia \u201eDe ce Israel? De ce Ierusalim? De ce vremurile din urm\u0103?\u201d<\/p>\n<p lang=\"ro-RO\">Autorul trateaz\u0103 un num\u0103r de aspecte teologice, istorice \u0219i profetice legate de Ierusalim, din punctul de vedere biblic, \u00een raport cu istoria contemporan\u0103. Acesta ilustreaz\u0103 locul central al Templului, r\u0103d\u0103cinile spirituale ale Ierusalimului, Ierusalimul ca cetate sf\u00e2nt\u0103 pentru evrei, cre\u0219tini \u0219i musulmani, Ierusalimul \u0219i Isus, Ierusalimul ca obstacol \u00een politica omenirii \u0219i rolul Ierusalimului \u00een vremurile din urm\u0103. Cartea ofer\u0103, totodat\u0103, o cronologie a Ierusalimului \u0219i a istoriei acestuia pentru o perioad\u0103 de peste 3000 de ani.<\/p>\n<p lang=\"ro-RO\">Rev. Willem J. Glashouwer este pre\u0219edinte la Christians for Israel International. Acesta de\u021bine rangul de cavaler de onoare, acordat de Beatrix, fosta regin\u0103 a Olandei \u0219i este pre\u0219edinte onorific al Coali\u021biei Europene pentru Israel. Totodat\u0103, este ordinat ca slujitor al Bisericii Olandeze Reformate din Olanda \u0219i este fost director la Evanghelical Broadcasting Company din Olanda. Rev. Glashouwer a jucat un rol cheie \u00een \u00eenfiin\u021barea Institutului pentru \u00cenv\u0103\u021b\u0103m\u00e2nt Superior Evanghelic din Olanda. Pe l\u00e2ng\u0103 multe alte c\u0103r\u021bi, articole \u0219i studii biblice asupra Israelului \u0219i credin\u021bei cre\u0219tine, a publicat un comentariu asupra c\u0103r\u021bii Apocalipsa. Este c\u0103s\u0103torit cu Marianne \u0219i au 4 copii \u0219i 8 nepo\u021bi.<\/p>\n<\/p>\n<p>Num\u0103r de pagini: 262<\/p>\n","protected":false},"excerpt":{"rendered":"<p>Autorul trateaz\u0103 un num\u0103r de aspecte teologice, istorice \u0219i profetice legate de Ierusalim, din punctul de vedere biblic, \u00een raport cu istoria contemporan\u0103. Cartea ofer\u0103, totodat\u0103, o cronologie a Ierusalimului \u0219i a istoriei acestuia pentru o perioad\u0103 de peste 3000 de ani.<\/p>\n","protected":false},"featured_media":6927,"template":"","meta":{"_acf_changed":false},"product_brand":[],"product_cat":[24],"product_tag":[],"class_list":{"0":"post-35357","1":"product","2":"type-product","3":"status-publish","4":"has-post-thumbnail","6":"product_cat-intelegerea-vremurilor-israel","7":"pa_autori-willem-j-j-glashouwer","8":"pa_format-carte-tiparita","9":"pa_format-carte-electronica","11":"first","12":"instock","13":"shipping-taxable","14":"purchasable","15":"product-type-variable"},"acf":[],"_links":{"self":[{"href":"https:\/\/alfaomega.tv\/librarie\/wp-json\/wp\/v2\/product\/35357","targetHints":{"allow":["GET"]}}],"collection":[{"href":"https:\/\/alfaomega.tv\/librarie\/wp-json\/wp\/v2\/product"}],"about":[{"href":"https:\/\/alfaomega.tv\/librarie\/wp-json\/wp\/v2\/types\/product"}],"wp:featuredmedia":[{"embeddable":true,"href":"https:\/\/alfaomega.tv\/librarie\/wp-json\/wp\/v2\/media\/6927"}],"wp:attachment":[{"href":"https:\/\/alfaomega.tv\/librarie\/wp-json\/wp\/v2\/media?parent=35357"}],"wp:term":[{"taxonomy":"product_brand","embeddable":true,"href":"https:\/\/alfaomega.tv\/librarie\/wp-json\/wp\/v2\/product_brand?post=35357"},{"taxonomy":"product_cat","embeddable":true,"href":"https:\/\/alfaomega.tv\/librarie\/wp-json\/wp\/v2\/product_cat?post=35357"},{"taxonomy":"product_tag","embeddable":true,"href":"https:\/\/alfaomega.tv\/librarie\/wp-json\/wp\/v2\/product_tag?post=35357"}],"curies":[{"name":"wp","href":"https:\/\/api.w.org\/{rel}","templated":true}]}}