{"id":35359,"date":"2025-08-29T12:56:09","date_gmt":"2025-08-29T12:56:09","guid":{"rendered":"https:\/\/alfaomega.tv\/librarie\/?post_type=product&#038;p=35359"},"modified":"2025-09-03T11:39:11","modified_gmt":"2025-09-03T11:39:11","slug":"israel-legaminte-si-imparatie","status":"publish","type":"product","link":"https:\/\/alfaomega.tv\/librarie\/produse\/intelegerea-vremurilor-israel\/israel-legaminte-si-imparatie\/","title":{"rendered":"Israel: Leg\u0103minte \u0219i \u00cemp\u0103r\u0103\u021bie"},"content":{"rendered":"<p lang=\"ro-RO\">\u00cen 1948 s-a n\u0103scut statul Israel. Timp de mai bine de un secol, \u00eenainte de acest eveniment care a schimbat lumea, na\u021biunile au putut s\u0103 vad\u0103 un miracol: \u00eentoarcerea poporului evreu \u00een \u021aara Promis\u0103 a Israelului. Profe\u021biile biblice str\u0103vechi au fost \u0219i sunt \u00eemplinite \u00een fa\u021ba ochilor no\u0219tri. Timp de secole, cre\u0219tinismul a \u00eenv\u0103\u021bat c\u0103 Dumnezeu a terminat cu evreii, iar Biserica a \u00eenlocuit poporul evreu ca noul popor ales al lui Dumnezeu, noul Israel.<\/p>\n<p lang=\"ro-RO\">Acest concept teologic a fost contestat de \u00eentoarcerea \u00een prezent a poporului evreu \u00een \u021bara lor. Brusc, mul\u021bi cre\u0219tini au \u00eenceput s\u0103 realizeze c\u0103 Dumnezeu era credincios tuturor promisiunilor date Israelului \u0219i tuturor leg\u0103mintelor f\u0103cute cu evreii. Unde va duce acest proces? Care va fi urm\u0103torul punct pe ordinea de zi a lui Dumnezeu? Cum se raporteaz\u0103 leg\u0103mintele f\u0103cute cu Israel la conceptul biblic al \u00cemp\u0103r\u0103\u021biei lui Dumnezeu? La acestea \u0219i la multe alte \u00eentreb\u0103ri se vor da r\u0103spunsuri \u00een aceast\u0103 carte provocatoare. Dorin\u021ba autorului este ca Domnul s\u0103 o foloseasc\u0103 pentru a binecuv\u00e2nta Biserica, a m\u00e2ng\u00e2ia Israelul \u0219i a avertiza na\u021biunile. Cu c\u00e2t realiz\u0103m mai mult c\u0103 tr\u0103im \u00een ultimele etape ale acestei p\u0103r\u021bi a istoriei lumii, cu at\u00e2t mai ascult\u0103tori vom fi fa\u021b\u0103 de mandatul biblic de a ne preg\u0103ti pentru venirea Regelui \u0219i a \u00cemp\u0103r\u0103\u021biei Lui.<\/p>\n<p lang=\"ro-RO\">Rev. Willem J. Glashouwer este pre\u0219edinte la Christians for Israel International. Acesta de\u021bine rangul de cavaler de onoare, acordat de Beatrix, fosta regin\u0103 a Olandei \u0219i este pre\u0219edinte onorific al Coali\u021biei Europene pentru Israel. Totodat\u0103, este ordinat ca slujitor al Bisericii Olandeze Reformate din Olanda \u0219i este fost director la Evangelical Broadcasting Company din Olanda. Rev. Glashouwer a jucat un rol cheie \u00een \u00eenfiin\u021barea Institutului pentru \u00cenv\u0103\u021b\u0103m\u00e2nt Superior Evanghelic din Olanda. Pe l\u00e2ng\u0103 multe alte c\u0103r\u021bi, articole \u0219i studii biblice asupra Israelului \u0219i credin\u021bei cre\u0219tine, a publicat un comentariu asupra c\u0103r\u021bii Apocalipsa. Este c\u0103s\u0103torit cu Marianne \u0219i au 4 copii \u0219i 8 nepo\u021bi.<\/p>\n<\/p>\n<p>Num\u0103r de pagini: 212<\/p>\n","protected":false},"excerpt":{"rendered":"<p>Dorin\u021ba autorului este ca Domnul s\u0103 o foloseasc\u0103 pentru a binecuv\u00e2nta Biserica, a m\u00e2ng\u00e2ia Israelul \u0219i a avertiza na\u021biunile. Cu c\u00e2t realiz\u0103m mai mult c\u0103 tr\u0103im \u00een ultimele etape ale acestei p\u0103r\u021bi a istoriei lumii, cu at\u00e2t mai ascult\u0103tori vom fi fa\u021b\u0103 de mandatul biblic de a ne preg\u0103ti pentru venirea Regelui \u0219i a \u00cemp\u0103r\u0103\u021biei Lui.<\/p>\n","protected":false},"featured_media":6929,"template":"","meta":{"_acf_changed":false},"product_brand":[],"product_cat":[24],"product_tag":[],"class_list":{"0":"post-35359","1":"product","2":"type-product","3":"status-publish","4":"has-post-thumbnail","6":"product_cat-intelegerea-vremurilor-israel","7":"pa_autori-willem-j-j-glashouwer","8":"pa_format-carte-tiparita","9":"pa_format-carte-electronica","11":"first","12":"instock","13":"shipping-taxable","14":"purchasable","15":"product-type-variable"},"acf":[],"_links":{"self":[{"href":"https:\/\/alfaomega.tv\/librarie\/wp-json\/wp\/v2\/product\/35359","targetHints":{"allow":["GET"]}}],"collection":[{"href":"https:\/\/alfaomega.tv\/librarie\/wp-json\/wp\/v2\/product"}],"about":[{"href":"https:\/\/alfaomega.tv\/librarie\/wp-json\/wp\/v2\/types\/product"}],"wp:featuredmedia":[{"embeddable":true,"href":"https:\/\/alfaomega.tv\/librarie\/wp-json\/wp\/v2\/media\/6929"}],"wp:attachment":[{"href":"https:\/\/alfaomega.tv\/librarie\/wp-json\/wp\/v2\/media?parent=35359"}],"wp:term":[{"taxonomy":"product_brand","embeddable":true,"href":"https:\/\/alfaomega.tv\/librarie\/wp-json\/wp\/v2\/product_brand?post=35359"},{"taxonomy":"product_cat","embeddable":true,"href":"https:\/\/alfaomega.tv\/librarie\/wp-json\/wp\/v2\/product_cat?post=35359"},{"taxonomy":"product_tag","embeddable":true,"href":"https:\/\/alfaomega.tv\/librarie\/wp-json\/wp\/v2\/product_tag?post=35359"}],"curies":[{"name":"wp","href":"https:\/\/api.w.org\/{rel}","templated":true}]}}