{"id":35361,"date":"2025-08-29T12:56:09","date_gmt":"2025-08-29T12:56:09","guid":{"rendered":"https:\/\/alfaomega.tv\/librarie\/?post_type=product&#038;p=35361"},"modified":"2026-03-11T11:19:51","modified_gmt":"2026-03-11T11:19:51","slug":"creat-pentru-a-influenta","status":"publish","type":"product","link":"https:\/\/alfaomega.tv\/librarie\/produse\/crestinul-si-societatea\/creat-pentru-a-influenta\/","title":{"rendered":"Creat pentru a influen\u021ba"},"content":{"rendered":"<p>Suntem chema\u021bi la o \u00eenalt\u0103 sfer\u0103 de influen\u021b\u0103<\/p>\n<p>Ast\u0103zi, Biserica, are pozi\u021bia unic\u0103 de a influen\u021ba cultura din jurul ei. Cre\u0219tinii se \u00eendep\u0103rteaz\u0103, \u00eens\u0103, de aceast\u0103 oportunitate \u0219i responsabilitate, aleg\u00e2nd mai degrab\u0103 s\u0103 construiasc\u0103 o \u201ecultur\u0103\u201d a lor separat\u0103 \u0219i \u00een siguran\u021b\u0103. Totu\u0219i, nou\u0103 ni s-au dat uneltele necesare pentru a d\u0103r\u00e2ma \u00eent\u0103riturile din via\u021ba noastr\u0103 \u0219i a schimba cursul na\u021biunilor. \u00centr-o form\u0103 revizuit\u0103 \u0219i extins\u0103, cartea \u201eCreat pentru a influen\u021ba\u201d \u00ee\u021bi arat\u0103 cum po\u021bi face acest lucru \u2013 s\u0103 transformi cultura chiar \u00een locul unde te afli. Rug\u0103ciunea sus\u021binut\u0103 pentru extinderea \u00cemp\u0103r\u0103\u021biei poate influen\u021ba orice loc, \u00eencep\u00e2nd de la c\u0103minul t\u0103u p\u00e2n\u0103 la guverne \u0219i sisteme judiciare. Poate demonta lucr\u0103rile demonice \u0219i rupe leg\u0103turile care \u021bin \u00een captivitate vie\u021bi \u0219i na\u021biuni. Aceast\u0103 carte revolu\u021bionar\u0103 te cheam\u0103 s\u0103 ie\u0219i de pe linia de tu\u0219\u0103 \u0219i s\u0103 te pozi\u021bionezi pe r\u00e2ndurile din fa\u021b\u0103. Cartea aceasta este dedicat\u0103 credincio\u0219ilor care sunt gata s\u0103 lupte \u0219i s\u0103 ating\u0103 inima lui Dumnezeu \u00een rug\u0103ciune.<\/p>\n<p>E\u0219ti gata s\u0103 schimbi istoria?<\/p>\n<p>\u201eM\u0103 rog ca to\u021bi cei care sunt deja \u00een pozi\u021bii de influen\u021b\u0103 sau aspir\u0103 la acestea, s\u0103 citeasc\u0103 excelenta carte a lui Will.\u201d Francis Frangipane &#8211; Pastor Senior, River of Life Ministries<\/p>\n<p>\u201eCu o \u00een\u021belepciune sclipitoare, Ford dezv\u0103luie adev\u0103rata natur\u0103 a felului \u00een care influen\u021ba supranatural\u0103 e folosit\u0103. Aceast\u0103 carte e scris\u0103 cu o revela\u021bie ce m\u0103 inspir\u0103.\u201d Lou Engle &#8211; Chemarea, Justice House of Prayer (JHOP)<\/p>\n<p>\u201eCreat pentru a influen\u021ba\u201d este o carte de cotitur\u0103 ce te va marca pentru \u00eentreaga via\u021b\u0103. Dac\u0103 o pui \u00een aplicare, vei elibera succesul \u00een fiecare zon\u0103 a vie\u021bii tale.\u201d Cindy Jacobs &#8211; pre\u0219edinte \u015fi cofondator la General Interna\u0163ional<\/p>\n<p>William L. Ford al lll lea, director de departament la Institutul Christ For the Nations. C\u0103l\u0103tore\u015fte \u00een \u00eentreaga \u0163ar\u0103 vorbind despre rug\u0103ciune, unitate \u0219i trezire. Este co-autor \u00eempreun\u0103 cu Dutch Sheets a c\u0103r\u0163ii \u201eF\u0103uritori de istorie: rug\u0103ciunile voastre au puterea s\u0103 vindece trecutul \u015fi s\u0103 formeze viitorul\u201d. Will \u015fi so\u0163ia lui, Dehavilland, locuiesc \u00een Dallas, Texas.<\/p>\n<p>Nr de pagini: 247<\/p>\n","protected":false},"excerpt":{"rendered":"<p>Aceast\u0103 carte revolu\u021bionar\u0103 te cheam\u0103 s\u0103 ie\u0219i de pe linia de tu\u0219\u0103 \u0219i s\u0103 te pozi\u021bionezi pe r\u00e2ndurile din fa\u021b\u0103. Cartea aceasta este dedicat\u0103 credincio\u0219ilor care sunt gata s\u0103 lupte \u0219i s\u0103 ating\u0103 inima lui Dumnezeu \u00een rug\u0103ciune.<\/p>\n","protected":false},"featured_media":6933,"template":"","meta":{"_acf_changed":false},"product_brand":[],"product_cat":[30],"product_tag":[],"class_list":{"0":"post-35361","1":"product","2":"type-product","3":"status-publish","4":"has-post-thumbnail","6":"product_cat-crestinul-si-societatea","7":"pa_autori-william-l-ford-iii","8":"pa_format-carte-tiparita","9":"pa_format-carte-electronica","11":"first","12":"instock","13":"shipping-taxable","14":"purchasable","15":"product-type-variable"},"acf":[],"_links":{"self":[{"href":"https:\/\/alfaomega.tv\/librarie\/wp-json\/wp\/v2\/product\/35361","targetHints":{"allow":["GET"]}}],"collection":[{"href":"https:\/\/alfaomega.tv\/librarie\/wp-json\/wp\/v2\/product"}],"about":[{"href":"https:\/\/alfaomega.tv\/librarie\/wp-json\/wp\/v2\/types\/product"}],"wp:featuredmedia":[{"embeddable":true,"href":"https:\/\/alfaomega.tv\/librarie\/wp-json\/wp\/v2\/media\/6933"}],"wp:attachment":[{"href":"https:\/\/alfaomega.tv\/librarie\/wp-json\/wp\/v2\/media?parent=35361"}],"wp:term":[{"taxonomy":"product_brand","embeddable":true,"href":"https:\/\/alfaomega.tv\/librarie\/wp-json\/wp\/v2\/product_brand?post=35361"},{"taxonomy":"product_cat","embeddable":true,"href":"https:\/\/alfaomega.tv\/librarie\/wp-json\/wp\/v2\/product_cat?post=35361"},{"taxonomy":"product_tag","embeddable":true,"href":"https:\/\/alfaomega.tv\/librarie\/wp-json\/wp\/v2\/product_tag?post=35361"}],"curies":[{"name":"wp","href":"https:\/\/api.w.org\/{rel}","templated":true}]}}