{"id":35363,"date":"2025-08-29T12:56:09","date_gmt":"2025-08-29T12:56:09","guid":{"rendered":"https:\/\/alfaomega.tv\/librarie\/?post_type=product&#038;p=35363"},"modified":"2025-10-30T12:58:09","modified_gmt":"2025-10-30T12:58:09","slug":"tu-esti-doamne","status":"publish","type":"product","link":"https:\/\/alfaomega.tv\/librarie\/produse\/identitate-crestere-spirituala-revelatie\/tu-esti-doamne\/","title":{"rendered":"Tu e\u0219ti, Doamne?"},"content":{"rendered":"<p>Pot auzi vocea lui Dumnezeu?<\/p>\n<p>Te-ai sim\u021bit vreodat\u0103 ca \u0219i cum, indiferent ce faci, Dumnezeu pare s\u0103 nu-\u021bi vorbeasc\u0103? Nu e\u0219ti singura persoan\u0103 care simte acest lucru. Al\u0103tur\u0103-te lui Cindy Jacobs, care are experien\u021b\u0103 \u00een domeniul \u00eenv\u0103\u021b\u0103turii profetice, \u0219i ea te va conduce pas cu pas \u00een abordarea biblic\u0103 a modului \u00een care \u00cel po\u021bi auzi pe Dumnezeu la un nivel mai profund \u0219i personal.<\/p>\n<p>\u201ePentru ce aceast\u0103 carte\u201d, \u00eentreab\u0103 Cindy. \u201eEu, una, cred c\u0103 unele resurse cu privire la profe\u021bie sunt \u00eentr-o oarecare m\u0103sur\u0103 mistice \u0219i greu de \u00een\u021beles, sau presupun un anumit nivel de cuno\u0219tin\u021be biblice din partea cititorului sau ascult\u0103torului. Scopul mesajului meu simplu \u0219i scurt transmis prin aceast\u0103 carte este de a demistifica vocea lui Dumnezeu \u0219i de a \u00eemp\u0103rt\u0103\u0219i cu voi, \u00eentr-un mod clar \u0219i u\u0219or de \u00een\u021beles, cum pute\u021bi auzi vocea Lui \u00een mod mai eficace \u0219i p\u0103trunz\u0103tor.<\/p>\n<p>\u201eCindy Jacobs reprezint\u0103 vocea profetic\u0103 plin\u0103 de experien\u021b\u0103 pentru Trupul lui Hristos de pretutindeni. \u00cen aceast\u0103 carte, Tu e\u0219ti, Doamne?, Cindy se folose\u0219te de experien\u021bele din via\u021ba ei pentru a crea un ghid scurt pentru cei care vor s\u0103 aud\u0103 mai clar vocea lui Dumnezeu.\u201d Bill Johnson Biserica Bethel, Redding, CA, autorul c\u0103r\u021bii C\u00e2nd Cerul invadeaz\u0103 p\u0103m\u00e2ntul<\/p>\n<p>\u201eEa prezint\u0103 o perspectiv\u0103 biblic\u0103 simpl\u0103 cu privire la profe\u021bie \u0219i la aplica\u021biile ei practice \u00een via\u021ba credinciosului. Recomand cu drag\u0103 inim\u0103 aceast\u0103 carte tuturor celor care doresc s\u0103 aud\u0103 mai clar \u0219i mai profund vocea lui Dumnezeu.\u201d Dr. Che Ahn Pre\u0219edinte al Harvest International Ministry<\/p>\n<p>Cindy Jacobs este autoare, vorbitoare \u0219i \u00eenv\u0103\u021b\u0103toare \u00een domeniul rug\u0103ciunii \u0219i al darurilor profetice, cu inim\u0103 pentru ucenicizarea na\u021biunilor. Este autoare a \u0219apte c\u0103r\u021bi, incluz\u00e2nd c\u0103r\u021bile de mare succes, St\u0103p\u00e2nind por\u021bile vr\u0103jma\u0219ului, Vocea lui Dumnezeu \u0219i Femei ale destinului.<\/p>\n<p>&nbsp;<\/p>\n","protected":false},"excerpt":{"rendered":"<p>Al\u0103tur\u0103-te lui Cindy Jacobs, care are experien\u021b\u0103 \u00een domeniul \u00eenv\u0103\u021b\u0103turii profetice, \u0219i ea te va conduce pas cu pas \u00een abordarea biblic\u0103 a modului \u00een care \u00cel po\u021bi auzi pe Dumnezeu la un nivel mai profund \u0219i personal.<\/p>\n","protected":false},"featured_media":6935,"template":"","meta":{"_acf_changed":false},"product_brand":[],"product_cat":[21],"product_tag":[],"class_list":{"0":"post-35363","1":"product","2":"type-product","3":"status-publish","4":"has-post-thumbnail","6":"product_cat-identitate-crestere-spirituala-revelatie","7":"pa_autori-cindy-jacobs","8":"pa_format-carte-tiparita","9":"pa_format-carte-electronica","11":"first","12":"instock","13":"shipping-taxable","14":"purchasable","15":"product-type-variable"},"acf":[],"_links":{"self":[{"href":"https:\/\/alfaomega.tv\/librarie\/wp-json\/wp\/v2\/product\/35363","targetHints":{"allow":["GET"]}}],"collection":[{"href":"https:\/\/alfaomega.tv\/librarie\/wp-json\/wp\/v2\/product"}],"about":[{"href":"https:\/\/alfaomega.tv\/librarie\/wp-json\/wp\/v2\/types\/product"}],"wp:featuredmedia":[{"embeddable":true,"href":"https:\/\/alfaomega.tv\/librarie\/wp-json\/wp\/v2\/media\/6935"}],"wp:attachment":[{"href":"https:\/\/alfaomega.tv\/librarie\/wp-json\/wp\/v2\/media?parent=35363"}],"wp:term":[{"taxonomy":"product_brand","embeddable":true,"href":"https:\/\/alfaomega.tv\/librarie\/wp-json\/wp\/v2\/product_brand?post=35363"},{"taxonomy":"product_cat","embeddable":true,"href":"https:\/\/alfaomega.tv\/librarie\/wp-json\/wp\/v2\/product_cat?post=35363"},{"taxonomy":"product_tag","embeddable":true,"href":"https:\/\/alfaomega.tv\/librarie\/wp-json\/wp\/v2\/product_tag?post=35363"}],"curies":[{"name":"wp","href":"https:\/\/api.w.org\/{rel}","templated":true}]}}